{"id":3410,"date":"2022-07-25T11:29:50","date_gmt":"2022-07-25T15:29:50","guid":{"rendered":"http:\/\/web.uptos.edu.ve\/?page_id=3410"},"modified":"2023-06-26T10:59:25","modified_gmt":"2023-06-26T14:59:25","slug":"soiutc","status":"publish","type":"page","link":"https:\/\/www.uptos.edu.ve\/?page_id=3410","title":{"rendered":"SOIUTC"},"content":{"rendered":"<div class=\"wp-block-image\">\n<figure class=\"aligncenter\"><a href=\"https:\/\/www.uptos.edu.ve\/sites\/all\/themes\/industry\/images\/SOIUTC.gif\" target=\"_blank\" rel=\"noreferrer noopener\"><img decoding=\"async\" src=\"https:\/\/www.uptos.edu.ve\/sites\/all\/themes\/industry\/images\/SOIUTC.gif\" alt=\"SOIUTC.gif\" title=\"SOIUTC.gif\"\/><\/a><\/figure>\n<\/div>\n\n\n<h5 class=\"wp-block-heading has-text-align-center has-black-color has-text-color\"><strong>SINDICATO DE OBREROS DEL INSTITUTO UNIVERSITARIO DE TECNOLOG\u00cdA DE CUMAN<\/strong>\u00c1<\/h5>\n\n\n\n<h5 class=\"wp-block-heading has-text-align-center has-black-color has-text-color\"><strong>\u00abSOIUTC\u00bb<\/strong><\/h5>\n\n\n\n<h5><font color=\"#98000\"><strong>Misi\u00f3n y V<\/strong><strong>isi\u00f3n<\/strong>:<\/font><\/h5>\n\n\n\n<p align=\"justify\"><font color=\"#000000\"><font size=\"3\">El sindicato tiene como objeto el estudio, defensa, desarrollo y protecci\u00f3n de los intereses profesionales o generales de los trabajadores y de la producci\u00f3n y el mejoramiento social, econ\u00f3mico y moral y la defensa de los derechos individuales de sus asociados, as\u00ed como promover las convenciones colectivas y vigilar el cumplimiento de las normas destinadas a proteger a los trabajadores. Especialmente las de previsi\u00f3n, higiene y seguridad social, condiciones y medio ambiente de trabajo, construcciones de viviendas a los trabajadores, creaci\u00f3n y mantenimiento de servicios libres, en general las que se\u00f1alen sus estatutos o resuelvan\u00a0sus asociados, para el mejor logro de sus fines.<\/font><br \/><br \/><font color=\"#000000\"><strong>Fecha de fundaci\u00f3n\u00a0 6 de junio de 1988<\/strong><\/font><\/font><\/p>\n","protected":false},"excerpt":{"rendered":"<p>SINDICATO DE OBREROS DEL INSTITUTO UNIVERSITARIO DE TECNOLOG\u00cdA DE CUMAN\u00c1 \u00abSOIUTC\u00bb Misi\u00f3n y Visi\u00f3n: El sindicato tiene como objeto el estudio, defensa, desarrollo y protecci\u00f3n de los intereses profesionales o&hellip;<\/p>\n","protected":false},"author":4,"featured_media":0,"parent":2647,"menu_order":0,"comment_status":"closed","ping_status":"closed","template":"","meta":{"_monsterinsights_skip_tracking":false,"_monsterinsights_sitenote_active":false,"_monsterinsights_sitenote_note":"","_monsterinsights_sitenote_category":0,"footnotes":""},"class_list":["post-3410","page","type-page","status-publish","hentry"],"yoast_head":"<!-- This site is optimized with the Yoast SEO plugin v27.4 - https:\/\/yoast.com\/product\/yoast-seo-wordpress\/ -->\n<title>SOIUTC - UPTOS Clodosbaldo Russi\u00e1n<\/title>\n<meta name=\"robots\" content=\"index, follow, max-snippet:-1, max-image-preview:large, max-video-preview:-1\" \/>\n<link rel=\"canonical\" href=\"https:\/\/www.uptos.edu.ve\/?page_id=3410\" \/>\n<meta property=\"og:locale\" content=\"es_ES\" \/>\n<meta property=\"og:type\" content=\"article\" \/>\n<meta property=\"og:title\" content=\"SOIUTC - UPTOS Clodosbaldo Russi\u00e1n\" \/>\n<meta property=\"og:description\" content=\"SINDICATO DE OBREROS DEL INSTITUTO UNIVERSITARIO DE TECNOLOG\u00cdA DE CUMAN\u00c1 \u00abSOIUTC\u00bb Misi\u00f3n y Visi\u00f3n: El sindicato tiene como objeto el estudio, defensa, desarrollo y protecci\u00f3n de los intereses profesionales o&hellip;\" \/>\n<meta property=\"og:url\" content=\"https:\/\/www.uptos.edu.ve\/?page_id=3410\" \/>\n<meta property=\"og:site_name\" content=\"UPTOS Clodosbaldo Russi\u00e1n\" \/>\n<meta property=\"article:publisher\" content=\"https:\/\/www.facebook.com\/people\/UPTOS-Clodosbaldo-Russin\/100070891114831\/\" \/>\n<meta property=\"article:modified_time\" content=\"2023-06-26T14:59:25+00:00\" \/>\n<meta property=\"og:image\" content=\"https:\/\/www.uptos.edu.ve\/sites\/all\/themes\/industry\/images\/SOIUTC.gif\" \/>\n<meta name=\"twitter:card\" content=\"summary_large_image\" \/>\n<meta name=\"twitter:label1\" content=\"Tiempo estimado de lectura\" \/>\n\t<meta name=\"twitter:data1\" content=\"1 minuto\" \/>\n<script type=\"application\/ld+json\" class=\"yoast-schema-graph\">{\"@context\":\"https:\\\/\\\/schema.org\",\"@graph\":[{\"@type\":\"WebPage\",\"@id\":\"https:\\\/\\\/www.uptos.edu.ve\\\/?page_id=3410\",\"url\":\"https:\\\/\\\/www.uptos.edu.ve\\\/?page_id=3410\",\"name\":\"SOIUTC - UPTOS Clodosbaldo Russi\u00e1n\",\"isPartOf\":{\"@id\":\"\\\/#website\"},\"primaryImageOfPage\":{\"@id\":\"https:\\\/\\\/www.uptos.edu.ve\\\/?page_id=3410#primaryimage\"},\"image\":{\"@id\":\"https:\\\/\\\/www.uptos.edu.ve\\\/?page_id=3410#primaryimage\"},\"thumbnailUrl\":\"https:\\\/\\\/www.uptos.edu.ve\\\/sites\\\/all\\\/themes\\\/industry\\\/images\\\/SOIUTC.gif\",\"datePublished\":\"2022-07-25T15:29:50+00:00\",\"dateModified\":\"2023-06-26T14:59:25+00:00\",\"breadcrumb\":{\"@id\":\"https:\\\/\\\/www.uptos.edu.ve\\\/?page_id=3410#breadcrumb\"},\"inLanguage\":\"es\",\"potentialAction\":[{\"@type\":\"ReadAction\",\"target\":[\"https:\\\/\\\/www.uptos.edu.ve\\\/?page_id=3410\"]}]},{\"@type\":\"ImageObject\",\"inLanguage\":\"es\",\"@id\":\"https:\\\/\\\/www.uptos.edu.ve\\\/?page_id=3410#primaryimage\",\"url\":\"https:\\\/\\\/www.uptos.edu.ve\\\/sites\\\/all\\\/themes\\\/industry\\\/images\\\/SOIUTC.gif\",\"contentUrl\":\"https:\\\/\\\/www.uptos.edu.ve\\\/sites\\\/all\\\/themes\\\/industry\\\/images\\\/SOIUTC.gif\"},{\"@type\":\"BreadcrumbList\",\"@id\":\"https:\\\/\\\/www.uptos.edu.ve\\\/?page_id=3410#breadcrumb\",\"itemListElement\":[{\"@type\":\"ListItem\",\"position\":1,\"name\":\"Home\",\"item\":\"https:\\\/\\\/www.uptos.edu.ve\\\/\"},{\"@type\":\"ListItem\",\"position\":2,\"name\":\"GREMIOS\",\"item\":\"https:\\\/\\\/www.uptos.edu.ve\\\/?page_id=2677\"},{\"@type\":\"ListItem\",\"position\":3,\"name\":\"Gremios Sindicales\",\"item\":\"https:\\\/\\\/www.uptos.edu.ve\\\/?page_id=2647\"},{\"@type\":\"ListItem\",\"position\":4,\"name\":\"SOIUTC\"}]},{\"@type\":\"WebSite\",\"@id\":\"\\\/#website\",\"url\":\"\\\/\",\"name\":\"UPTOS Clodosbaldo Russi\u00e1n\",\"description\":\"Universidad Polit\u00e9cnica del Oeste de Sucre\",\"publisher\":{\"@id\":\"\\\/#organization\"},\"potentialAction\":[{\"@type\":\"SearchAction\",\"target\":{\"@type\":\"EntryPoint\",\"urlTemplate\":\"\\\/?s={search_term_string}\"},\"query-input\":{\"@type\":\"PropertyValueSpecification\",\"valueRequired\":true,\"valueName\":\"search_term_string\"}}],\"inLanguage\":\"es\"},{\"@type\":\"Organization\",\"@id\":\"\\\/#organization\",\"name\":\"UPTOS Clodosbaldo Russi\u00e1n\",\"url\":\"\\\/\",\"logo\":{\"@type\":\"ImageObject\",\"inLanguage\":\"es\",\"@id\":\"\\\/#\\\/schema\\\/logo\\\/image\\\/\",\"url\":\"https:\\\/\\\/www.uptos.edu.ve\\\/wp-content\\\/uploads\\\/2026\\\/02\\\/cropped-cropped-WhatsApp-Image-2026-02-11-at-10.17.38-PM-1.jpeg\",\"contentUrl\":\"https:\\\/\\\/www.uptos.edu.ve\\\/wp-content\\\/uploads\\\/2026\\\/02\\\/cropped-cropped-WhatsApp-Image-2026-02-11-at-10.17.38-PM-1.jpeg\",\"width\":1080,\"height\":73,\"caption\":\"UPTOS Clodosbaldo Russi\u00e1n\"},\"image\":{\"@id\":\"\\\/#\\\/schema\\\/logo\\\/image\\\/\"},\"sameAs\":[\"https:\\\/\\\/www.facebook.com\\\/people\\\/UPTOS-Clodosbaldo-Russin\\\/100070891114831\\\/\",\"http:\\\/\\\/instagram.com\\\/uptoscr_oficial\"]}]}<\/script>\n<!-- \/ Yoast SEO plugin. -->","yoast_head_json":{"title":"SOIUTC - UPTOS Clodosbaldo Russi\u00e1n","robots":{"index":"index","follow":"follow","max-snippet":"max-snippet:-1","max-image-preview":"max-image-preview:large","max-video-preview":"max-video-preview:-1"},"canonical":"https:\/\/www.uptos.edu.ve\/?page_id=3410","og_locale":"es_ES","og_type":"article","og_title":"SOIUTC - UPTOS Clodosbaldo Russi\u00e1n","og_description":"SINDICATO DE OBREROS DEL INSTITUTO UNIVERSITARIO DE TECNOLOG\u00cdA DE CUMAN\u00c1 \u00abSOIUTC\u00bb Misi\u00f3n y Visi\u00f3n: El sindicato tiene como objeto el estudio, defensa, desarrollo y protecci\u00f3n de los intereses profesionales o&hellip;","og_url":"https:\/\/www.uptos.edu.ve\/?page_id=3410","og_site_name":"UPTOS Clodosbaldo Russi\u00e1n","article_publisher":"https:\/\/www.facebook.com\/people\/UPTOS-Clodosbaldo-Russin\/100070891114831\/","article_modified_time":"2023-06-26T14:59:25+00:00","og_image":[{"url":"https:\/\/www.uptos.edu.ve\/sites\/all\/themes\/industry\/images\/SOIUTC.gif","type":"","width":"","height":""}],"twitter_card":"summary_large_image","twitter_misc":{"Tiempo estimado de lectura":"1 minuto"},"schema":{"@context":"https:\/\/schema.org","@graph":[{"@type":"WebPage","@id":"https:\/\/www.uptos.edu.ve\/?page_id=3410","url":"https:\/\/www.uptos.edu.ve\/?page_id=3410","name":"SOIUTC - UPTOS Clodosbaldo Russi\u00e1n","isPartOf":{"@id":"\/#website"},"primaryImageOfPage":{"@id":"https:\/\/www.uptos.edu.ve\/?page_id=3410#primaryimage"},"image":{"@id":"https:\/\/www.uptos.edu.ve\/?page_id=3410#primaryimage"},"thumbnailUrl":"https:\/\/www.uptos.edu.ve\/sites\/all\/themes\/industry\/images\/SOIUTC.gif","datePublished":"2022-07-25T15:29:50+00:00","dateModified":"2023-06-26T14:59:25+00:00","breadcrumb":{"@id":"https:\/\/www.uptos.edu.ve\/?page_id=3410#breadcrumb"},"inLanguage":"es","potentialAction":[{"@type":"ReadAction","target":["https:\/\/www.uptos.edu.ve\/?page_id=3410"]}]},{"@type":"ImageObject","inLanguage":"es","@id":"https:\/\/www.uptos.edu.ve\/?page_id=3410#primaryimage","url":"https:\/\/www.uptos.edu.ve\/sites\/all\/themes\/industry\/images\/SOIUTC.gif","contentUrl":"https:\/\/www.uptos.edu.ve\/sites\/all\/themes\/industry\/images\/SOIUTC.gif"},{"@type":"BreadcrumbList","@id":"https:\/\/www.uptos.edu.ve\/?page_id=3410#breadcrumb","itemListElement":[{"@type":"ListItem","position":1,"name":"Home","item":"https:\/\/www.uptos.edu.ve\/"},{"@type":"ListItem","position":2,"name":"GREMIOS","item":"https:\/\/www.uptos.edu.ve\/?page_id=2677"},{"@type":"ListItem","position":3,"name":"Gremios Sindicales","item":"https:\/\/www.uptos.edu.ve\/?page_id=2647"},{"@type":"ListItem","position":4,"name":"SOIUTC"}]},{"@type":"WebSite","@id":"\/#website","url":"\/","name":"UPTOS Clodosbaldo Russi\u00e1n","description":"Universidad Polit\u00e9cnica del Oeste de Sucre","publisher":{"@id":"\/#organization"},"potentialAction":[{"@type":"SearchAction","target":{"@type":"EntryPoint","urlTemplate":"\/?s={search_term_string}"},"query-input":{"@type":"PropertyValueSpecification","valueRequired":true,"valueName":"search_term_string"}}],"inLanguage":"es"},{"@type":"Organization","@id":"\/#organization","name":"UPTOS Clodosbaldo Russi\u00e1n","url":"\/","logo":{"@type":"ImageObject","inLanguage":"es","@id":"\/#\/schema\/logo\/image\/","url":"https:\/\/www.uptos.edu.ve\/wp-content\/uploads\/2026\/02\/cropped-cropped-WhatsApp-Image-2026-02-11-at-10.17.38-PM-1.jpeg","contentUrl":"https:\/\/www.uptos.edu.ve\/wp-content\/uploads\/2026\/02\/cropped-cropped-WhatsApp-Image-2026-02-11-at-10.17.38-PM-1.jpeg","width":1080,"height":73,"caption":"UPTOS Clodosbaldo Russi\u00e1n"},"image":{"@id":"\/#\/schema\/logo\/image\/"},"sameAs":["https:\/\/www.facebook.com\/people\/UPTOS-Clodosbaldo-Russin\/100070891114831\/","http:\/\/instagram.com\/uptoscr_oficial"]}]}},"_links":{"self":[{"href":"https:\/\/www.uptos.edu.ve\/index.php?rest_route=\/wp\/v2\/pages\/3410","targetHints":{"allow":["GET"]}}],"collection":[{"href":"https:\/\/www.uptos.edu.ve\/index.php?rest_route=\/wp\/v2\/pages"}],"about":[{"href":"https:\/\/www.uptos.edu.ve\/index.php?rest_route=\/wp\/v2\/types\/page"}],"author":[{"embeddable":true,"href":"https:\/\/www.uptos.edu.ve\/index.php?rest_route=\/wp\/v2\/users\/4"}],"replies":[{"embeddable":true,"href":"https:\/\/www.uptos.edu.ve\/index.php?rest_route=%2Fwp%2Fv2%2Fcomments&post=3410"}],"version-history":[{"count":2,"href":"https:\/\/www.uptos.edu.ve\/index.php?rest_route=\/wp\/v2\/pages\/3410\/revisions"}],"predecessor-version":[{"id":11054,"href":"https:\/\/www.uptos.edu.ve\/index.php?rest_route=\/wp\/v2\/pages\/3410\/revisions\/11054"}],"up":[{"embeddable":true,"href":"https:\/\/www.uptos.edu.ve\/index.php?rest_route=\/wp\/v2\/pages\/2647"}],"wp:attachment":[{"href":"https:\/\/www.uptos.edu.ve\/index.php?rest_route=%2Fwp%2Fv2%2Fmedia&parent=3410"}],"curies":[{"name":"wp","href":"https:\/\/api.w.org\/{rel}","templated":true}]}}