{"id":2792,"date":"2021-07-08T19:14:55","date_gmt":"2021-07-08T23:14:55","guid":{"rendered":"http:\/\/web.uptos.edu.ve\/thank-you-for-purchase\/"},"modified":"2023-06-26T10:09:29","modified_gmt":"2023-06-26T14:09:29","slug":"cajas-de-ahorros","status":"publish","type":"page","link":"https:\/\/www.uptos.edu.ve\/?page_id=2792","title":{"rendered":"Cajas de Ahorros"},"content":{"rendered":"\n\n\n<h4 class=\"wp-block-heading has-text-align-center has-text-color\" style=\"color:#980000\"><meta http-equiv=\"content-type\" content=\"text\/html; charset=utf-8\">CAPPDIUT<\/h4>\n\n\n\n<p align=\"justify\"><font color=\"#000000\"><font size=\"3\">Es una asociaci\u00f3n civil sin fines de lucro, con personalidad jur\u00eddica propia, creada y dirigida por sus asociados, destinada a fomentar el ahorro, recibiendo, administrando e invirtiendo los aportes acordados.<\/font><\/font><\/p>\n<p><b><font color=\"#000000\">Constituida el 4 de mayo de 1984<\/font><\/b><\/p>\n<h5><font color=\"#980000\"><strong>Misi\u00f3n<\/strong><\/font><\/h5>\n<p class=\"rtejustify\" align=\"justify\"><font color=\"#000000\"><font size=\"3\">Estimular y fomentar el ahorro sistem\u00e1tico entre los asociados, velar por sus intereses mediante todos los medios que est\u00e9n a su alcance, en las condiciones determinadas por la Ley de Caja de Ahorros, fondos de ahorro y asociaciones de ahorro similares, los estatutos y los acuerdos aprobados en asamblea de socios. Propiciar entre los asociados la ayuda mutua, solidaridad social cooperaci\u00f3n para brindar beneficios que redundar\u00eda\u00a0en mejorar la calidad de vida del asociado y su entorno familiar.<\/font><\/font><\/p>\n<h5 class=\"rtejustify\"><font color=\"#980000\"><strong>Visi\u00f3n<\/strong><\/font><\/h5>\n<p class=\"rtejustify\" align=\"justify\"><font color=\"#000000\"><font size=\"3\">Ser una organizaci\u00f3n solidaria y eficiente en la prestaci\u00f3n de servicios a sus asociados en forma oportuna y efectiva; a trav\u00e9s de una atenci\u00f3n personalizada, dando respuesta a las solicitudes en forma equitativa, mediante una gerencia apegada a las normas vigente basada en los principios de honestidad, el respeto, solidaridad y cooperaci\u00f3n, siempre en la b\u00fasqueda del m\u00e1ximo beneficio para los asociados. Capaz de movilizar los ahorros para ser canalizados hacia\u00a0proyectos de inversi\u00f3n rentables, teniendo como objetivos fundamentales, impulsar el desarrollo econ\u00f3mico y financiero en su \u00e1mbito de actuaci\u00f3n, retornando los beneficios obtenidos a sus asociados.<\/font><\/font><\/p>\n<p>\u00a0<\/p>\n\n\n\n<h4 class=\"wp-block-heading has-text-align-center has-text-color\" style=\"color:#980000\">CAPPDIUT<\/h4>\n\n\n\n<h5 class=\"wp-block-heading has-text-color\" style=\"color:#980000\">CAPPDIUT-CUM:<\/h5>\n\n\n\n<p align=\"justify\"><font color=\"#000000\"><font size=\"3\">Caja de Ahorro y Previsi\u00f3n Social del Personal Docente del Instituto Universitario de Tecnolog\u00eda Cuman\u00e1, Cuman\u00e1, Estado Sucre.<\/font><\/font><\/p>\n\n\n\n<p><\/p>\n\n\n\n<h4 class=\"wp-block-heading has-text-align-center has-text-color\" style=\"color:#980000\">CAPOIUT<\/h4>\n\n\n\n<h5 class=\"wp-block-heading has-text-align-center has-black-color has-text-color\"><strong>Caja de Ahorros del Personal Obrero Del<\/strong> <meta http-equiv=\"content-type\" content=\"text\/html; charset=utf-8\"><strong>Instituto Universitario Tecnol\u00f3gico de Cuman\u00e1<\/strong><\/h5>\n\n\n\n<h5 class=\"wp-block-heading has-text-align-left has-text-color\" style=\"color:#980000\"><strong>MISI\u00d3N Y VISI\u00d3N<\/strong><\/h5>\n\n\n\n<p align=\"justify\"><font color=\"#000000\"><font size=\"3\">Asociaci\u00f3n civil sin fines de lucro, con personalidad jur\u00eddica propia, creada y dirigida por sus asociados que fundamenta su organizaci\u00f3n y funcionamiento en los principios y condiciones establecidos en el Art. 4 de la ley de cajas de ahorros, fondos de ahorro y asociaciones de ahorros similares, y tiene como objetivos\u00a0establecer y fomentar el ahorro sistem\u00e1tico y estimular la formaci\u00f3n de h\u00e1bitos de econom\u00eda y previsi\u00f3n social entre sus asociados, estimular la adquisici\u00f3n de viviendas y procurar para sus asociados la adquisici\u00f3n de beneficios socios-econ\u00f3micos tales como: pr\u00e9stamos\u00a0para adquisici\u00f3n de bienes muebles e inmuebles y servicios, entre otros.<\/font><\/font><\/p>\n\n\n\n<p class=\"has-black-color has-text-color\"><strong>FECHA DE FUNDACI\u00d3N 18-04-89<\/strong><\/p>\n","protected":false},"excerpt":{"rendered":"<p>CAPPDIUT Es una asociaci\u00f3n civil sin fines de lucro, con personalidad jur\u00eddica propia, creada y dirigida por sus asociados, destinada a fomentar el ahorro, recibiendo, administrando e invirtiendo los aportes&hellip;<\/p>\n","protected":false},"author":1,"featured_media":0,"parent":2677,"menu_order":0,"comment_status":"closed","ping_status":"closed","template":"","meta":{"_monsterinsights_skip_tracking":false,"_monsterinsights_sitenote_active":false,"_monsterinsights_sitenote_note":"","_monsterinsights_sitenote_category":0,"footnotes":""},"class_list":["post-2792","page","type-page","status-publish","hentry"],"yoast_head":"<!-- This site is optimized with the Yoast SEO plugin v27.4 - https:\/\/yoast.com\/product\/yoast-seo-wordpress\/ -->\n<title>Cajas de Ahorros - UPTOS Clodosbaldo Russi\u00e1n<\/title>\n<meta name=\"robots\" content=\"index, follow, max-snippet:-1, max-image-preview:large, max-video-preview:-1\" \/>\n<link rel=\"canonical\" href=\"https:\/\/www.uptos.edu.ve\/?page_id=2792\" \/>\n<meta property=\"og:locale\" content=\"es_ES\" \/>\n<meta property=\"og:type\" content=\"article\" \/>\n<meta property=\"og:title\" content=\"Cajas de Ahorros - UPTOS Clodosbaldo Russi\u00e1n\" \/>\n<meta property=\"og:description\" content=\"CAPPDIUT Es una asociaci\u00f3n civil sin fines de lucro, con personalidad jur\u00eddica propia, creada y dirigida por sus asociados, destinada a fomentar el ahorro, recibiendo, administrando e invirtiendo los aportes&hellip;\" \/>\n<meta property=\"og:url\" content=\"https:\/\/www.uptos.edu.ve\/?page_id=2792\" \/>\n<meta property=\"og:site_name\" content=\"UPTOS Clodosbaldo Russi\u00e1n\" \/>\n<meta property=\"article:publisher\" content=\"https:\/\/www.facebook.com\/people\/UPTOS-Clodosbaldo-Russin\/100070891114831\/\" \/>\n<meta property=\"article:modified_time\" content=\"2023-06-26T14:09:29+00:00\" \/>\n<meta name=\"twitter:card\" content=\"summary_large_image\" \/>\n<meta name=\"twitter:label1\" content=\"Tiempo estimado de lectura\" \/>\n\t<meta name=\"twitter:data1\" content=\"2 minutos\" \/>\n<script type=\"application\/ld+json\" class=\"yoast-schema-graph\">{\"@context\":\"https:\\\/\\\/schema.org\",\"@graph\":[{\"@type\":\"WebPage\",\"@id\":\"https:\\\/\\\/www.uptos.edu.ve\\\/?page_id=2792\",\"url\":\"https:\\\/\\\/www.uptos.edu.ve\\\/?page_id=2792\",\"name\":\"Cajas de Ahorros - UPTOS Clodosbaldo Russi\u00e1n\",\"isPartOf\":{\"@id\":\"\\\/#website\"},\"datePublished\":\"2021-07-08T23:14:55+00:00\",\"dateModified\":\"2023-06-26T14:09:29+00:00\",\"breadcrumb\":{\"@id\":\"https:\\\/\\\/www.uptos.edu.ve\\\/?page_id=2792#breadcrumb\"},\"inLanguage\":\"es\",\"potentialAction\":[{\"@type\":\"ReadAction\",\"target\":[\"https:\\\/\\\/www.uptos.edu.ve\\\/?page_id=2792\"]}]},{\"@type\":\"BreadcrumbList\",\"@id\":\"https:\\\/\\\/www.uptos.edu.ve\\\/?page_id=2792#breadcrumb\",\"itemListElement\":[{\"@type\":\"ListItem\",\"position\":1,\"name\":\"Home\",\"item\":\"https:\\\/\\\/www.uptos.edu.ve\\\/\"},{\"@type\":\"ListItem\",\"position\":2,\"name\":\"GREMIOS\",\"item\":\"https:\\\/\\\/www.uptos.edu.ve\\\/?page_id=2677\"},{\"@type\":\"ListItem\",\"position\":3,\"name\":\"Cajas de Ahorros\"}]},{\"@type\":\"WebSite\",\"@id\":\"\\\/#website\",\"url\":\"\\\/\",\"name\":\"UPTOS Clodosbaldo Russi\u00e1n\",\"description\":\"Universidad Polit\u00e9cnica del Oeste de Sucre\",\"publisher\":{\"@id\":\"\\\/#organization\"},\"potentialAction\":[{\"@type\":\"SearchAction\",\"target\":{\"@type\":\"EntryPoint\",\"urlTemplate\":\"\\\/?s={search_term_string}\"},\"query-input\":{\"@type\":\"PropertyValueSpecification\",\"valueRequired\":true,\"valueName\":\"search_term_string\"}}],\"inLanguage\":\"es\"},{\"@type\":\"Organization\",\"@id\":\"\\\/#organization\",\"name\":\"UPTOS Clodosbaldo Russi\u00e1n\",\"url\":\"\\\/\",\"logo\":{\"@type\":\"ImageObject\",\"inLanguage\":\"es\",\"@id\":\"\\\/#\\\/schema\\\/logo\\\/image\\\/\",\"url\":\"https:\\\/\\\/www.uptos.edu.ve\\\/wp-content\\\/uploads\\\/2026\\\/02\\\/cropped-cropped-WhatsApp-Image-2026-02-11-at-10.17.38-PM-1.jpeg\",\"contentUrl\":\"https:\\\/\\\/www.uptos.edu.ve\\\/wp-content\\\/uploads\\\/2026\\\/02\\\/cropped-cropped-WhatsApp-Image-2026-02-11-at-10.17.38-PM-1.jpeg\",\"width\":1080,\"height\":73,\"caption\":\"UPTOS Clodosbaldo Russi\u00e1n\"},\"image\":{\"@id\":\"\\\/#\\\/schema\\\/logo\\\/image\\\/\"},\"sameAs\":[\"https:\\\/\\\/www.facebook.com\\\/people\\\/UPTOS-Clodosbaldo-Russin\\\/100070891114831\\\/\",\"http:\\\/\\\/instagram.com\\\/uptoscr_oficial\"]}]}<\/script>\n<!-- \/ Yoast SEO plugin. -->","yoast_head_json":{"title":"Cajas de Ahorros - UPTOS Clodosbaldo Russi\u00e1n","robots":{"index":"index","follow":"follow","max-snippet":"max-snippet:-1","max-image-preview":"max-image-preview:large","max-video-preview":"max-video-preview:-1"},"canonical":"https:\/\/www.uptos.edu.ve\/?page_id=2792","og_locale":"es_ES","og_type":"article","og_title":"Cajas de Ahorros - UPTOS Clodosbaldo Russi\u00e1n","og_description":"CAPPDIUT Es una asociaci\u00f3n civil sin fines de lucro, con personalidad jur\u00eddica propia, creada y dirigida por sus asociados, destinada a fomentar el ahorro, recibiendo, administrando e invirtiendo los aportes&hellip;","og_url":"https:\/\/www.uptos.edu.ve\/?page_id=2792","og_site_name":"UPTOS Clodosbaldo Russi\u00e1n","article_publisher":"https:\/\/www.facebook.com\/people\/UPTOS-Clodosbaldo-Russin\/100070891114831\/","article_modified_time":"2023-06-26T14:09:29+00:00","twitter_card":"summary_large_image","twitter_misc":{"Tiempo estimado de lectura":"2 minutos"},"schema":{"@context":"https:\/\/schema.org","@graph":[{"@type":"WebPage","@id":"https:\/\/www.uptos.edu.ve\/?page_id=2792","url":"https:\/\/www.uptos.edu.ve\/?page_id=2792","name":"Cajas de Ahorros - UPTOS Clodosbaldo Russi\u00e1n","isPartOf":{"@id":"\/#website"},"datePublished":"2021-07-08T23:14:55+00:00","dateModified":"2023-06-26T14:09:29+00:00","breadcrumb":{"@id":"https:\/\/www.uptos.edu.ve\/?page_id=2792#breadcrumb"},"inLanguage":"es","potentialAction":[{"@type":"ReadAction","target":["https:\/\/www.uptos.edu.ve\/?page_id=2792"]}]},{"@type":"BreadcrumbList","@id":"https:\/\/www.uptos.edu.ve\/?page_id=2792#breadcrumb","itemListElement":[{"@type":"ListItem","position":1,"name":"Home","item":"https:\/\/www.uptos.edu.ve\/"},{"@type":"ListItem","position":2,"name":"GREMIOS","item":"https:\/\/www.uptos.edu.ve\/?page_id=2677"},{"@type":"ListItem","position":3,"name":"Cajas de Ahorros"}]},{"@type":"WebSite","@id":"\/#website","url":"\/","name":"UPTOS Clodosbaldo Russi\u00e1n","description":"Universidad Polit\u00e9cnica del Oeste de Sucre","publisher":{"@id":"\/#organization"},"potentialAction":[{"@type":"SearchAction","target":{"@type":"EntryPoint","urlTemplate":"\/?s={search_term_string}"},"query-input":{"@type":"PropertyValueSpecification","valueRequired":true,"valueName":"search_term_string"}}],"inLanguage":"es"},{"@type":"Organization","@id":"\/#organization","name":"UPTOS Clodosbaldo Russi\u00e1n","url":"\/","logo":{"@type":"ImageObject","inLanguage":"es","@id":"\/#\/schema\/logo\/image\/","url":"https:\/\/www.uptos.edu.ve\/wp-content\/uploads\/2026\/02\/cropped-cropped-WhatsApp-Image-2026-02-11-at-10.17.38-PM-1.jpeg","contentUrl":"https:\/\/www.uptos.edu.ve\/wp-content\/uploads\/2026\/02\/cropped-cropped-WhatsApp-Image-2026-02-11-at-10.17.38-PM-1.jpeg","width":1080,"height":73,"caption":"UPTOS Clodosbaldo Russi\u00e1n"},"image":{"@id":"\/#\/schema\/logo\/image\/"},"sameAs":["https:\/\/www.facebook.com\/people\/UPTOS-Clodosbaldo-Russin\/100070891114831\/","http:\/\/instagram.com\/uptoscr_oficial"]}]}},"_links":{"self":[{"href":"https:\/\/www.uptos.edu.ve\/index.php?rest_route=\/wp\/v2\/pages\/2792","targetHints":{"allow":["GET"]}}],"collection":[{"href":"https:\/\/www.uptos.edu.ve\/index.php?rest_route=\/wp\/v2\/pages"}],"about":[{"href":"https:\/\/www.uptos.edu.ve\/index.php?rest_route=\/wp\/v2\/types\/page"}],"author":[{"embeddable":true,"href":"https:\/\/www.uptos.edu.ve\/index.php?rest_route=\/wp\/v2\/users\/1"}],"replies":[{"embeddable":true,"href":"https:\/\/www.uptos.edu.ve\/index.php?rest_route=%2Fwp%2Fv2%2Fcomments&post=2792"}],"version-history":[{"count":1,"href":"https:\/\/www.uptos.edu.ve\/index.php?rest_route=\/wp\/v2\/pages\/2792\/revisions"}],"predecessor-version":[{"id":10617,"href":"https:\/\/www.uptos.edu.ve\/index.php?rest_route=\/wp\/v2\/pages\/2792\/revisions\/10617"}],"up":[{"embeddable":true,"href":"https:\/\/www.uptos.edu.ve\/index.php?rest_route=\/wp\/v2\/pages\/2677"}],"wp:attachment":[{"href":"https:\/\/www.uptos.edu.ve\/index.php?rest_route=%2Fwp%2Fv2%2Fmedia&parent=2792"}],"curies":[{"name":"wp","href":"https:\/\/api.w.org\/{rel}","templated":true}]}}