{"id":2713,"date":"2016-10-17T08:04:52","date_gmt":"2016-10-17T12:04:52","guid":{"rendered":"http:\/\/www.demo.acmethemes.com\/education-base\/?page_id=9"},"modified":"2023-11-28T10:09:52","modified_gmt":"2023-11-28T14:09:52","slug":"produccion","status":"publish","type":"page","link":"https:\/\/www.uptos.edu.ve\/?page_id=2713","title":{"rendered":"Producci\u00f3n"},"content":{"rendered":"\n<p align=\"justify\"><span style=\"color: #000000;\"><span style=\"font-size: medium;\"><b>La Coordinaci\u00f3n de Creaci\u00f3n Intelectual y Desarrollo Socio-Productivo<\/b> es el \u00f3rgano responsable de organizar, promover, orientar, asesorar, gestionar financiamientos, evaluar y hacer seguimiento a todas las actividades de investigaci\u00f3n en la Universidad, en el marco de la nueva visi\u00f3n universitaria y con el compromiso de impulsar la investigaci\u00f3n transformadora que demanda el pa\u00eds.<\/span><\/span><\/p>\n<p align=\"justify\"><b><span style=\"color: #000000;\"><span style=\"font-size: medium;\">La Coordinaci\u00f3n de Creaci\u00f3n Intelectual y Desarrollo Socio-Productivo tendr\u00e1 las siguientes atribuciones: <\/span><\/span><\/b><\/p>\n<p align=\"justify\"><span style=\"color: #000000;\"><span style=\"font-size: medium;\">a) Proponer al Vicerrectorado Acad\u00e9mico, para su consideraci\u00f3n, las pol\u00edticas de desarrollo Institucional en el \u00e1rea de investigaci\u00f3n, en consonancia con las directrices emanadas del Ministerio del Poder Popular con competencia en materia de educaci\u00f3n universitaria. <\/span><\/span><\/p>\n<p align=\"justify\"><span style=\"color: #000000;\"><span style=\"font-size: medium;\">b) Promover, proponer y apoyar la creaci\u00f3n de l\u00edneas de investigaci\u00f3n; de acuerdo con los planes de desarrollo regionales y\/o nacionales.<\/span><\/span><\/p>\n<p align=\"justify\"><span style=\"color: #000000;\"><span style=\"font-size: medium;\">c) Coordinar los proyectos de investigaci\u00f3n asignados al personal docente, aquellos solicitados por los \u00f3rganos rectorales a la Coordinaci\u00f3n y los derivados de convenios y compromisos contra\u00eddos por la Universidad.<\/span><\/span><\/p>\n<p align=\"justify\"><span style=\"color: #000000;\"><span style=\"font-size: medium;\">d) Promover y supervisar los convenios interinstitucionales en las \u00e1reas de su competencia.<\/span><\/span><\/p>\n<p align=\"justify\"><span style=\"color: #000000;\"><span style=\"font-size: medium;\">e) Proponer y coordinar la realizaci\u00f3n de estudios diagn\u00f3sticos en la regi\u00f3n, sobre problemas cuantitativos y cualitativos de \u00edndole educativa, cultural social, econ\u00f3mica, ambiental y tecnol\u00f3gica, con el objeto de que sus recomendaciones sean elevadas a los organismos competentes.<\/span><\/span><\/p>\n<p align=\"justify\"><span style=\"color: #000000;\"><span style=\"font-size: medium;\">f) Elaborar un registro que contenga informaci\u00f3n estad\u00edstica derivada de las actividades de la Coordinaci\u00f3n y las unidades adscritas.<\/span><\/span><\/p>\n<p align=\"justify\"><span style=\"color: #000000;\"><span style=\"font-size: medium;\">g) Promover y estimular el inter\u00e9s por las actividades de investigaci\u00f3n, en el personal docente, administrativo y estudiantado de la Universidad.<\/span><\/span><\/p>\n<p align=\"justify\"><span style=\"color: #000000;\"><span style=\"font-size: medium;\">h) Promover y supervisar el intercambio de informaci\u00f3n y documentaci\u00f3n con otras instituciones de educaci\u00f3n universitaria y sectores socio-productivos.<\/span><\/span><\/p>\n<p align=\"justify\"><span style=\"color: #000000;\"><span style=\"font-size: medium;\">i) Representar a la Universidad en congresos, conferencias y reuniones destinadas al desarrollo de la investigaci\u00f3n cient\u00edfica, tecnol\u00f3gica y social.<\/span><\/span><\/p>\n<p align=\"justify\"><span style=\"color: #000000;\"><span style=\"font-size: medium;\">j) Programar cursos, seminarios, talleres, congresos regionales, nacionales o internacionales, a trav\u00e9s de los grupos y l\u00edneas de investigaci\u00f3n.<\/span><\/span><\/p>\n<p align=\"justify\"><span style=\"color: #000000;\"><span style=\"font-size: medium;\">k) Velar por el suministro de los recursos asignados para la ejecuci\u00f3n del proyecto de investigaci\u00f3n y sus acciones espec\u00edficas, seg\u00fan lo contemplado en la estructura presupuestaria.<\/span><\/span><\/p>\n<p><span style=\"color: #000000;\"><span style=\"font-size: medium;\">l) Las dem\u00e1s que se\u00f1ale el ordenamiento jur\u00eddico vigente.<\/span><\/span><\/p>\n","protected":false},"excerpt":{"rendered":"<p>Creaci\u00f3n Intelectual y Desarrollo Socio Productivo<\/p>\n","protected":false},"author":2,"featured_media":11626,"parent":2717,"menu_order":0,"comment_status":"closed","ping_status":"closed","template":"","meta":{"_monsterinsights_skip_tracking":false,"_monsterinsights_sitenote_active":false,"_monsterinsights_sitenote_note":"","_monsterinsights_sitenote_category":0,"footnotes":""},"class_list":["post-2713","page","type-page","status-publish","has-post-thumbnail","hentry"],"yoast_head":"<!-- This site is optimized with the Yoast SEO plugin v27.4 - https:\/\/yoast.com\/product\/yoast-seo-wordpress\/ -->\n<title>Producci\u00f3n - UPTOS Clodosbaldo Russi\u00e1n<\/title>\n<meta name=\"robots\" content=\"index, follow, max-snippet:-1, max-image-preview:large, max-video-preview:-1\" \/>\n<link rel=\"canonical\" href=\"https:\/\/www.uptos.edu.ve\/?page_id=2713\" \/>\n<meta property=\"og:locale\" content=\"es_ES\" \/>\n<meta property=\"og:type\" content=\"article\" \/>\n<meta property=\"og:title\" content=\"Producci\u00f3n - UPTOS Clodosbaldo Russi\u00e1n\" \/>\n<meta property=\"og:description\" content=\"Creaci\u00f3n Intelectual y Desarrollo Socio Productivo\" \/>\n<meta property=\"og:url\" content=\"https:\/\/www.uptos.edu.ve\/?page_id=2713\" \/>\n<meta property=\"og:site_name\" content=\"UPTOS Clodosbaldo Russi\u00e1n\" \/>\n<meta property=\"article:publisher\" content=\"https:\/\/www.facebook.com\/people\/UPTOS-Clodosbaldo-Russin\/100070891114831\/\" \/>\n<meta property=\"article:modified_time\" content=\"2023-11-28T14:09:52+00:00\" \/>\n<meta property=\"og:image\" content=\"https:\/\/www.uptos.edu.ve\/wp-content\/uploads\/2023\/11\/trabajo-en-equipo-de-diversas-personas-reunidas-el-cargo-reunion-exitosa-gente-negocios-discusion-nuevas-ideas-uso-diagramas-163670902.jpg\" \/>\n\t<meta property=\"og:image:width\" content=\"1200\" \/>\n\t<meta property=\"og:image:height\" content=\"560\" \/>\n\t<meta property=\"og:image:type\" content=\"image\/jpeg\" \/>\n<meta name=\"twitter:card\" content=\"summary_large_image\" \/>\n<meta name=\"twitter:label1\" content=\"Tiempo estimado de lectura\" \/>\n\t<meta name=\"twitter:data1\" content=\"2 minutos\" \/>\n<script type=\"application\/ld+json\" class=\"yoast-schema-graph\">{\"@context\":\"https:\\\/\\\/schema.org\",\"@graph\":[{\"@type\":\"WebPage\",\"@id\":\"https:\\\/\\\/www.uptos.edu.ve\\\/?page_id=2713\",\"url\":\"https:\\\/\\\/www.uptos.edu.ve\\\/?page_id=2713\",\"name\":\"Producci\u00f3n - UPTOS Clodosbaldo Russi\u00e1n\",\"isPartOf\":{\"@id\":\"\\\/#website\"},\"primaryImageOfPage\":{\"@id\":\"https:\\\/\\\/www.uptos.edu.ve\\\/?page_id=2713#primaryimage\"},\"image\":{\"@id\":\"https:\\\/\\\/www.uptos.edu.ve\\\/?page_id=2713#primaryimage\"},\"thumbnailUrl\":\"https:\\\/\\\/www.uptos.edu.ve\\\/wp-content\\\/uploads\\\/2023\\\/11\\\/trabajo-en-equipo-de-diversas-personas-reunidas-el-cargo-reunion-exitosa-gente-negocios-discusion-nuevas-ideas-uso-diagramas-163670902.jpg\",\"datePublished\":\"2016-10-17T12:04:52+00:00\",\"dateModified\":\"2023-11-28T14:09:52+00:00\",\"breadcrumb\":{\"@id\":\"https:\\\/\\\/www.uptos.edu.ve\\\/?page_id=2713#breadcrumb\"},\"inLanguage\":\"es\",\"potentialAction\":[{\"@type\":\"ReadAction\",\"target\":[\"https:\\\/\\\/www.uptos.edu.ve\\\/?page_id=2713\"]}]},{\"@type\":\"ImageObject\",\"inLanguage\":\"es\",\"@id\":\"https:\\\/\\\/www.uptos.edu.ve\\\/?page_id=2713#primaryimage\",\"url\":\"https:\\\/\\\/www.uptos.edu.ve\\\/wp-content\\\/uploads\\\/2023\\\/11\\\/trabajo-en-equipo-de-diversas-personas-reunidas-el-cargo-reunion-exitosa-gente-negocios-discusion-nuevas-ideas-uso-diagramas-163670902.jpg\",\"contentUrl\":\"https:\\\/\\\/www.uptos.edu.ve\\\/wp-content\\\/uploads\\\/2023\\\/11\\\/trabajo-en-equipo-de-diversas-personas-reunidas-el-cargo-reunion-exitosa-gente-negocios-discusion-nuevas-ideas-uso-diagramas-163670902.jpg\",\"width\":1200,\"height\":560},{\"@type\":\"BreadcrumbList\",\"@id\":\"https:\\\/\\\/www.uptos.edu.ve\\\/?page_id=2713#breadcrumb\",\"itemListElement\":[{\"@type\":\"ListItem\",\"position\":1,\"name\":\"Home\",\"item\":\"https:\\\/\\\/www.uptos.edu.ve\\\/\"},{\"@type\":\"ListItem\",\"position\":2,\"name\":\"Investigaci\u00f3n y Producci\u00f3n\",\"item\":\"https:\\\/\\\/www.uptos.edu.ve\\\/?page_id=2717\"},{\"@type\":\"ListItem\",\"position\":3,\"name\":\"Producci\u00f3n\"}]},{\"@type\":\"WebSite\",\"@id\":\"\\\/#website\",\"url\":\"\\\/\",\"name\":\"UPTOS Clodosbaldo Russi\u00e1n\",\"description\":\"Universidad Polit\u00e9cnica del Oeste de Sucre\",\"publisher\":{\"@id\":\"\\\/#organization\"},\"potentialAction\":[{\"@type\":\"SearchAction\",\"target\":{\"@type\":\"EntryPoint\",\"urlTemplate\":\"\\\/?s={search_term_string}\"},\"query-input\":{\"@type\":\"PropertyValueSpecification\",\"valueRequired\":true,\"valueName\":\"search_term_string\"}}],\"inLanguage\":\"es\"},{\"@type\":\"Organization\",\"@id\":\"\\\/#organization\",\"name\":\"UPTOS Clodosbaldo Russi\u00e1n\",\"url\":\"\\\/\",\"logo\":{\"@type\":\"ImageObject\",\"inLanguage\":\"es\",\"@id\":\"\\\/#\\\/schema\\\/logo\\\/image\\\/\",\"url\":\"https:\\\/\\\/www.uptos.edu.ve\\\/wp-content\\\/uploads\\\/2026\\\/02\\\/cropped-cropped-WhatsApp-Image-2026-02-11-at-10.17.38-PM-1.jpeg\",\"contentUrl\":\"https:\\\/\\\/www.uptos.edu.ve\\\/wp-content\\\/uploads\\\/2026\\\/02\\\/cropped-cropped-WhatsApp-Image-2026-02-11-at-10.17.38-PM-1.jpeg\",\"width\":1080,\"height\":73,\"caption\":\"UPTOS Clodosbaldo Russi\u00e1n\"},\"image\":{\"@id\":\"\\\/#\\\/schema\\\/logo\\\/image\\\/\"},\"sameAs\":[\"https:\\\/\\\/www.facebook.com\\\/people\\\/UPTOS-Clodosbaldo-Russin\\\/100070891114831\\\/\",\"http:\\\/\\\/instagram.com\\\/uptoscr_oficial\"]}]}<\/script>\n<!-- \/ Yoast SEO plugin. -->","yoast_head_json":{"title":"Producci\u00f3n - UPTOS Clodosbaldo Russi\u00e1n","robots":{"index":"index","follow":"follow","max-snippet":"max-snippet:-1","max-image-preview":"max-image-preview:large","max-video-preview":"max-video-preview:-1"},"canonical":"https:\/\/www.uptos.edu.ve\/?page_id=2713","og_locale":"es_ES","og_type":"article","og_title":"Producci\u00f3n - UPTOS Clodosbaldo Russi\u00e1n","og_description":"Creaci\u00f3n Intelectual y Desarrollo Socio Productivo","og_url":"https:\/\/www.uptos.edu.ve\/?page_id=2713","og_site_name":"UPTOS Clodosbaldo Russi\u00e1n","article_publisher":"https:\/\/www.facebook.com\/people\/UPTOS-Clodosbaldo-Russin\/100070891114831\/","article_modified_time":"2023-11-28T14:09:52+00:00","og_image":[{"width":1200,"height":560,"url":"https:\/\/www.uptos.edu.ve\/wp-content\/uploads\/2023\/11\/trabajo-en-equipo-de-diversas-personas-reunidas-el-cargo-reunion-exitosa-gente-negocios-discusion-nuevas-ideas-uso-diagramas-163670902.jpg","type":"image\/jpeg"}],"twitter_card":"summary_large_image","twitter_misc":{"Tiempo estimado de lectura":"2 minutos"},"schema":{"@context":"https:\/\/schema.org","@graph":[{"@type":"WebPage","@id":"https:\/\/www.uptos.edu.ve\/?page_id=2713","url":"https:\/\/www.uptos.edu.ve\/?page_id=2713","name":"Producci\u00f3n - UPTOS Clodosbaldo Russi\u00e1n","isPartOf":{"@id":"\/#website"},"primaryImageOfPage":{"@id":"https:\/\/www.uptos.edu.ve\/?page_id=2713#primaryimage"},"image":{"@id":"https:\/\/www.uptos.edu.ve\/?page_id=2713#primaryimage"},"thumbnailUrl":"https:\/\/www.uptos.edu.ve\/wp-content\/uploads\/2023\/11\/trabajo-en-equipo-de-diversas-personas-reunidas-el-cargo-reunion-exitosa-gente-negocios-discusion-nuevas-ideas-uso-diagramas-163670902.jpg","datePublished":"2016-10-17T12:04:52+00:00","dateModified":"2023-11-28T14:09:52+00:00","breadcrumb":{"@id":"https:\/\/www.uptos.edu.ve\/?page_id=2713#breadcrumb"},"inLanguage":"es","potentialAction":[{"@type":"ReadAction","target":["https:\/\/www.uptos.edu.ve\/?page_id=2713"]}]},{"@type":"ImageObject","inLanguage":"es","@id":"https:\/\/www.uptos.edu.ve\/?page_id=2713#primaryimage","url":"https:\/\/www.uptos.edu.ve\/wp-content\/uploads\/2023\/11\/trabajo-en-equipo-de-diversas-personas-reunidas-el-cargo-reunion-exitosa-gente-negocios-discusion-nuevas-ideas-uso-diagramas-163670902.jpg","contentUrl":"https:\/\/www.uptos.edu.ve\/wp-content\/uploads\/2023\/11\/trabajo-en-equipo-de-diversas-personas-reunidas-el-cargo-reunion-exitosa-gente-negocios-discusion-nuevas-ideas-uso-diagramas-163670902.jpg","width":1200,"height":560},{"@type":"BreadcrumbList","@id":"https:\/\/www.uptos.edu.ve\/?page_id=2713#breadcrumb","itemListElement":[{"@type":"ListItem","position":1,"name":"Home","item":"https:\/\/www.uptos.edu.ve\/"},{"@type":"ListItem","position":2,"name":"Investigaci\u00f3n y Producci\u00f3n","item":"https:\/\/www.uptos.edu.ve\/?page_id=2717"},{"@type":"ListItem","position":3,"name":"Producci\u00f3n"}]},{"@type":"WebSite","@id":"\/#website","url":"\/","name":"UPTOS Clodosbaldo Russi\u00e1n","description":"Universidad Polit\u00e9cnica del Oeste de Sucre","publisher":{"@id":"\/#organization"},"potentialAction":[{"@type":"SearchAction","target":{"@type":"EntryPoint","urlTemplate":"\/?s={search_term_string}"},"query-input":{"@type":"PropertyValueSpecification","valueRequired":true,"valueName":"search_term_string"}}],"inLanguage":"es"},{"@type":"Organization","@id":"\/#organization","name":"UPTOS Clodosbaldo Russi\u00e1n","url":"\/","logo":{"@type":"ImageObject","inLanguage":"es","@id":"\/#\/schema\/logo\/image\/","url":"https:\/\/www.uptos.edu.ve\/wp-content\/uploads\/2026\/02\/cropped-cropped-WhatsApp-Image-2026-02-11-at-10.17.38-PM-1.jpeg","contentUrl":"https:\/\/www.uptos.edu.ve\/wp-content\/uploads\/2026\/02\/cropped-cropped-WhatsApp-Image-2026-02-11-at-10.17.38-PM-1.jpeg","width":1080,"height":73,"caption":"UPTOS Clodosbaldo Russi\u00e1n"},"image":{"@id":"\/#\/schema\/logo\/image\/"},"sameAs":["https:\/\/www.facebook.com\/people\/UPTOS-Clodosbaldo-Russin\/100070891114831\/","http:\/\/instagram.com\/uptoscr_oficial"]}]}},"_links":{"self":[{"href":"https:\/\/www.uptos.edu.ve\/index.php?rest_route=\/wp\/v2\/pages\/2713","targetHints":{"allow":["GET"]}}],"collection":[{"href":"https:\/\/www.uptos.edu.ve\/index.php?rest_route=\/wp\/v2\/pages"}],"about":[{"href":"https:\/\/www.uptos.edu.ve\/index.php?rest_route=\/wp\/v2\/types\/page"}],"author":[{"embeddable":true,"href":"https:\/\/www.uptos.edu.ve\/index.php?rest_route=\/wp\/v2\/users\/2"}],"replies":[{"embeddable":true,"href":"https:\/\/www.uptos.edu.ve\/index.php?rest_route=%2Fwp%2Fv2%2Fcomments&post=2713"}],"version-history":[{"count":3,"href":"https:\/\/www.uptos.edu.ve\/index.php?rest_route=\/wp\/v2\/pages\/2713\/revisions"}],"predecessor-version":[{"id":11642,"href":"https:\/\/www.uptos.edu.ve\/index.php?rest_route=\/wp\/v2\/pages\/2713\/revisions\/11642"}],"up":[{"embeddable":true,"href":"https:\/\/www.uptos.edu.ve\/index.php?rest_route=\/wp\/v2\/pages\/2717"}],"wp:featuredmedia":[{"embeddable":true,"href":"https:\/\/www.uptos.edu.ve\/index.php?rest_route=\/wp\/v2\/media\/11626"}],"wp:attachment":[{"href":"https:\/\/www.uptos.edu.ve\/index.php?rest_route=%2Fwp%2Fv2%2Fmedia&parent=2713"}],"curies":[{"name":"wp","href":"https:\/\/api.w.org\/{rel}","templated":true}]}}