{"id":2709,"date":"2016-10-17T13:24:29","date_gmt":"2016-10-17T13:24:29","guid":{"rendered":"http:\/\/www.demo.acmethemes.com\/education-base\/?page_id=14"},"modified":"2025-03-26T12:23:11","modified_gmt":"2025-03-26T16:23:11","slug":"cith","status":"publish","type":"page","link":"https:\/\/www.uptos.edu.ve\/?page_id=2709","title":{"rendered":"CITH"},"content":{"rendered":"<p align=\"justify\"><span style=\"color: #000000;\"><span style=\"font-size: medium;\"><b>El Centro de Investigaciones Tecnol\u00f3gicas y Human\u00edsticas<\/b> ser\u00e1 el \u00f3rgano adscrito a la Coordinaci\u00f3n de Creaci\u00f3n Intelectual y Desarrollo Socio-Productivo; responsable de la planificaci\u00f3n, coordinaci\u00f3n y ejecuci\u00f3n de las pol\u00edticas cient\u00edficas, human\u00edsticas, sociales y tecnol\u00f3gicas, que se actualizan permanentemente, apoyando los programas acad\u00e9micos de la Universidad, a trav\u00e9s del fomento, evaluaci\u00f3n, financiamiento y promoci\u00f3n de la investigaci\u00f3n.<\/span><\/span><\/p>\n<p><span style=\"color: #000000;\"><span style=\"font-size: medium;\"><b>El Centro de Investigaciones Tecnol\u00f3gicas y Human\u00edsticas tendr\u00e1 las siguientes atribuciones:<\/b> <\/span><\/span><\/p>\n<p align=\"justify\"><span style=\"color: #000000;\"><span style=\"font-size: medium;\">a) Generar una base de datos de los grupos de investigaci\u00f3n de la Universidad Polit\u00e9cnica Territorial del Oeste de Sucre \u201cClodosbaldo Russi\u00e1n\u201d, para el financiamiento de aquellas actividades que por su naturaleza resulten relevantes en la producci\u00f3n del conocimiento.<\/span><\/span><\/p>\n<p align=\"justify\"><span style=\"color: #000000;\"><span style=\"font-size: medium;\"> b) Evaluar los trabajos de investigaci\u00f3n con base a su adscripci\u00f3n a las l\u00edneas de investigaci\u00f3n institucional de la Universidad Polit\u00e9cnica Territorial del Oeste de Sucre \u201cClodosbaldo Russi\u00e1n\u201d. <\/span><\/span><\/p>\n<p align=\"justify\"><span style=\"color: #000000;\"><span style=\"font-size: medium;\">c) Estimular la producci\u00f3n cient\u00edfica (publicaciones, patentes y otros) de los investigadores, difundiendo sus resultados y propuestas de acuerdo a su importancia social-educativa. <\/span><\/span><\/p>\n<p align=\"justify\"><span style=\"color: #000000;\"><span style=\"font-size: medium;\">d) Promover eventos cient\u00edfico-culturales para la difusi\u00f3n del conocimiento de las investigaciones que se realizan en la Universidad Polit\u00e9cnica Territorial del Oeste de Sucre \u201cClodosbaldo Russi\u00e1n\u201d. <\/span><\/span><\/p>\n<p align=\"justify\"><span style=\"color: #000000;\"><span style=\"font-size: medium;\">e) Proponer la creaci\u00f3n de premios, menciones y certificaciones que sirvan de est\u00edmulo a los investigadores en sus \u00e1reas de conocimiento.<\/span><\/span><\/p>\n<h5><span style=\"color: #980000; font-size: medium;\">Grupos de investigaci\u00f3n:<\/span><\/h5>\n<ol>\n<li>\n<h1><a href=\"https:\/\/www.uptos.edu.ve\/?page_id=12557\"><span style=\"font-size: 12pt; color: #000000;\">Grupo de Inform\u00e1tica Aplicada (GIA)<\/span><\/a><\/h1>\n<\/li>\n<li>\n<h1><a href=\"https:\/\/www.uptos.edu.ve\/?page_id=15231\"><span style=\"font-size: 12pt; color: #000000;\">Grupo de Investigaci\u00f3n Simbiosis: Universidad- Comunidad\u00a0<\/span><\/a><\/h1>\n<\/li>\n<li>\n<h1><span style=\"color: #000000;\"><span style=\"font-size: 12pt;\"><strong><a style=\"color: #000000;\" href=\"https:\/\/www.uptos.edu.ve\/?page_id=15281\">Grupo de Investigaci\u00f3n Gesti\u00f3n y Transformaci\u00f3n Organizacional (GTO)<\/a><\/strong><\/span><\/span><\/h1>\n<\/li>\n<\/ol>\n<p align=\"justify\">\n","protected":false},"excerpt":{"rendered":"<p>El Centro de Investigaciones Tecnol\u00f3gicas y Human\u00edsticas.<\/p>\n","protected":false},"author":1,"featured_media":5661,"parent":2717,"menu_order":0,"comment_status":"closed","ping_status":"closed","template":"","meta":{"_monsterinsights_skip_tracking":false,"_monsterinsights_sitenote_active":false,"_monsterinsights_sitenote_note":"","_monsterinsights_sitenote_category":0,"footnotes":""},"class_list":["post-2709","page","type-page","status-publish","has-post-thumbnail","hentry"],"yoast_head":"<!-- This site is optimized with the Yoast SEO plugin v27.4 - https:\/\/yoast.com\/product\/yoast-seo-wordpress\/ -->\n<title>CITH - UPTOS Clodosbaldo Russi\u00e1n<\/title>\n<meta name=\"robots\" content=\"index, follow, max-snippet:-1, max-image-preview:large, max-video-preview:-1\" \/>\n<link rel=\"canonical\" href=\"https:\/\/www.uptos.edu.ve\/?page_id=2709\" \/>\n<meta property=\"og:locale\" content=\"es_ES\" \/>\n<meta property=\"og:type\" content=\"article\" \/>\n<meta property=\"og:title\" content=\"CITH - UPTOS Clodosbaldo Russi\u00e1n\" \/>\n<meta property=\"og:description\" content=\"El Centro de Investigaciones Tecnol\u00f3gicas y Human\u00edsticas.\" \/>\n<meta property=\"og:url\" content=\"https:\/\/www.uptos.edu.ve\/?page_id=2709\" \/>\n<meta property=\"og:site_name\" content=\"UPTOS Clodosbaldo Russi\u00e1n\" \/>\n<meta property=\"article:publisher\" content=\"https:\/\/www.facebook.com\/people\/UPTOS-Clodosbaldo-Russin\/100070891114831\/\" \/>\n<meta property=\"article:modified_time\" content=\"2025-03-26T16:23:11+00:00\" \/>\n<meta property=\"og:image\" content=\"https:\/\/www.uptos.edu.ve\/wp-content\/uploads\/2023\/02\/Interna-investigacion-1-compressed.jpg\" \/>\n\t<meta property=\"og:image:width\" content=\"1200\" \/>\n\t<meta property=\"og:image:height\" content=\"560\" \/>\n\t<meta property=\"og:image:type\" content=\"image\/jpeg\" \/>\n<meta name=\"twitter:card\" content=\"summary_large_image\" \/>\n<meta name=\"twitter:label1\" content=\"Tiempo estimado de lectura\" \/>\n\t<meta name=\"twitter:data1\" content=\"2 minutos\" \/>\n<script type=\"application\/ld+json\" class=\"yoast-schema-graph\">{\"@context\":\"https:\\\/\\\/schema.org\",\"@graph\":[{\"@type\":\"WebPage\",\"@id\":\"https:\\\/\\\/www.uptos.edu.ve\\\/?page_id=2709\",\"url\":\"https:\\\/\\\/www.uptos.edu.ve\\\/?page_id=2709\",\"name\":\"CITH - UPTOS Clodosbaldo Russi\u00e1n\",\"isPartOf\":{\"@id\":\"\\\/#website\"},\"primaryImageOfPage\":{\"@id\":\"https:\\\/\\\/www.uptos.edu.ve\\\/?page_id=2709#primaryimage\"},\"image\":{\"@id\":\"https:\\\/\\\/www.uptos.edu.ve\\\/?page_id=2709#primaryimage\"},\"thumbnailUrl\":\"https:\\\/\\\/www.uptos.edu.ve\\\/wp-content\\\/uploads\\\/2023\\\/02\\\/Interna-investigacion-1-compressed.jpg\",\"datePublished\":\"2016-10-17T13:24:29+00:00\",\"dateModified\":\"2025-03-26T16:23:11+00:00\",\"breadcrumb\":{\"@id\":\"https:\\\/\\\/www.uptos.edu.ve\\\/?page_id=2709#breadcrumb\"},\"inLanguage\":\"es\",\"potentialAction\":[{\"@type\":\"ReadAction\",\"target\":[\"https:\\\/\\\/www.uptos.edu.ve\\\/?page_id=2709\"]}]},{\"@type\":\"ImageObject\",\"inLanguage\":\"es\",\"@id\":\"https:\\\/\\\/www.uptos.edu.ve\\\/?page_id=2709#primaryimage\",\"url\":\"https:\\\/\\\/www.uptos.edu.ve\\\/wp-content\\\/uploads\\\/2023\\\/02\\\/Interna-investigacion-1-compressed.jpg\",\"contentUrl\":\"https:\\\/\\\/www.uptos.edu.ve\\\/wp-content\\\/uploads\\\/2023\\\/02\\\/Interna-investigacion-1-compressed.jpg\",\"width\":1200,\"height\":560},{\"@type\":\"BreadcrumbList\",\"@id\":\"https:\\\/\\\/www.uptos.edu.ve\\\/?page_id=2709#breadcrumb\",\"itemListElement\":[{\"@type\":\"ListItem\",\"position\":1,\"name\":\"Home\",\"item\":\"https:\\\/\\\/www.uptos.edu.ve\\\/\"},{\"@type\":\"ListItem\",\"position\":2,\"name\":\"Investigaci\u00f3n y Producci\u00f3n\",\"item\":\"https:\\\/\\\/www.uptos.edu.ve\\\/?page_id=2717\"},{\"@type\":\"ListItem\",\"position\":3,\"name\":\"CITH\"}]},{\"@type\":\"WebSite\",\"@id\":\"\\\/#website\",\"url\":\"\\\/\",\"name\":\"UPTOS Clodosbaldo Russi\u00e1n\",\"description\":\"Universidad Polit\u00e9cnica del Oeste de Sucre\",\"publisher\":{\"@id\":\"\\\/#organization\"},\"potentialAction\":[{\"@type\":\"SearchAction\",\"target\":{\"@type\":\"EntryPoint\",\"urlTemplate\":\"\\\/?s={search_term_string}\"},\"query-input\":{\"@type\":\"PropertyValueSpecification\",\"valueRequired\":true,\"valueName\":\"search_term_string\"}}],\"inLanguage\":\"es\"},{\"@type\":\"Organization\",\"@id\":\"\\\/#organization\",\"name\":\"UPTOS Clodosbaldo Russi\u00e1n\",\"url\":\"\\\/\",\"logo\":{\"@type\":\"ImageObject\",\"inLanguage\":\"es\",\"@id\":\"\\\/#\\\/schema\\\/logo\\\/image\\\/\",\"url\":\"https:\\\/\\\/www.uptos.edu.ve\\\/wp-content\\\/uploads\\\/2026\\\/02\\\/cropped-cropped-WhatsApp-Image-2026-02-11-at-10.17.38-PM-1.jpeg\",\"contentUrl\":\"https:\\\/\\\/www.uptos.edu.ve\\\/wp-content\\\/uploads\\\/2026\\\/02\\\/cropped-cropped-WhatsApp-Image-2026-02-11-at-10.17.38-PM-1.jpeg\",\"width\":1080,\"height\":73,\"caption\":\"UPTOS Clodosbaldo Russi\u00e1n\"},\"image\":{\"@id\":\"\\\/#\\\/schema\\\/logo\\\/image\\\/\"},\"sameAs\":[\"https:\\\/\\\/www.facebook.com\\\/people\\\/UPTOS-Clodosbaldo-Russin\\\/100070891114831\\\/\",\"http:\\\/\\\/instagram.com\\\/uptoscr_oficial\"]}]}<\/script>\n<!-- \/ Yoast SEO plugin. -->","yoast_head_json":{"title":"CITH - UPTOS Clodosbaldo Russi\u00e1n","robots":{"index":"index","follow":"follow","max-snippet":"max-snippet:-1","max-image-preview":"max-image-preview:large","max-video-preview":"max-video-preview:-1"},"canonical":"https:\/\/www.uptos.edu.ve\/?page_id=2709","og_locale":"es_ES","og_type":"article","og_title":"CITH - UPTOS Clodosbaldo Russi\u00e1n","og_description":"El Centro de Investigaciones Tecnol\u00f3gicas y Human\u00edsticas.","og_url":"https:\/\/www.uptos.edu.ve\/?page_id=2709","og_site_name":"UPTOS Clodosbaldo Russi\u00e1n","article_publisher":"https:\/\/www.facebook.com\/people\/UPTOS-Clodosbaldo-Russin\/100070891114831\/","article_modified_time":"2025-03-26T16:23:11+00:00","og_image":[{"width":1200,"height":560,"url":"https:\/\/www.uptos.edu.ve\/wp-content\/uploads\/2023\/02\/Interna-investigacion-1-compressed.jpg","type":"image\/jpeg"}],"twitter_card":"summary_large_image","twitter_misc":{"Tiempo estimado de lectura":"2 minutos"},"schema":{"@context":"https:\/\/schema.org","@graph":[{"@type":"WebPage","@id":"https:\/\/www.uptos.edu.ve\/?page_id=2709","url":"https:\/\/www.uptos.edu.ve\/?page_id=2709","name":"CITH - UPTOS Clodosbaldo Russi\u00e1n","isPartOf":{"@id":"\/#website"},"primaryImageOfPage":{"@id":"https:\/\/www.uptos.edu.ve\/?page_id=2709#primaryimage"},"image":{"@id":"https:\/\/www.uptos.edu.ve\/?page_id=2709#primaryimage"},"thumbnailUrl":"https:\/\/www.uptos.edu.ve\/wp-content\/uploads\/2023\/02\/Interna-investigacion-1-compressed.jpg","datePublished":"2016-10-17T13:24:29+00:00","dateModified":"2025-03-26T16:23:11+00:00","breadcrumb":{"@id":"https:\/\/www.uptos.edu.ve\/?page_id=2709#breadcrumb"},"inLanguage":"es","potentialAction":[{"@type":"ReadAction","target":["https:\/\/www.uptos.edu.ve\/?page_id=2709"]}]},{"@type":"ImageObject","inLanguage":"es","@id":"https:\/\/www.uptos.edu.ve\/?page_id=2709#primaryimage","url":"https:\/\/www.uptos.edu.ve\/wp-content\/uploads\/2023\/02\/Interna-investigacion-1-compressed.jpg","contentUrl":"https:\/\/www.uptos.edu.ve\/wp-content\/uploads\/2023\/02\/Interna-investigacion-1-compressed.jpg","width":1200,"height":560},{"@type":"BreadcrumbList","@id":"https:\/\/www.uptos.edu.ve\/?page_id=2709#breadcrumb","itemListElement":[{"@type":"ListItem","position":1,"name":"Home","item":"https:\/\/www.uptos.edu.ve\/"},{"@type":"ListItem","position":2,"name":"Investigaci\u00f3n y Producci\u00f3n","item":"https:\/\/www.uptos.edu.ve\/?page_id=2717"},{"@type":"ListItem","position":3,"name":"CITH"}]},{"@type":"WebSite","@id":"\/#website","url":"\/","name":"UPTOS Clodosbaldo Russi\u00e1n","description":"Universidad Polit\u00e9cnica del Oeste de Sucre","publisher":{"@id":"\/#organization"},"potentialAction":[{"@type":"SearchAction","target":{"@type":"EntryPoint","urlTemplate":"\/?s={search_term_string}"},"query-input":{"@type":"PropertyValueSpecification","valueRequired":true,"valueName":"search_term_string"}}],"inLanguage":"es"},{"@type":"Organization","@id":"\/#organization","name":"UPTOS Clodosbaldo Russi\u00e1n","url":"\/","logo":{"@type":"ImageObject","inLanguage":"es","@id":"\/#\/schema\/logo\/image\/","url":"https:\/\/www.uptos.edu.ve\/wp-content\/uploads\/2026\/02\/cropped-cropped-WhatsApp-Image-2026-02-11-at-10.17.38-PM-1.jpeg","contentUrl":"https:\/\/www.uptos.edu.ve\/wp-content\/uploads\/2026\/02\/cropped-cropped-WhatsApp-Image-2026-02-11-at-10.17.38-PM-1.jpeg","width":1080,"height":73,"caption":"UPTOS Clodosbaldo Russi\u00e1n"},"image":{"@id":"\/#\/schema\/logo\/image\/"},"sameAs":["https:\/\/www.facebook.com\/people\/UPTOS-Clodosbaldo-Russin\/100070891114831\/","http:\/\/instagram.com\/uptoscr_oficial"]}]}},"_links":{"self":[{"href":"https:\/\/www.uptos.edu.ve\/index.php?rest_route=\/wp\/v2\/pages\/2709","targetHints":{"allow":["GET"]}}],"collection":[{"href":"https:\/\/www.uptos.edu.ve\/index.php?rest_route=\/wp\/v2\/pages"}],"about":[{"href":"https:\/\/www.uptos.edu.ve\/index.php?rest_route=\/wp\/v2\/types\/page"}],"author":[{"embeddable":true,"href":"https:\/\/www.uptos.edu.ve\/index.php?rest_route=\/wp\/v2\/users\/1"}],"replies":[{"embeddable":true,"href":"https:\/\/www.uptos.edu.ve\/index.php?rest_route=%2Fwp%2Fv2%2Fcomments&post=2709"}],"version-history":[{"count":11,"href":"https:\/\/www.uptos.edu.ve\/index.php?rest_route=\/wp\/v2\/pages\/2709\/revisions"}],"predecessor-version":[{"id":16766,"href":"https:\/\/www.uptos.edu.ve\/index.php?rest_route=\/wp\/v2\/pages\/2709\/revisions\/16766"}],"up":[{"embeddable":true,"href":"https:\/\/www.uptos.edu.ve\/index.php?rest_route=\/wp\/v2\/pages\/2717"}],"wp:featuredmedia":[{"embeddable":true,"href":"https:\/\/www.uptos.edu.ve\/index.php?rest_route=\/wp\/v2\/media\/5661"}],"wp:attachment":[{"href":"https:\/\/www.uptos.edu.ve\/index.php?rest_route=%2Fwp%2Fv2%2Fmedia&parent=2709"}],"curies":[{"name":"wp","href":"https:\/\/api.w.org\/{rel}","templated":true}]}}