{"id":2701,"date":"2016-10-17T13:31:35","date_gmt":"2016-10-17T13:31:35","guid":{"rendered":"http:\/\/www.demo.acmethemes.com\/education-base\/?page_id=23"},"modified":"2023-11-17T11:50:23","modified_gmt":"2023-11-17T15:50:23","slug":"pnf","status":"publish","type":"page","link":"https:\/\/www.uptos.edu.ve\/?page_id=2701","title":{"rendered":"PNF"},"content":{"rendered":"\n<div class=\"wp-block-group has-black-color has-text-color\" style=\"font-size:15px\"><div class=\"wp-block-group__inner-container is-layout-flow wp-block-group-is-layout-flow\">\n<p align=\"justify\"><span style=\"color: #000000; font-size: medium;\">Los Programas Nacionales de Formaci\u00f3n (PNF), tienen la finalidad de transformar las \u00e1reas cient\u00edfico-human\u00edsticas para concebir a la educaci\u00f3n como una formaci\u00f3n integral y liberadora, en la cual la formaci\u00f3n t\u00e9cnico-cient\u00edfica debe estar acompa\u00f1ada con una s\u00f3lida formaci\u00f3n humanista, cultural, ambiental, cr\u00edtica, creadora, innovadora y socio-pol\u00edtica. Donde los seres humanos no solo puedan autodesarrollarse, sino que participen en el contexto de la nueva Rep\u00fablica Socialista que se quiere.<\/span><\/p>\n<p align=\"justify\"><span style=\"color: #000000; font-size: medium;\">Los PNF plantean el mejoramiento de la calidad de la ense\u00f1anza y del aprendizaje haci\u00e9ndola m\u00e1s humanista, as\u00ed como la funci\u00f3n de la Universidad, tanto en la formaci\u00f3n integral liberadora (educaci\u00f3n), la creaci\u00f3n intelectual (investigaci\u00f3n) y la vinculaci\u00f3n social (extensi\u00f3n). <\/span><\/p>\n<h5><span style=\"color: #980000; font-size: medium;\">Los programas nacionales de formaci\u00f3n (carreras) que te ofrecemos:<\/span><\/h5>\n<ol>\n<li>\n<h5 align=\"justify\"><span style=\"color: #980000;\"><b><a title=\"PNF EN ELECTRICIDAD\" href=\"https:\/\/www.uptos.edu.ve\/?page_id=3216\" target=\"_blank\" rel=\"noopener\">PNF EN ELECTRICIDAD<\/a><\/b><\/span><\/h5>\n<\/li>\n<li>\n<h5><span style=\"color: #980000;\"><b><a title=\"PNF HIGIENE Y SEGURIDAD\" href=\"https:\/\/www.uptos.edu.ve\/?page_id=3244\" target=\"_blank\" rel=\"noopener\">PNF EN\u00a0 HIGIENE Y SEGURIDAD LABORAL<\/a><\/b><\/span><\/h5>\n<\/li>\n<li>\n<h5><span style=\"color: #980000;\"><b><a title=\"PNF INFORM\u00c1TICA\" href=\"https:\/\/www.uptos.edu.ve\/?page_id=2639\" target=\"_blank\" rel=\"noopener\">PNF EN INFORM\u00c1TICA<\/a><\/b><\/span><\/h5>\n<\/li>\n<li>\n<h5><span style=\"color: #980000;\"><b><a title=\"PNF DE ELECTR\u00d3NICA\" href=\"https:\/\/www.uptos.edu.ve\/?page_id=2675\" target=\"_blank\" rel=\"noopener\">PNF EN\u00a0 ELECTR\u00d3NICA<\/a><\/b><\/span><\/h5>\n<\/li>\n<li>\n<h5><span style=\"color: #980000;\"><b><a title=\"PNF INTRUMENTACI\u00d3N Y CONTROL\" href=\"https:\/\/www.uptos.edu.ve\/?page_id=2657\" target=\"_blank\" rel=\"nofollow noopener\">PNF EN INSTRUMENTACI\u00d3N Y CONTROL<\/a><\/b><\/span><\/h5>\n<\/li>\n<li>\n<h5><span style=\"color: #980000;\"><b><a title=\"PNF PROCESOS QUIMICOS\" href=\"https:\/\/www.uptos.edu.ve\/?page_id=2793\" target=\"_blank\" rel=\"noopener\">PNF EN PROCESOS QU\u00cdMICOS<\/a><\/b><\/span><\/h5>\n<\/li>\n<li>\n<h5><span style=\"color: #980000;\"><b><a title=\"PNF NUTRICI\u00d3N Y DIET\u00c9TICA\" href=\"https:\/\/www.uptos.edu.ve\/?page_id=3351\" target=\"_blank\" rel=\"noopener\">PNF EN NUTRICI\u00d3N Y DIET\u00c9TICA<\/a><\/b><\/span><\/h5>\n<\/li>\n<li>\n<h5><span style=\"color: #980000;\"><b><a title=\"PNF PROCESAMIENTO Y DIST. DE ALIMENTOS\" href=\"https:\/\/www.uptos.edu.ve\/?page_id=3354\" target=\"_blank\" rel=\"noopener\">PNF EN PROCESAMIENTO Y DIST. DE ALIMENTOS<\/a><\/b><\/span><\/h5>\n<\/li>\n<li>\n<h5><span style=\"color: #980000;\"><b><a title=\"PNF EN PREVENCI\u00d3N Y SALUD EN EL TRABAJO\" href=\"https:\/\/www.uptos.edu.ve\/?page_id=3369\" target=\"_blank\" rel=\"noopener\">PNF EN PREVENCI\u00d3N Y SALUD EN EL TRABAJO<\/a><\/b><\/span><\/h5>\n<\/li>\n<li>\n<h5><span style=\"color: #980000;\"><b><a title=\"PNF EN INGENER\u00cdA INDUSTRIAL\" href=\"https:\/\/www.uptos.edu.ve\/?page_id=3374\" target=\"_blank\" rel=\"noopener\">PNF EN INGENIER\u00cdA INDUSTRIAL<\/a><\/b><\/span><\/h5>\n<\/li>\n<li>\n<h5><span style=\"color: #980000;\"><b><a title=\"PNF EN AGROALIMENTACI\u00d3N\" href=\"https:\/\/www.uptos.edu.ve\/?page_id=9214\" target=\"_blank\" rel=\"noopener\">PNF EN AGROALIMENTACI\u00d3N<\/a><\/b><\/span><\/h5>\n<\/li>\n<li>\n<h5><span style=\"color: #980000;\"><b><a title=\"PNF EN FARMACIA\" href=\"https:\/\/www.uptos.edu.ve\/?page_id=5000\" target=\"_blank\" rel=\"noopener\">PNF EN FARMACIA<\/a><\/b><\/span><b><\/b><\/h5>\n<\/li>\n<\/ol>\n<p align=\"left\"><span style=\"font-size: medium;\">\u00a0<\/span><\/p>\n<\/div><\/div>\n","protected":false},"excerpt":{"rendered":"<p>Los Programas Nacionales de Formaci\u00f3n (PNF), tienen como finalidad transformar las \u00e1reas cient\u00edfico-human\u00edsticas para concebir a la educaci\u00f3n como una formaci\u00f3n integral y liberadora. <\/p>\n","protected":false},"author":2,"featured_media":0,"parent":2707,"menu_order":0,"comment_status":"closed","ping_status":"closed","template":"","meta":{"_monsterinsights_skip_tracking":false,"_monsterinsights_sitenote_active":false,"_monsterinsights_sitenote_note":"","_monsterinsights_sitenote_category":0,"footnotes":""},"class_list":["post-2701","page","type-page","status-publish","hentry"],"yoast_head":"<!-- This site is optimized with the Yoast SEO plugin v27.4 - https:\/\/yoast.com\/product\/yoast-seo-wordpress\/ -->\n<title>PNF - UPTOS Clodosbaldo Russi\u00e1n<\/title>\n<meta name=\"robots\" content=\"index, follow, max-snippet:-1, max-image-preview:large, max-video-preview:-1\" \/>\n<link rel=\"canonical\" href=\"https:\/\/www.uptos.edu.ve\/?page_id=2701\" \/>\n<meta property=\"og:locale\" content=\"es_ES\" \/>\n<meta property=\"og:type\" content=\"article\" \/>\n<meta property=\"og:title\" content=\"PNF - UPTOS Clodosbaldo Russi\u00e1n\" \/>\n<meta property=\"og:description\" content=\"Los Programas Nacionales de Formaci\u00f3n (PNF), tienen como finalidad transformar las \u00e1reas cient\u00edfico-human\u00edsticas para concebir a la educaci\u00f3n como una formaci\u00f3n integral y liberadora.\" \/>\n<meta property=\"og:url\" content=\"https:\/\/www.uptos.edu.ve\/?page_id=2701\" \/>\n<meta property=\"og:site_name\" content=\"UPTOS Clodosbaldo Russi\u00e1n\" \/>\n<meta property=\"article:publisher\" content=\"https:\/\/www.facebook.com\/people\/UPTOS-Clodosbaldo-Russin\/100070891114831\/\" \/>\n<meta property=\"article:modified_time\" content=\"2023-11-17T15:50:23+00:00\" \/>\n<meta name=\"twitter:card\" content=\"summary_large_image\" \/>\n<meta name=\"twitter:label1\" content=\"Tiempo estimado de lectura\" \/>\n\t<meta name=\"twitter:data1\" content=\"1 minuto\" \/>\n<script type=\"application\/ld+json\" class=\"yoast-schema-graph\">{\"@context\":\"https:\\\/\\\/schema.org\",\"@graph\":[{\"@type\":\"WebPage\",\"@id\":\"https:\\\/\\\/www.uptos.edu.ve\\\/?page_id=2701\",\"url\":\"https:\\\/\\\/www.uptos.edu.ve\\\/?page_id=2701\",\"name\":\"PNF - UPTOS Clodosbaldo Russi\u00e1n\",\"isPartOf\":{\"@id\":\"\\\/#website\"},\"datePublished\":\"2016-10-17T13:31:35+00:00\",\"dateModified\":\"2023-11-17T15:50:23+00:00\",\"breadcrumb\":{\"@id\":\"https:\\\/\\\/www.uptos.edu.ve\\\/?page_id=2701#breadcrumb\"},\"inLanguage\":\"es\",\"potentialAction\":[{\"@type\":\"ReadAction\",\"target\":[\"https:\\\/\\\/www.uptos.edu.ve\\\/?page_id=2701\"]}]},{\"@type\":\"BreadcrumbList\",\"@id\":\"https:\\\/\\\/www.uptos.edu.ve\\\/?page_id=2701#breadcrumb\",\"itemListElement\":[{\"@type\":\"ListItem\",\"position\":1,\"name\":\"Home\",\"item\":\"https:\\\/\\\/www.uptos.edu.ve\\\/\"},{\"@type\":\"ListItem\",\"position\":2,\"name\":\"Departamento Acad\u00e9mico\",\"item\":\"https:\\\/\\\/www.uptos.edu.ve\\\/?page_id=2707\"},{\"@type\":\"ListItem\",\"position\":3,\"name\":\"PNF\"}]},{\"@type\":\"WebSite\",\"@id\":\"\\\/#website\",\"url\":\"\\\/\",\"name\":\"UPTOS Clodosbaldo Russi\u00e1n\",\"description\":\"Universidad Polit\u00e9cnica del Oeste de Sucre\",\"publisher\":{\"@id\":\"\\\/#organization\"},\"potentialAction\":[{\"@type\":\"SearchAction\",\"target\":{\"@type\":\"EntryPoint\",\"urlTemplate\":\"\\\/?s={search_term_string}\"},\"query-input\":{\"@type\":\"PropertyValueSpecification\",\"valueRequired\":true,\"valueName\":\"search_term_string\"}}],\"inLanguage\":\"es\"},{\"@type\":\"Organization\",\"@id\":\"\\\/#organization\",\"name\":\"UPTOS Clodosbaldo Russi\u00e1n\",\"url\":\"\\\/\",\"logo\":{\"@type\":\"ImageObject\",\"inLanguage\":\"es\",\"@id\":\"\\\/#\\\/schema\\\/logo\\\/image\\\/\",\"url\":\"https:\\\/\\\/www.uptos.edu.ve\\\/wp-content\\\/uploads\\\/2026\\\/02\\\/cropped-cropped-WhatsApp-Image-2026-02-11-at-10.17.38-PM-1.jpeg\",\"contentUrl\":\"https:\\\/\\\/www.uptos.edu.ve\\\/wp-content\\\/uploads\\\/2026\\\/02\\\/cropped-cropped-WhatsApp-Image-2026-02-11-at-10.17.38-PM-1.jpeg\",\"width\":1080,\"height\":73,\"caption\":\"UPTOS Clodosbaldo Russi\u00e1n\"},\"image\":{\"@id\":\"\\\/#\\\/schema\\\/logo\\\/image\\\/\"},\"sameAs\":[\"https:\\\/\\\/www.facebook.com\\\/people\\\/UPTOS-Clodosbaldo-Russin\\\/100070891114831\\\/\",\"http:\\\/\\\/instagram.com\\\/uptoscr_oficial\"]}]}<\/script>\n<!-- \/ Yoast SEO plugin. -->","yoast_head_json":{"title":"PNF - UPTOS Clodosbaldo Russi\u00e1n","robots":{"index":"index","follow":"follow","max-snippet":"max-snippet:-1","max-image-preview":"max-image-preview:large","max-video-preview":"max-video-preview:-1"},"canonical":"https:\/\/www.uptos.edu.ve\/?page_id=2701","og_locale":"es_ES","og_type":"article","og_title":"PNF - UPTOS Clodosbaldo Russi\u00e1n","og_description":"Los Programas Nacionales de Formaci\u00f3n (PNF), tienen como finalidad transformar las \u00e1reas cient\u00edfico-human\u00edsticas para concebir a la educaci\u00f3n como una formaci\u00f3n integral y liberadora.","og_url":"https:\/\/www.uptos.edu.ve\/?page_id=2701","og_site_name":"UPTOS Clodosbaldo Russi\u00e1n","article_publisher":"https:\/\/www.facebook.com\/people\/UPTOS-Clodosbaldo-Russin\/100070891114831\/","article_modified_time":"2023-11-17T15:50:23+00:00","twitter_card":"summary_large_image","twitter_misc":{"Tiempo estimado de lectura":"1 minuto"},"schema":{"@context":"https:\/\/schema.org","@graph":[{"@type":"WebPage","@id":"https:\/\/www.uptos.edu.ve\/?page_id=2701","url":"https:\/\/www.uptos.edu.ve\/?page_id=2701","name":"PNF - UPTOS Clodosbaldo Russi\u00e1n","isPartOf":{"@id":"\/#website"},"datePublished":"2016-10-17T13:31:35+00:00","dateModified":"2023-11-17T15:50:23+00:00","breadcrumb":{"@id":"https:\/\/www.uptos.edu.ve\/?page_id=2701#breadcrumb"},"inLanguage":"es","potentialAction":[{"@type":"ReadAction","target":["https:\/\/www.uptos.edu.ve\/?page_id=2701"]}]},{"@type":"BreadcrumbList","@id":"https:\/\/www.uptos.edu.ve\/?page_id=2701#breadcrumb","itemListElement":[{"@type":"ListItem","position":1,"name":"Home","item":"https:\/\/www.uptos.edu.ve\/"},{"@type":"ListItem","position":2,"name":"Departamento Acad\u00e9mico","item":"https:\/\/www.uptos.edu.ve\/?page_id=2707"},{"@type":"ListItem","position":3,"name":"PNF"}]},{"@type":"WebSite","@id":"\/#website","url":"\/","name":"UPTOS Clodosbaldo Russi\u00e1n","description":"Universidad Polit\u00e9cnica del Oeste de Sucre","publisher":{"@id":"\/#organization"},"potentialAction":[{"@type":"SearchAction","target":{"@type":"EntryPoint","urlTemplate":"\/?s={search_term_string}"},"query-input":{"@type":"PropertyValueSpecification","valueRequired":true,"valueName":"search_term_string"}}],"inLanguage":"es"},{"@type":"Organization","@id":"\/#organization","name":"UPTOS Clodosbaldo Russi\u00e1n","url":"\/","logo":{"@type":"ImageObject","inLanguage":"es","@id":"\/#\/schema\/logo\/image\/","url":"https:\/\/www.uptos.edu.ve\/wp-content\/uploads\/2026\/02\/cropped-cropped-WhatsApp-Image-2026-02-11-at-10.17.38-PM-1.jpeg","contentUrl":"https:\/\/www.uptos.edu.ve\/wp-content\/uploads\/2026\/02\/cropped-cropped-WhatsApp-Image-2026-02-11-at-10.17.38-PM-1.jpeg","width":1080,"height":73,"caption":"UPTOS Clodosbaldo Russi\u00e1n"},"image":{"@id":"\/#\/schema\/logo\/image\/"},"sameAs":["https:\/\/www.facebook.com\/people\/UPTOS-Clodosbaldo-Russin\/100070891114831\/","http:\/\/instagram.com\/uptoscr_oficial"]}]}},"_links":{"self":[{"href":"https:\/\/www.uptos.edu.ve\/index.php?rest_route=\/wp\/v2\/pages\/2701","targetHints":{"allow":["GET"]}}],"collection":[{"href":"https:\/\/www.uptos.edu.ve\/index.php?rest_route=\/wp\/v2\/pages"}],"about":[{"href":"https:\/\/www.uptos.edu.ve\/index.php?rest_route=\/wp\/v2\/types\/page"}],"author":[{"embeddable":true,"href":"https:\/\/www.uptos.edu.ve\/index.php?rest_route=\/wp\/v2\/users\/2"}],"replies":[{"embeddable":true,"href":"https:\/\/www.uptos.edu.ve\/index.php?rest_route=%2Fwp%2Fv2%2Fcomments&post=2701"}],"version-history":[{"count":7,"href":"https:\/\/www.uptos.edu.ve\/index.php?rest_route=\/wp\/v2\/pages\/2701\/revisions"}],"predecessor-version":[{"id":11260,"href":"https:\/\/www.uptos.edu.ve\/index.php?rest_route=\/wp\/v2\/pages\/2701\/revisions\/11260"}],"up":[{"embeddable":true,"href":"https:\/\/www.uptos.edu.ve\/index.php?rest_route=\/wp\/v2\/pages\/2707"}],"wp:attachment":[{"href":"https:\/\/www.uptos.edu.ve\/index.php?rest_route=%2Fwp%2Fv2%2Fmedia&parent=2701"}],"curies":[{"name":"wp","href":"https:\/\/api.w.org\/{rel}","templated":true}]}}