{"id":2697,"date":"2016-10-17T13:35:34","date_gmt":"2016-10-17T17:35:34","guid":{"rendered":"http:\/\/www.demo.acmethemes.com\/education-base\/?page_id=27"},"modified":"2023-06-22T11:13:22","modified_gmt":"2023-06-22T15:13:22","slug":"mensaje-del-rector","status":"publish","type":"page","link":"https:\/\/www.uptos.edu.ve\/?page_id=2697","title":{"rendered":"Mensaje del Rector"},"content":{"rendered":"\n<div class=\"wp-block-group has-black-color has-text-color\" style=\"font-size:15px\"><div class=\"wp-block-group__inner-container is-layout-flow wp-block-group-is-layout-flow\">\n<p align=\"justify\"><font color=\"#000000\">La Universidad Polit\u00e9cnica Territorial del Oeste de Sucre \u00abClodosbaldo Russi\u00e1n\u00bb arriba a su X aniversario. Son diez a\u00f1os de fecunda labor, en permanente alianza y simbiosis con el pueblo; en donde nuestros investigadores y docentes, estudiantes, administrativos y obreros han logrado avanzar en la construcci\u00f3n de una universidad que huele, sabe y se parece al pueblo.<\/font><\/p>\n<p align=\"justify\"><font color=\"#000000\">Estamos empe\u00f1ados, en pro al potencial de nuestros suelos, r\u00edos, y mares, y sobre todo en el esp\u00edritu y sabidur\u00eda de nuestra gente, con nuestros aportes cient\u00edficos y tecnol\u00f3gicos, en avanzar hacia la independencia cultural, econ\u00f3mica y hacia la soberan\u00eda alimentaria del pueblo.<\/font><\/p>\n<p align=\"justify\"><font color=\"#000000\">Son diez a\u00f1os tratando de construir la patria, sue\u00f1o de nuestros libertadores, hombres y mujeres que han dado su vida por una patria libre y soberana, podemos decir con orgullo que hemos avanzado la tarea emprendida, siendo parte importante de ese impulso que desde el pueblo se levanta por la Venezuela independiente.<\/font>\u00a0<\/p>\n<p align=\"justify\"><font color=\"#000000\">Desde la \u00abClodosbaldo Russi\u00e1n\u00bb saludamos a todos los que han puesto su granito de arena en este construir de universidad y patria. Agradecemos todo el apoyo, seguros de contar con su esfuerzo para seguir avanzando en el camino propuesto y lograr todos juntos esa patria hermosa ansiada por todos. \u00abSomos Pueblo\u00bb.<\/font><\/p>\n<p><b><font color=\"#000000\">Prof. Enry G\u00f3mez Maiz &#8211; Rector<\/font><\/b><\/p>\n<\/div><\/div>\n","protected":false},"excerpt":{"rendered":"<p>La Universidad Polit\u00e9cnica Territorial del Oeste de Sucre \u00abClodosbaldo Russi\u00e1n\u00bb arriba a su X aniversario. Son diez a\u00f1os de fecunda labor, en permanente alianza y simbiosis con el pueblo; en donde nuestros investigadores y docentes, estudiantes, administrativos y obreros han logrado avanzar en la construcci\u00f3n\u00a0de una universidad que huele, sabe y se parece al pueblo.\u00a0 \u00a0\u00a0<\/p>\n<p>Estamos empe\u00f1ados, en pro al potencial de nuestros suelos, r\u00edos, y mares, y sobre todo en el esp\u00edritu y sabidur\u00eda de nuestra gente, con nuestros aportes cient\u00edficos y tecnol\u00f3gicos, en avanzar hacia la independencia cultural, econ\u00f3mica y hacia la soberan\u00eda alimentaria del pueblo.<\/p>\n","protected":false},"author":2,"featured_media":6566,"parent":0,"menu_order":0,"comment_status":"closed","ping_status":"closed","template":"","meta":{"_monsterinsights_skip_tracking":false,"_monsterinsights_sitenote_active":false,"_monsterinsights_sitenote_note":"","_monsterinsights_sitenote_category":0,"footnotes":""},"class_list":["post-2697","page","type-page","status-publish","has-post-thumbnail","hentry"],"yoast_head":"<!-- This site is optimized with the Yoast SEO plugin v27.4 - https:\/\/yoast.com\/product\/yoast-seo-wordpress\/ -->\n<title>Mensaje del Rector - UPTOS Clodosbaldo Russi\u00e1n<\/title>\n<meta name=\"robots\" content=\"index, follow, max-snippet:-1, max-image-preview:large, max-video-preview:-1\" \/>\n<link rel=\"canonical\" href=\"https:\/\/www.uptos.edu.ve\/?page_id=2697\" \/>\n<meta property=\"og:locale\" content=\"es_ES\" \/>\n<meta property=\"og:type\" content=\"article\" \/>\n<meta property=\"og:title\" content=\"Mensaje del Rector - UPTOS Clodosbaldo Russi\u00e1n\" \/>\n<meta property=\"og:description\" content=\"La Universidad Polit\u00e9cnica Territorial del Oeste de Sucre &quot;Clodosbaldo Russi\u00e1n&quot; arriba a su X aniversario. Son diez a\u00f1os de fecunda labor, en permanente alianza y simbiosis con el pueblo; en donde nuestros investigadores y docentes, estudiantes, administrativos y obreros han logrado avanzar en la construcci\u00f3n\u00a0de una universidad que huele, sabe y se parece al pueblo.\u00a0 \u00a0\u00a0 Estamos empe\u00f1ados, en pro al potencial de nuestros suelos, r\u00edos, y mares, y sobre todo en el esp\u00edritu y sabidur\u00eda de nuestra gente, con nuestros aportes cient\u00edficos y tecnol\u00f3gicos, en avanzar hacia la independencia cultural, econ\u00f3mica y hacia la soberan\u00eda alimentaria del pueblo.\" \/>\n<meta property=\"og:url\" content=\"https:\/\/www.uptos.edu.ve\/?page_id=2697\" \/>\n<meta property=\"og:site_name\" content=\"UPTOS Clodosbaldo Russi\u00e1n\" \/>\n<meta property=\"article:publisher\" content=\"https:\/\/www.facebook.com\/people\/UPTOS-Clodosbaldo-Russin\/100070891114831\/\" \/>\n<meta property=\"article:modified_time\" content=\"2023-06-22T15:13:22+00:00\" \/>\n<meta property=\"og:image\" content=\"https:\/\/www.uptos.edu.ve\/wp-content\/uploads\/2023\/03\/15-compressed.jpg\" \/>\n\t<meta property=\"og:image:width\" content=\"870\" \/>\n\t<meta property=\"og:image:height\" content=\"792\" \/>\n\t<meta property=\"og:image:type\" content=\"image\/jpeg\" \/>\n<meta name=\"twitter:card\" content=\"summary_large_image\" \/>\n<meta name=\"twitter:label1\" content=\"Tiempo estimado de lectura\" \/>\n\t<meta name=\"twitter:data1\" content=\"1 minuto\" \/>\n<script type=\"application\/ld+json\" class=\"yoast-schema-graph\">{\"@context\":\"https:\\\/\\\/schema.org\",\"@graph\":[{\"@type\":\"WebPage\",\"@id\":\"https:\\\/\\\/www.uptos.edu.ve\\\/?page_id=2697\",\"url\":\"https:\\\/\\\/www.uptos.edu.ve\\\/?page_id=2697\",\"name\":\"Mensaje del Rector - UPTOS Clodosbaldo Russi\u00e1n\",\"isPartOf\":{\"@id\":\"\\\/#website\"},\"primaryImageOfPage\":{\"@id\":\"https:\\\/\\\/www.uptos.edu.ve\\\/?page_id=2697#primaryimage\"},\"image\":{\"@id\":\"https:\\\/\\\/www.uptos.edu.ve\\\/?page_id=2697#primaryimage\"},\"thumbnailUrl\":\"https:\\\/\\\/www.uptos.edu.ve\\\/wp-content\\\/uploads\\\/2023\\\/03\\\/15-compressed.jpg\",\"datePublished\":\"2016-10-17T17:35:34+00:00\",\"dateModified\":\"2023-06-22T15:13:22+00:00\",\"breadcrumb\":{\"@id\":\"https:\\\/\\\/www.uptos.edu.ve\\\/?page_id=2697#breadcrumb\"},\"inLanguage\":\"es\",\"potentialAction\":[{\"@type\":\"ReadAction\",\"target\":[\"https:\\\/\\\/www.uptos.edu.ve\\\/?page_id=2697\"]}]},{\"@type\":\"ImageObject\",\"inLanguage\":\"es\",\"@id\":\"https:\\\/\\\/www.uptos.edu.ve\\\/?page_id=2697#primaryimage\",\"url\":\"https:\\\/\\\/www.uptos.edu.ve\\\/wp-content\\\/uploads\\\/2023\\\/03\\\/15-compressed.jpg\",\"contentUrl\":\"https:\\\/\\\/www.uptos.edu.ve\\\/wp-content\\\/uploads\\\/2023\\\/03\\\/15-compressed.jpg\",\"width\":870,\"height\":792},{\"@type\":\"BreadcrumbList\",\"@id\":\"https:\\\/\\\/www.uptos.edu.ve\\\/?page_id=2697#breadcrumb\",\"itemListElement\":[{\"@type\":\"ListItem\",\"position\":1,\"name\":\"Home\",\"item\":\"https:\\\/\\\/www.uptos.edu.ve\\\/\"},{\"@type\":\"ListItem\",\"position\":2,\"name\":\"Mensaje del Rector\"}]},{\"@type\":\"WebSite\",\"@id\":\"\\\/#website\",\"url\":\"\\\/\",\"name\":\"UPTOS Clodosbaldo Russi\u00e1n\",\"description\":\"Universidad Polit\u00e9cnica del Oeste de Sucre\",\"publisher\":{\"@id\":\"\\\/#organization\"},\"potentialAction\":[{\"@type\":\"SearchAction\",\"target\":{\"@type\":\"EntryPoint\",\"urlTemplate\":\"\\\/?s={search_term_string}\"},\"query-input\":{\"@type\":\"PropertyValueSpecification\",\"valueRequired\":true,\"valueName\":\"search_term_string\"}}],\"inLanguage\":\"es\"},{\"@type\":\"Organization\",\"@id\":\"\\\/#organization\",\"name\":\"UPTOS Clodosbaldo Russi\u00e1n\",\"url\":\"\\\/\",\"logo\":{\"@type\":\"ImageObject\",\"inLanguage\":\"es\",\"@id\":\"\\\/#\\\/schema\\\/logo\\\/image\\\/\",\"url\":\"https:\\\/\\\/www.uptos.edu.ve\\\/wp-content\\\/uploads\\\/2026\\\/02\\\/cropped-cropped-WhatsApp-Image-2026-02-11-at-10.17.38-PM-1.jpeg\",\"contentUrl\":\"https:\\\/\\\/www.uptos.edu.ve\\\/wp-content\\\/uploads\\\/2026\\\/02\\\/cropped-cropped-WhatsApp-Image-2026-02-11-at-10.17.38-PM-1.jpeg\",\"width\":1080,\"height\":73,\"caption\":\"UPTOS Clodosbaldo Russi\u00e1n\"},\"image\":{\"@id\":\"\\\/#\\\/schema\\\/logo\\\/image\\\/\"},\"sameAs\":[\"https:\\\/\\\/www.facebook.com\\\/people\\\/UPTOS-Clodosbaldo-Russin\\\/100070891114831\\\/\",\"http:\\\/\\\/instagram.com\\\/uptoscr_oficial\"]}]}<\/script>\n<!-- \/ Yoast SEO plugin. -->","yoast_head_json":{"title":"Mensaje del Rector - UPTOS Clodosbaldo Russi\u00e1n","robots":{"index":"index","follow":"follow","max-snippet":"max-snippet:-1","max-image-preview":"max-image-preview:large","max-video-preview":"max-video-preview:-1"},"canonical":"https:\/\/www.uptos.edu.ve\/?page_id=2697","og_locale":"es_ES","og_type":"article","og_title":"Mensaje del Rector - UPTOS Clodosbaldo Russi\u00e1n","og_description":"La Universidad Polit\u00e9cnica Territorial del Oeste de Sucre \"Clodosbaldo Russi\u00e1n\" arriba a su X aniversario. Son diez a\u00f1os de fecunda labor, en permanente alianza y simbiosis con el pueblo; en donde nuestros investigadores y docentes, estudiantes, administrativos y obreros han logrado avanzar en la construcci\u00f3n\u00a0de una universidad que huele, sabe y se parece al pueblo.\u00a0 \u00a0\u00a0 Estamos empe\u00f1ados, en pro al potencial de nuestros suelos, r\u00edos, y mares, y sobre todo en el esp\u00edritu y sabidur\u00eda de nuestra gente, con nuestros aportes cient\u00edficos y tecnol\u00f3gicos, en avanzar hacia la independencia cultural, econ\u00f3mica y hacia la soberan\u00eda alimentaria del pueblo.","og_url":"https:\/\/www.uptos.edu.ve\/?page_id=2697","og_site_name":"UPTOS Clodosbaldo Russi\u00e1n","article_publisher":"https:\/\/www.facebook.com\/people\/UPTOS-Clodosbaldo-Russin\/100070891114831\/","article_modified_time":"2023-06-22T15:13:22+00:00","og_image":[{"width":870,"height":792,"url":"https:\/\/www.uptos.edu.ve\/wp-content\/uploads\/2023\/03\/15-compressed.jpg","type":"image\/jpeg"}],"twitter_card":"summary_large_image","twitter_misc":{"Tiempo estimado de lectura":"1 minuto"},"schema":{"@context":"https:\/\/schema.org","@graph":[{"@type":"WebPage","@id":"https:\/\/www.uptos.edu.ve\/?page_id=2697","url":"https:\/\/www.uptos.edu.ve\/?page_id=2697","name":"Mensaje del Rector - UPTOS Clodosbaldo Russi\u00e1n","isPartOf":{"@id":"\/#website"},"primaryImageOfPage":{"@id":"https:\/\/www.uptos.edu.ve\/?page_id=2697#primaryimage"},"image":{"@id":"https:\/\/www.uptos.edu.ve\/?page_id=2697#primaryimage"},"thumbnailUrl":"https:\/\/www.uptos.edu.ve\/wp-content\/uploads\/2023\/03\/15-compressed.jpg","datePublished":"2016-10-17T17:35:34+00:00","dateModified":"2023-06-22T15:13:22+00:00","breadcrumb":{"@id":"https:\/\/www.uptos.edu.ve\/?page_id=2697#breadcrumb"},"inLanguage":"es","potentialAction":[{"@type":"ReadAction","target":["https:\/\/www.uptos.edu.ve\/?page_id=2697"]}]},{"@type":"ImageObject","inLanguage":"es","@id":"https:\/\/www.uptos.edu.ve\/?page_id=2697#primaryimage","url":"https:\/\/www.uptos.edu.ve\/wp-content\/uploads\/2023\/03\/15-compressed.jpg","contentUrl":"https:\/\/www.uptos.edu.ve\/wp-content\/uploads\/2023\/03\/15-compressed.jpg","width":870,"height":792},{"@type":"BreadcrumbList","@id":"https:\/\/www.uptos.edu.ve\/?page_id=2697#breadcrumb","itemListElement":[{"@type":"ListItem","position":1,"name":"Home","item":"https:\/\/www.uptos.edu.ve\/"},{"@type":"ListItem","position":2,"name":"Mensaje del Rector"}]},{"@type":"WebSite","@id":"\/#website","url":"\/","name":"UPTOS Clodosbaldo Russi\u00e1n","description":"Universidad Polit\u00e9cnica del Oeste de Sucre","publisher":{"@id":"\/#organization"},"potentialAction":[{"@type":"SearchAction","target":{"@type":"EntryPoint","urlTemplate":"\/?s={search_term_string}"},"query-input":{"@type":"PropertyValueSpecification","valueRequired":true,"valueName":"search_term_string"}}],"inLanguage":"es"},{"@type":"Organization","@id":"\/#organization","name":"UPTOS Clodosbaldo Russi\u00e1n","url":"\/","logo":{"@type":"ImageObject","inLanguage":"es","@id":"\/#\/schema\/logo\/image\/","url":"https:\/\/www.uptos.edu.ve\/wp-content\/uploads\/2026\/02\/cropped-cropped-WhatsApp-Image-2026-02-11-at-10.17.38-PM-1.jpeg","contentUrl":"https:\/\/www.uptos.edu.ve\/wp-content\/uploads\/2026\/02\/cropped-cropped-WhatsApp-Image-2026-02-11-at-10.17.38-PM-1.jpeg","width":1080,"height":73,"caption":"UPTOS Clodosbaldo Russi\u00e1n"},"image":{"@id":"\/#\/schema\/logo\/image\/"},"sameAs":["https:\/\/www.facebook.com\/people\/UPTOS-Clodosbaldo-Russin\/100070891114831\/","http:\/\/instagram.com\/uptoscr_oficial"]}]}},"_links":{"self":[{"href":"https:\/\/www.uptos.edu.ve\/index.php?rest_route=\/wp\/v2\/pages\/2697","targetHints":{"allow":["GET"]}}],"collection":[{"href":"https:\/\/www.uptos.edu.ve\/index.php?rest_route=\/wp\/v2\/pages"}],"about":[{"href":"https:\/\/www.uptos.edu.ve\/index.php?rest_route=\/wp\/v2\/types\/page"}],"author":[{"embeddable":true,"href":"https:\/\/www.uptos.edu.ve\/index.php?rest_route=\/wp\/v2\/users\/2"}],"replies":[{"embeddable":true,"href":"https:\/\/www.uptos.edu.ve\/index.php?rest_route=%2Fwp%2Fv2%2Fcomments&post=2697"}],"version-history":[{"count":2,"href":"https:\/\/www.uptos.edu.ve\/index.php?rest_route=\/wp\/v2\/pages\/2697\/revisions"}],"predecessor-version":[{"id":10458,"href":"https:\/\/www.uptos.edu.ve\/index.php?rest_route=\/wp\/v2\/pages\/2697\/revisions\/10458"}],"wp:featuredmedia":[{"embeddable":true,"href":"https:\/\/www.uptos.edu.ve\/index.php?rest_route=\/wp\/v2\/media\/6566"}],"wp:attachment":[{"href":"https:\/\/www.uptos.edu.ve\/index.php?rest_route=%2Fwp%2Fv2%2Fmedia&parent=2697"}],"curies":[{"name":"wp","href":"https:\/\/api.w.org\/{rel}","templated":true}]}}