{"id":2691,"date":"2016-10-17T13:41:16","date_gmt":"2016-10-17T13:41:16","guid":{"rendered":"http:\/\/www.demo.acmethemes.com\/education-base\/?page_id=33"},"modified":"2023-06-27T10:09:22","modified_gmt":"2023-06-27T14:09:22","slug":"ing-francelys-marchan","status":"publish","type":"page","link":"https:\/\/www.uptos.edu.ve\/?page_id=2691","title":{"rendered":"ING. FRANCELYS MARCHAN"},"content":{"rendered":"<p align=\"justify\"><font color=\"#000000\"><font size=\"3\">Ser parte de esta prestigiosa universidad UPTOS \u201cClodosbaldo Russian\u201d me ense\u00f1\u00f3 que los sue\u00f1os s\u00ed\u00a0se hacen realidad cuando te propones alcanzar una meta, que las circunstancias en el camino van forjando el mejor diamante, que la mediocridad se puede convertir en excelencia si no tiramos la toalla en el camino. Hay que levantarnos en cada ca\u00edda y llenarnos\u00a0de valor para seguir adelante, debemos tener presente siempre porque emprendimos ese camino, el cual cambiar\u00eda para mejor nuestro destino. Gracias infinitas a cada profesor que con su arduo trabajo form\u00f3 la profesional que hoy en d\u00eda soy. Cada etapa vivida fue una experiencia inolvidable y haber sido parte de la UPTOS para mi es confortable. En cada paso que doy, siempre orgullosa de donde vengo y a donde voy! <\/font><br \/>\n<font size=\"3\">Mi hermosa casa estudio, siempre te llevo en mi coraz\u00f3n!<\/font><\/font><\/p>\n<p><font color=\"#000000\">Att.<\/font><br \/>\n<font size=\"3\" color=\"#000000\">Francelys Marchan<\/font><\/p>\n","protected":false},"excerpt":{"rendered":"<p>\u00abSer parte de esta prestigiosa universidad UPTOS \u201cClodosbaldo Russian\u201d me ense\u00f1\u00f3 que los sue\u00f1os si se hacen realidad cuando te propones alcanzar una meta, que las circunstancias en el camino van forjando el mejor diamante, que la mediocridad se puede convertir en excelencia si no tiramos la toalla en el camino&#8230;\u00bb <\/p>\n","protected":false},"author":2,"featured_media":6409,"parent":2695,"menu_order":0,"comment_status":"closed","ping_status":"closed","template":"","meta":{"_monsterinsights_skip_tracking":false,"_monsterinsights_sitenote_active":false,"_monsterinsights_sitenote_note":"","_monsterinsights_sitenote_category":0,"footnotes":""},"class_list":["post-2691","page","type-page","status-publish","has-post-thumbnail","hentry"],"yoast_head":"<!-- This site is optimized with the Yoast SEO plugin v27.4 - https:\/\/yoast.com\/product\/yoast-seo-wordpress\/ -->\n<title>ING. FRANCELYS MARCHAN - UPTOS Clodosbaldo Russi\u00e1n<\/title>\n<meta name=\"robots\" content=\"index, follow, max-snippet:-1, max-image-preview:large, max-video-preview:-1\" \/>\n<link rel=\"canonical\" href=\"https:\/\/www.uptos.edu.ve\/?page_id=2691\" \/>\n<meta property=\"og:locale\" content=\"es_ES\" \/>\n<meta property=\"og:type\" content=\"article\" \/>\n<meta property=\"og:title\" content=\"ING. FRANCELYS MARCHAN - UPTOS Clodosbaldo Russi\u00e1n\" \/>\n<meta property=\"og:description\" content=\"&quot;Ser parte de esta prestigiosa universidad UPTOS \u201cClodosbaldo Russian\u201d me ense\u00f1\u00f3 que los sue\u00f1os si se hacen realidad cuando te propones alcanzar una meta, que las circunstancias en el camino van forjando el mejor diamante, que la mediocridad se puede convertir en excelencia si no tiramos la toalla en el camino...&quot;\" \/>\n<meta property=\"og:url\" content=\"https:\/\/www.uptos.edu.ve\/?page_id=2691\" \/>\n<meta property=\"og:site_name\" content=\"UPTOS Clodosbaldo Russi\u00e1n\" \/>\n<meta property=\"article:publisher\" content=\"https:\/\/www.facebook.com\/people\/UPTOS-Clodosbaldo-Russin\/100070891114831\/\" \/>\n<meta property=\"article:modified_time\" content=\"2023-06-27T14:09:22+00:00\" \/>\n<meta property=\"og:image\" content=\"https:\/\/www.uptos.edu.ve\/wp-content\/uploads\/2023\/03\/WhatsApp-Image-2022-11-25-at-2-compressed-1.jpg\" \/>\n\t<meta property=\"og:image:width\" content=\"826\" \/>\n\t<meta property=\"og:image:height\" content=\"1280\" \/>\n\t<meta property=\"og:image:type\" content=\"image\/jpeg\" \/>\n<meta name=\"twitter:card\" content=\"summary_large_image\" \/>\n<meta name=\"twitter:label1\" content=\"Tiempo estimado de lectura\" \/>\n\t<meta name=\"twitter:data1\" content=\"1 minuto\" \/>\n<script type=\"application\/ld+json\" class=\"yoast-schema-graph\">{\"@context\":\"https:\\\/\\\/schema.org\",\"@graph\":[{\"@type\":\"WebPage\",\"@id\":\"https:\\\/\\\/www.uptos.edu.ve\\\/?page_id=2691\",\"url\":\"https:\\\/\\\/www.uptos.edu.ve\\\/?page_id=2691\",\"name\":\"ING. FRANCELYS MARCHAN - UPTOS Clodosbaldo Russi\u00e1n\",\"isPartOf\":{\"@id\":\"\\\/#website\"},\"primaryImageOfPage\":{\"@id\":\"https:\\\/\\\/www.uptos.edu.ve\\\/?page_id=2691#primaryimage\"},\"image\":{\"@id\":\"https:\\\/\\\/www.uptos.edu.ve\\\/?page_id=2691#primaryimage\"},\"thumbnailUrl\":\"https:\\\/\\\/www.uptos.edu.ve\\\/wp-content\\\/uploads\\\/2023\\\/03\\\/WhatsApp-Image-2022-11-25-at-2-compressed-1.jpg\",\"datePublished\":\"2016-10-17T13:41:16+00:00\",\"dateModified\":\"2023-06-27T14:09:22+00:00\",\"breadcrumb\":{\"@id\":\"https:\\\/\\\/www.uptos.edu.ve\\\/?page_id=2691#breadcrumb\"},\"inLanguage\":\"es\",\"potentialAction\":[{\"@type\":\"ReadAction\",\"target\":[\"https:\\\/\\\/www.uptos.edu.ve\\\/?page_id=2691\"]}]},{\"@type\":\"ImageObject\",\"inLanguage\":\"es\",\"@id\":\"https:\\\/\\\/www.uptos.edu.ve\\\/?page_id=2691#primaryimage\",\"url\":\"https:\\\/\\\/www.uptos.edu.ve\\\/wp-content\\\/uploads\\\/2023\\\/03\\\/WhatsApp-Image-2022-11-25-at-2-compressed-1.jpg\",\"contentUrl\":\"https:\\\/\\\/www.uptos.edu.ve\\\/wp-content\\\/uploads\\\/2023\\\/03\\\/WhatsApp-Image-2022-11-25-at-2-compressed-1.jpg\",\"width\":826,\"height\":1280},{\"@type\":\"BreadcrumbList\",\"@id\":\"https:\\\/\\\/www.uptos.edu.ve\\\/?page_id=2691#breadcrumb\",\"itemListElement\":[{\"@type\":\"ListItem\",\"position\":1,\"name\":\"Home\",\"item\":\"https:\\\/\\\/www.uptos.edu.ve\\\/\"},{\"@type\":\"ListItem\",\"position\":2,\"name\":\"Testimonials\",\"item\":\"https:\\\/\\\/www.uptos.edu.ve\\\/?page_id=2695\"},{\"@type\":\"ListItem\",\"position\":3,\"name\":\"ING. FRANCELYS MARCHAN\"}]},{\"@type\":\"WebSite\",\"@id\":\"\\\/#website\",\"url\":\"\\\/\",\"name\":\"UPTOS Clodosbaldo Russi\u00e1n\",\"description\":\"Universidad Polit\u00e9cnica del Oeste de Sucre\",\"publisher\":{\"@id\":\"\\\/#organization\"},\"potentialAction\":[{\"@type\":\"SearchAction\",\"target\":{\"@type\":\"EntryPoint\",\"urlTemplate\":\"\\\/?s={search_term_string}\"},\"query-input\":{\"@type\":\"PropertyValueSpecification\",\"valueRequired\":true,\"valueName\":\"search_term_string\"}}],\"inLanguage\":\"es\"},{\"@type\":\"Organization\",\"@id\":\"\\\/#organization\",\"name\":\"UPTOS Clodosbaldo Russi\u00e1n\",\"url\":\"\\\/\",\"logo\":{\"@type\":\"ImageObject\",\"inLanguage\":\"es\",\"@id\":\"\\\/#\\\/schema\\\/logo\\\/image\\\/\",\"url\":\"https:\\\/\\\/www.uptos.edu.ve\\\/wp-content\\\/uploads\\\/2026\\\/02\\\/cropped-cropped-WhatsApp-Image-2026-02-11-at-10.17.38-PM-1.jpeg\",\"contentUrl\":\"https:\\\/\\\/www.uptos.edu.ve\\\/wp-content\\\/uploads\\\/2026\\\/02\\\/cropped-cropped-WhatsApp-Image-2026-02-11-at-10.17.38-PM-1.jpeg\",\"width\":1080,\"height\":73,\"caption\":\"UPTOS Clodosbaldo Russi\u00e1n\"},\"image\":{\"@id\":\"\\\/#\\\/schema\\\/logo\\\/image\\\/\"},\"sameAs\":[\"https:\\\/\\\/www.facebook.com\\\/people\\\/UPTOS-Clodosbaldo-Russin\\\/100070891114831\\\/\",\"http:\\\/\\\/instagram.com\\\/uptoscr_oficial\"]}]}<\/script>\n<!-- \/ Yoast SEO plugin. -->","yoast_head_json":{"title":"ING. FRANCELYS MARCHAN - UPTOS Clodosbaldo Russi\u00e1n","robots":{"index":"index","follow":"follow","max-snippet":"max-snippet:-1","max-image-preview":"max-image-preview:large","max-video-preview":"max-video-preview:-1"},"canonical":"https:\/\/www.uptos.edu.ve\/?page_id=2691","og_locale":"es_ES","og_type":"article","og_title":"ING. FRANCELYS MARCHAN - UPTOS Clodosbaldo Russi\u00e1n","og_description":"\"Ser parte de esta prestigiosa universidad UPTOS \u201cClodosbaldo Russian\u201d me ense\u00f1\u00f3 que los sue\u00f1os si se hacen realidad cuando te propones alcanzar una meta, que las circunstancias en el camino van forjando el mejor diamante, que la mediocridad se puede convertir en excelencia si no tiramos la toalla en el camino...\"","og_url":"https:\/\/www.uptos.edu.ve\/?page_id=2691","og_site_name":"UPTOS Clodosbaldo Russi\u00e1n","article_publisher":"https:\/\/www.facebook.com\/people\/UPTOS-Clodosbaldo-Russin\/100070891114831\/","article_modified_time":"2023-06-27T14:09:22+00:00","og_image":[{"width":826,"height":1280,"url":"https:\/\/www.uptos.edu.ve\/wp-content\/uploads\/2023\/03\/WhatsApp-Image-2022-11-25-at-2-compressed-1.jpg","type":"image\/jpeg"}],"twitter_card":"summary_large_image","twitter_misc":{"Tiempo estimado de lectura":"1 minuto"},"schema":{"@context":"https:\/\/schema.org","@graph":[{"@type":"WebPage","@id":"https:\/\/www.uptos.edu.ve\/?page_id=2691","url":"https:\/\/www.uptos.edu.ve\/?page_id=2691","name":"ING. FRANCELYS MARCHAN - UPTOS Clodosbaldo Russi\u00e1n","isPartOf":{"@id":"\/#website"},"primaryImageOfPage":{"@id":"https:\/\/www.uptos.edu.ve\/?page_id=2691#primaryimage"},"image":{"@id":"https:\/\/www.uptos.edu.ve\/?page_id=2691#primaryimage"},"thumbnailUrl":"https:\/\/www.uptos.edu.ve\/wp-content\/uploads\/2023\/03\/WhatsApp-Image-2022-11-25-at-2-compressed-1.jpg","datePublished":"2016-10-17T13:41:16+00:00","dateModified":"2023-06-27T14:09:22+00:00","breadcrumb":{"@id":"https:\/\/www.uptos.edu.ve\/?page_id=2691#breadcrumb"},"inLanguage":"es","potentialAction":[{"@type":"ReadAction","target":["https:\/\/www.uptos.edu.ve\/?page_id=2691"]}]},{"@type":"ImageObject","inLanguage":"es","@id":"https:\/\/www.uptos.edu.ve\/?page_id=2691#primaryimage","url":"https:\/\/www.uptos.edu.ve\/wp-content\/uploads\/2023\/03\/WhatsApp-Image-2022-11-25-at-2-compressed-1.jpg","contentUrl":"https:\/\/www.uptos.edu.ve\/wp-content\/uploads\/2023\/03\/WhatsApp-Image-2022-11-25-at-2-compressed-1.jpg","width":826,"height":1280},{"@type":"BreadcrumbList","@id":"https:\/\/www.uptos.edu.ve\/?page_id=2691#breadcrumb","itemListElement":[{"@type":"ListItem","position":1,"name":"Home","item":"https:\/\/www.uptos.edu.ve\/"},{"@type":"ListItem","position":2,"name":"Testimonials","item":"https:\/\/www.uptos.edu.ve\/?page_id=2695"},{"@type":"ListItem","position":3,"name":"ING. FRANCELYS MARCHAN"}]},{"@type":"WebSite","@id":"\/#website","url":"\/","name":"UPTOS Clodosbaldo Russi\u00e1n","description":"Universidad Polit\u00e9cnica del Oeste de Sucre","publisher":{"@id":"\/#organization"},"potentialAction":[{"@type":"SearchAction","target":{"@type":"EntryPoint","urlTemplate":"\/?s={search_term_string}"},"query-input":{"@type":"PropertyValueSpecification","valueRequired":true,"valueName":"search_term_string"}}],"inLanguage":"es"},{"@type":"Organization","@id":"\/#organization","name":"UPTOS Clodosbaldo Russi\u00e1n","url":"\/","logo":{"@type":"ImageObject","inLanguage":"es","@id":"\/#\/schema\/logo\/image\/","url":"https:\/\/www.uptos.edu.ve\/wp-content\/uploads\/2026\/02\/cropped-cropped-WhatsApp-Image-2026-02-11-at-10.17.38-PM-1.jpeg","contentUrl":"https:\/\/www.uptos.edu.ve\/wp-content\/uploads\/2026\/02\/cropped-cropped-WhatsApp-Image-2026-02-11-at-10.17.38-PM-1.jpeg","width":1080,"height":73,"caption":"UPTOS Clodosbaldo Russi\u00e1n"},"image":{"@id":"\/#\/schema\/logo\/image\/"},"sameAs":["https:\/\/www.facebook.com\/people\/UPTOS-Clodosbaldo-Russin\/100070891114831\/","http:\/\/instagram.com\/uptoscr_oficial"]}]}},"_links":{"self":[{"href":"https:\/\/www.uptos.edu.ve\/index.php?rest_route=\/wp\/v2\/pages\/2691","targetHints":{"allow":["GET"]}}],"collection":[{"href":"https:\/\/www.uptos.edu.ve\/index.php?rest_route=\/wp\/v2\/pages"}],"about":[{"href":"https:\/\/www.uptos.edu.ve\/index.php?rest_route=\/wp\/v2\/types\/page"}],"author":[{"embeddable":true,"href":"https:\/\/www.uptos.edu.ve\/index.php?rest_route=\/wp\/v2\/users\/2"}],"replies":[{"embeddable":true,"href":"https:\/\/www.uptos.edu.ve\/index.php?rest_route=%2Fwp%2Fv2%2Fcomments&post=2691"}],"version-history":[{"count":2,"href":"https:\/\/www.uptos.edu.ve\/index.php?rest_route=\/wp\/v2\/pages\/2691\/revisions"}],"predecessor-version":[{"id":10723,"href":"https:\/\/www.uptos.edu.ve\/index.php?rest_route=\/wp\/v2\/pages\/2691\/revisions\/10723"}],"up":[{"embeddable":true,"href":"https:\/\/www.uptos.edu.ve\/index.php?rest_route=\/wp\/v2\/pages\/2695"}],"wp:featuredmedia":[{"embeddable":true,"href":"https:\/\/www.uptos.edu.ve\/index.php?rest_route=\/wp\/v2\/media\/6409"}],"wp:attachment":[{"href":"https:\/\/www.uptos.edu.ve\/index.php?rest_route=%2Fwp%2Fv2%2Fmedia&parent=2691"}],"curies":[{"name":"wp","href":"https:\/\/api.w.org\/{rel}","templated":true}]}}