{"id":2669,"date":"2016-10-17T14:39:24","date_gmt":"2016-10-17T14:39:24","guid":{"rendered":"http:\/\/www.demo.acmethemes.com\/education-base\/?page_id=59"},"modified":"2023-06-26T10:51:39","modified_gmt":"2023-06-26T14:51:39","slug":"siproiut","status":"publish","type":"page","link":"https:\/\/www.uptos.edu.ve\/?page_id=2669","title":{"rendered":"SIPROIUT"},"content":{"rendered":"\n<h2 class=\"wp-block-heading has-text-align-center\"><strong>RESE\u00d1A HISTORICA DE SIPROIUT CUMANA<\/strong><\/h2>\n\n\n\n<p align=\"justify\"><font color=\"#000000\"><font size=\"3\">El Sindicato de Profesores SIPROIUT CUM se fund\u00f3 el 19 de Noviembre de 1982, por la inquietud de algunos profesores quienes se reunieron con el fin de crear una organizaci\u00f3n sindical, que contribuyera al estudio y soluci\u00f3n de los problemas de la educaci\u00f3n y para defender los derechos establecidos en la ley del trabajo vigente. La misma tiene su asiento en la Ciudad de Cuman\u00e1 y jurisdicci\u00f3n en todo el estado Sucre, agrupando a todos los trabajadores en funci\u00f3n docente que prestan su servicio en el Instituto Universitario de Tecnolog\u00eda de Cuman\u00e1. Desde su fundaci\u00f3n y durante los a\u00f1os transcurridos, se han realizado elecciones sistem\u00e1ticamente y se han defendido los derechos laborales de los docentes cumpliendo con lo establecido en los estatutos y la ley del trabajo y su reglamento, constituyendo la organizaci\u00f3n sindical originaria en el sector docente en nuestra instituci\u00f3n, por m\u00e1s de treinta a\u00f1os de existencia.<\/font><\/font><\/p>\n<h5><font color=\"#980000\">Misi\u00f3n<\/font><\/h5>\n<p align=\"justify\"><font color=\"#000000\"><font size=\"3\">Es un Sindicato, sin fines de lucro, que tiene por objeto el estudio, defensa y protecci\u00f3n de los intereses econ\u00f3micos, culturales, acad\u00e9micos, sociales, morales y profesionales de sus miembros, as\u00ed como la defensa de la estabilidad docente.<\/font><\/font><\/p>\n<h5><font color=\"#980000\">Visi\u00f3n<\/font><\/h5>\n<p align=\"justify\"><font color=\"#000000\"><font size=\"3\">El sindicato ser\u00e1 una organizaci\u00f3n sindical que tendr\u00e1 su propia pol\u00edtica: que ser\u00e1 la pol\u00edtica de la clase trabajadora y ser\u00e1 un organismo independiente del Estado, de los patronos, de los partidos pol\u00edticos y de los credos religiosos, respetando las normas de la Democracia Sindical, como un medio para garantizar la unidad clasista de sus miembros en la defensa de sus intereses y derechos. De igual forma, se opondr\u00e1 en\u00e9rgicamente a los intentos represivos de las fuerzas enemigas de nuestro pa\u00eds, ratificando por tanto su naturaleza independiente, clasista y nacionalista, defendiendo los principios de la paz y la solidaridad humana, as\u00ed como, los derechos humanos en general.<\/font><\/font><\/p>\n","protected":false},"excerpt":{"rendered":"<p>RESE\u00d1A HISTORICA DE SIPROIUT CUMANA El Sindicato de Profesores SIPROIUT CUM se fund\u00f3 el 19 de Noviembre de 1982, por la inquietud de algunos profesores quienes se reunieron con el&hellip;<\/p>\n","protected":false},"author":2,"featured_media":0,"parent":2647,"menu_order":0,"comment_status":"closed","ping_status":"closed","template":"","meta":{"_monsterinsights_skip_tracking":false,"_monsterinsights_sitenote_active":false,"_monsterinsights_sitenote_note":"","_monsterinsights_sitenote_category":0,"footnotes":""},"class_list":["post-2669","page","type-page","status-publish","hentry"],"yoast_head":"<!-- This site is optimized with the Yoast SEO plugin v27.4 - https:\/\/yoast.com\/product\/yoast-seo-wordpress\/ -->\n<title>SIPROIUT - UPTOS Clodosbaldo Russi\u00e1n<\/title>\n<meta name=\"robots\" content=\"index, follow, max-snippet:-1, max-image-preview:large, max-video-preview:-1\" \/>\n<link rel=\"canonical\" href=\"https:\/\/www.uptos.edu.ve\/?page_id=2669\" \/>\n<meta property=\"og:locale\" content=\"es_ES\" \/>\n<meta property=\"og:type\" content=\"article\" \/>\n<meta property=\"og:title\" content=\"SIPROIUT - UPTOS Clodosbaldo Russi\u00e1n\" \/>\n<meta property=\"og:description\" content=\"RESE\u00d1A HISTORICA DE SIPROIUT CUMANA El Sindicato de Profesores SIPROIUT CUM se fund\u00f3 el 19 de Noviembre de 1982, por la inquietud de algunos profesores quienes se reunieron con el&hellip;\" \/>\n<meta property=\"og:url\" content=\"https:\/\/www.uptos.edu.ve\/?page_id=2669\" \/>\n<meta property=\"og:site_name\" content=\"UPTOS Clodosbaldo Russi\u00e1n\" \/>\n<meta property=\"article:publisher\" content=\"https:\/\/www.facebook.com\/people\/UPTOS-Clodosbaldo-Russin\/100070891114831\/\" \/>\n<meta property=\"article:modified_time\" content=\"2023-06-26T14:51:39+00:00\" \/>\n<meta name=\"twitter:card\" content=\"summary_large_image\" \/>\n<meta name=\"twitter:label1\" content=\"Tiempo estimado de lectura\" \/>\n\t<meta name=\"twitter:data1\" content=\"2 minutos\" \/>\n<script type=\"application\/ld+json\" class=\"yoast-schema-graph\">{\"@context\":\"https:\\\/\\\/schema.org\",\"@graph\":[{\"@type\":\"WebPage\",\"@id\":\"https:\\\/\\\/www.uptos.edu.ve\\\/?page_id=2669\",\"url\":\"https:\\\/\\\/www.uptos.edu.ve\\\/?page_id=2669\",\"name\":\"SIPROIUT - UPTOS Clodosbaldo Russi\u00e1n\",\"isPartOf\":{\"@id\":\"\\\/#website\"},\"datePublished\":\"2016-10-17T14:39:24+00:00\",\"dateModified\":\"2023-06-26T14:51:39+00:00\",\"breadcrumb\":{\"@id\":\"https:\\\/\\\/www.uptos.edu.ve\\\/?page_id=2669#breadcrumb\"},\"inLanguage\":\"es\",\"potentialAction\":[{\"@type\":\"ReadAction\",\"target\":[\"https:\\\/\\\/www.uptos.edu.ve\\\/?page_id=2669\"]}]},{\"@type\":\"BreadcrumbList\",\"@id\":\"https:\\\/\\\/www.uptos.edu.ve\\\/?page_id=2669#breadcrumb\",\"itemListElement\":[{\"@type\":\"ListItem\",\"position\":1,\"name\":\"Home\",\"item\":\"https:\\\/\\\/www.uptos.edu.ve\\\/\"},{\"@type\":\"ListItem\",\"position\":2,\"name\":\"GREMIOS\",\"item\":\"https:\\\/\\\/www.uptos.edu.ve\\\/?page_id=2677\"},{\"@type\":\"ListItem\",\"position\":3,\"name\":\"Gremios Sindicales\",\"item\":\"https:\\\/\\\/www.uptos.edu.ve\\\/?page_id=2647\"},{\"@type\":\"ListItem\",\"position\":4,\"name\":\"SIPROIUT\"}]},{\"@type\":\"WebSite\",\"@id\":\"\\\/#website\",\"url\":\"\\\/\",\"name\":\"UPTOS Clodosbaldo Russi\u00e1n\",\"description\":\"Universidad Polit\u00e9cnica del Oeste de Sucre\",\"publisher\":{\"@id\":\"\\\/#organization\"},\"potentialAction\":[{\"@type\":\"SearchAction\",\"target\":{\"@type\":\"EntryPoint\",\"urlTemplate\":\"\\\/?s={search_term_string}\"},\"query-input\":{\"@type\":\"PropertyValueSpecification\",\"valueRequired\":true,\"valueName\":\"search_term_string\"}}],\"inLanguage\":\"es\"},{\"@type\":\"Organization\",\"@id\":\"\\\/#organization\",\"name\":\"UPTOS Clodosbaldo Russi\u00e1n\",\"url\":\"\\\/\",\"logo\":{\"@type\":\"ImageObject\",\"inLanguage\":\"es\",\"@id\":\"\\\/#\\\/schema\\\/logo\\\/image\\\/\",\"url\":\"https:\\\/\\\/www.uptos.edu.ve\\\/wp-content\\\/uploads\\\/2026\\\/02\\\/cropped-cropped-WhatsApp-Image-2026-02-11-at-10.17.38-PM-1.jpeg\",\"contentUrl\":\"https:\\\/\\\/www.uptos.edu.ve\\\/wp-content\\\/uploads\\\/2026\\\/02\\\/cropped-cropped-WhatsApp-Image-2026-02-11-at-10.17.38-PM-1.jpeg\",\"width\":1080,\"height\":73,\"caption\":\"UPTOS Clodosbaldo Russi\u00e1n\"},\"image\":{\"@id\":\"\\\/#\\\/schema\\\/logo\\\/image\\\/\"},\"sameAs\":[\"https:\\\/\\\/www.facebook.com\\\/people\\\/UPTOS-Clodosbaldo-Russin\\\/100070891114831\\\/\",\"http:\\\/\\\/instagram.com\\\/uptoscr_oficial\"]}]}<\/script>\n<!-- \/ Yoast SEO plugin. -->","yoast_head_json":{"title":"SIPROIUT - UPTOS Clodosbaldo Russi\u00e1n","robots":{"index":"index","follow":"follow","max-snippet":"max-snippet:-1","max-image-preview":"max-image-preview:large","max-video-preview":"max-video-preview:-1"},"canonical":"https:\/\/www.uptos.edu.ve\/?page_id=2669","og_locale":"es_ES","og_type":"article","og_title":"SIPROIUT - UPTOS Clodosbaldo Russi\u00e1n","og_description":"RESE\u00d1A HISTORICA DE SIPROIUT CUMANA El Sindicato de Profesores SIPROIUT CUM se fund\u00f3 el 19 de Noviembre de 1982, por la inquietud de algunos profesores quienes se reunieron con el&hellip;","og_url":"https:\/\/www.uptos.edu.ve\/?page_id=2669","og_site_name":"UPTOS Clodosbaldo Russi\u00e1n","article_publisher":"https:\/\/www.facebook.com\/people\/UPTOS-Clodosbaldo-Russin\/100070891114831\/","article_modified_time":"2023-06-26T14:51:39+00:00","twitter_card":"summary_large_image","twitter_misc":{"Tiempo estimado de lectura":"2 minutos"},"schema":{"@context":"https:\/\/schema.org","@graph":[{"@type":"WebPage","@id":"https:\/\/www.uptos.edu.ve\/?page_id=2669","url":"https:\/\/www.uptos.edu.ve\/?page_id=2669","name":"SIPROIUT - UPTOS Clodosbaldo Russi\u00e1n","isPartOf":{"@id":"\/#website"},"datePublished":"2016-10-17T14:39:24+00:00","dateModified":"2023-06-26T14:51:39+00:00","breadcrumb":{"@id":"https:\/\/www.uptos.edu.ve\/?page_id=2669#breadcrumb"},"inLanguage":"es","potentialAction":[{"@type":"ReadAction","target":["https:\/\/www.uptos.edu.ve\/?page_id=2669"]}]},{"@type":"BreadcrumbList","@id":"https:\/\/www.uptos.edu.ve\/?page_id=2669#breadcrumb","itemListElement":[{"@type":"ListItem","position":1,"name":"Home","item":"https:\/\/www.uptos.edu.ve\/"},{"@type":"ListItem","position":2,"name":"GREMIOS","item":"https:\/\/www.uptos.edu.ve\/?page_id=2677"},{"@type":"ListItem","position":3,"name":"Gremios Sindicales","item":"https:\/\/www.uptos.edu.ve\/?page_id=2647"},{"@type":"ListItem","position":4,"name":"SIPROIUT"}]},{"@type":"WebSite","@id":"\/#website","url":"\/","name":"UPTOS Clodosbaldo Russi\u00e1n","description":"Universidad Polit\u00e9cnica del Oeste de Sucre","publisher":{"@id":"\/#organization"},"potentialAction":[{"@type":"SearchAction","target":{"@type":"EntryPoint","urlTemplate":"\/?s={search_term_string}"},"query-input":{"@type":"PropertyValueSpecification","valueRequired":true,"valueName":"search_term_string"}}],"inLanguage":"es"},{"@type":"Organization","@id":"\/#organization","name":"UPTOS Clodosbaldo Russi\u00e1n","url":"\/","logo":{"@type":"ImageObject","inLanguage":"es","@id":"\/#\/schema\/logo\/image\/","url":"https:\/\/www.uptos.edu.ve\/wp-content\/uploads\/2026\/02\/cropped-cropped-WhatsApp-Image-2026-02-11-at-10.17.38-PM-1.jpeg","contentUrl":"https:\/\/www.uptos.edu.ve\/wp-content\/uploads\/2026\/02\/cropped-cropped-WhatsApp-Image-2026-02-11-at-10.17.38-PM-1.jpeg","width":1080,"height":73,"caption":"UPTOS Clodosbaldo Russi\u00e1n"},"image":{"@id":"\/#\/schema\/logo\/image\/"},"sameAs":["https:\/\/www.facebook.com\/people\/UPTOS-Clodosbaldo-Russin\/100070891114831\/","http:\/\/instagram.com\/uptoscr_oficial"]}]}},"_links":{"self":[{"href":"https:\/\/www.uptos.edu.ve\/index.php?rest_route=\/wp\/v2\/pages\/2669","targetHints":{"allow":["GET"]}}],"collection":[{"href":"https:\/\/www.uptos.edu.ve\/index.php?rest_route=\/wp\/v2\/pages"}],"about":[{"href":"https:\/\/www.uptos.edu.ve\/index.php?rest_route=\/wp\/v2\/types\/page"}],"author":[{"embeddable":true,"href":"https:\/\/www.uptos.edu.ve\/index.php?rest_route=\/wp\/v2\/users\/2"}],"replies":[{"embeddable":true,"href":"https:\/\/www.uptos.edu.ve\/index.php?rest_route=%2Fwp%2Fv2%2Fcomments&post=2669"}],"version-history":[{"count":1,"href":"https:\/\/www.uptos.edu.ve\/index.php?rest_route=\/wp\/v2\/pages\/2669\/revisions"}],"predecessor-version":[{"id":10625,"href":"https:\/\/www.uptos.edu.ve\/index.php?rest_route=\/wp\/v2\/pages\/2669\/revisions\/10625"}],"up":[{"embeddable":true,"href":"https:\/\/www.uptos.edu.ve\/index.php?rest_route=\/wp\/v2\/pages\/2647"}],"wp:attachment":[{"href":"https:\/\/www.uptos.edu.ve\/index.php?rest_route=%2Fwp%2Fv2%2Fmedia&parent=2669"}],"curies":[{"name":"wp","href":"https:\/\/api.w.org\/{rel}","templated":true}]}}