{"id":2665,"date":"2016-10-17T14:45:10","date_gmt":"2016-10-17T14:45:10","guid":{"rendered":"http:\/\/www.demo.acmethemes.com\/education-base\/?page_id=63"},"modified":"2023-06-26T10:23:57","modified_gmt":"2023-06-26T14:23:57","slug":"aprojupe","status":"publish","type":"page","link":"https:\/\/www.uptos.edu.ve\/?page_id=2665","title":{"rendered":"APROJUPE"},"content":{"rendered":"\n<h4 class=\"wp-block-heading has-text-color\" style=\"color:#980000\"><strong>APROJUPE<\/strong><\/h4>\n\n\n\n<h5 class=\"wp-block-heading has-text-align-center has-black-color has-text-color\"><strong>ASOCIACI\u00d3N\u00a0DE PROFESORES\u00a0JUBILADOS Y PENSIONADOS\u00a0DE LA UNIVERSIDAD\u00a0 POLIT\u00c9CNICA TERRITORIAL<\/strong><\/h5>\n\n\n\n<h5 class=\"wp-block-heading has-text-align-center has-black-color has-text-color\"><strong>\u00abCLODOSBALDO&nbsp; RUSSIAN\u201d&nbsp;&nbsp; ( APROJUPE)<\/strong><\/h5>\n\n\n\n<h5 align=\"justify\"><font color=\"#980000\"><strong>Rese\u00f1a\u00a0 Hist\u00f3rica<\/strong><\/font><\/h5>\n<p align=\"justify\"><font color=\"#000000\"><font size=\"3\">La Asociaci\u00f3n Profesores Jubilados Pensionados y sobrevivientes de la Universidad Polit\u00e9cnica Territorial del Oeste de Sucre \u00abClodosbaldo Russian\u00bb, fue creada en el a\u00f1o 2000 producto de la petici\u00f3n\u00a0 de profesores que\u00a0 tramitaron su jubilaci\u00f3n en el a\u00f1o 1998 y despu\u00e9s de la cohorte 1999 nace la necesidad de constituirse en sociedad intermedia para atender las necesidades\u00a0 reivindicativas de los docentes jubilados. As\u00ed se constituye la primera Junta Directiva de APROJUPE integrada por los siguientes profesores jubilados:<\/font><\/font><\/p>\n\n\n\n<figure class=\"wp-block-table is-style-regular has-small-font-size\"><table class=\"has-black-color has-text-color has-fixed-layout\"><tbody><tr><td>Profa.&nbsp; Clerida&nbsp; Frontado de \u00c1lvarez<\/td><td><strong>Presidenta<\/strong><\/td><\/tr><tr><td>Prof.&nbsp; Angel&nbsp; Rojas<\/td><td><strong>Secretario de Reclamos y Organizaci\u00f3n.<\/strong><\/td><\/tr><tr><td>Profa.&nbsp; Omaira&nbsp; Gonzales<\/td><td><strong>Secretar\u00eda de Finanzas<\/strong><\/td><\/tr><tr><td>Prof. Pedro C\u00f3rdova<\/td><td><strong>Secretario de Deportes, Recreaci\u00f3n y Cultura<\/strong><\/td><\/tr><tr><td>Prof.&nbsp; Whilhem Mindler<\/td><td><strong>Secretaria de Actas y Correspondencia<\/strong><\/td><\/tr><\/tbody><\/table><\/figure>\n\n\n\n<p><\/p>\n\n\n\n<h5><font color=\"#980000\"><strong>MISI\u00d3N<\/strong><\/font><\/h5>\n<p align=\"justify\"><font color=\"#000000\"><font size=\"3\">Estudiar y defender conjuntamente con la Federaci\u00f3n Nacional (FENAPROJUPICUV) los intereses y derechos gremiales, econ\u00f3micos, sociales, acad\u00e9micos recreativos y culturales y todos los dem\u00e1s que propendan a una calidad de vida para los profesores jubilados, pensionados y sobrevivientes de esta Universidad.<\/font><\/font><\/p>\n<h5><font color=\"#980000\">VISI\u00d3N<\/font><\/h5>\n<p align=\"justify\"><font color=\"#000000\"><font size=\"3\">El mundo actual est\u00e1 cada vez m\u00e1s consciente de que la soluci\u00f3n de los graves problemas mundiales, no solo es cuesti\u00f3n de producci\u00f3n econ\u00f3mica o de organizaci\u00f3n social, sino que requiere de precisos valores \u00e9ticos, as\u00ed como el cambio de mentalidad de comportamiento y de estructura. Por eso como\u00a0 organismo intermedio (APROJUPE) TIENE LA VISI\u00d3N DE ORDEN SOCIOECON\u00d3MICO QUE BUSCA EL BIEN COM\u00daN EN LA CONSTRUCCI\u00d3N DE UN SISTEMA, DE ACUERDO CON EL DESARROLLO DE LA DIGNIDAD HUMANA MIRANDO, AL SER INSERTO EN UNA COMPLEJA TRAMA\u00a0 DE LAS RELACIONES DE LA SOCIEDAD MODERNA.<\/font><\/font><\/p>\n","protected":false},"excerpt":{"rendered":"<p>APROJUPE ASOCIACI\u00d3N\u00a0DE PROFESORES\u00a0JUBILADOS Y PENSIONADOS\u00a0DE LA UNIVERSIDAD\u00a0 POLIT\u00c9CNICA TERRITORIAL \u00abCLODOSBALDO&nbsp; RUSSIAN\u201d&nbsp;&nbsp; ( APROJUPE) Rese\u00f1a\u00a0 Hist\u00f3rica La Asociaci\u00f3n Profesores Jubilados Pensionados y sobrevivientes de la Universidad Polit\u00e9cnica Territorial del Oeste de&hellip;<\/p>\n","protected":false},"author":2,"featured_media":0,"parent":2647,"menu_order":0,"comment_status":"closed","ping_status":"closed","template":"","meta":{"_monsterinsights_skip_tracking":false,"_monsterinsights_sitenote_active":false,"_monsterinsights_sitenote_note":"","_monsterinsights_sitenote_category":0,"footnotes":""},"class_list":["post-2665","page","type-page","status-publish","hentry"],"yoast_head":"<!-- This site is optimized with the Yoast SEO plugin v27.4 - https:\/\/yoast.com\/product\/yoast-seo-wordpress\/ -->\n<title>APROJUPE - UPTOS Clodosbaldo Russi\u00e1n<\/title>\n<meta name=\"robots\" content=\"index, follow, max-snippet:-1, max-image-preview:large, max-video-preview:-1\" \/>\n<link rel=\"canonical\" href=\"https:\/\/www.uptos.edu.ve\/?page_id=2665\" \/>\n<meta property=\"og:locale\" content=\"es_ES\" \/>\n<meta property=\"og:type\" content=\"article\" \/>\n<meta property=\"og:title\" content=\"APROJUPE - UPTOS Clodosbaldo Russi\u00e1n\" \/>\n<meta property=\"og:description\" content=\"APROJUPE ASOCIACI\u00d3N\u00a0DE PROFESORES\u00a0JUBILADOS Y PENSIONADOS\u00a0DE LA UNIVERSIDAD\u00a0 POLIT\u00c9CNICA TERRITORIAL \u00abCLODOSBALDO&nbsp; RUSSIAN\u201d&nbsp;&nbsp; ( APROJUPE) Rese\u00f1a\u00a0 Hist\u00f3rica La Asociaci\u00f3n Profesores Jubilados Pensionados y sobrevivientes de la Universidad Polit\u00e9cnica Territorial del Oeste de&hellip;\" \/>\n<meta property=\"og:url\" content=\"https:\/\/www.uptos.edu.ve\/?page_id=2665\" \/>\n<meta property=\"og:site_name\" content=\"UPTOS Clodosbaldo Russi\u00e1n\" \/>\n<meta property=\"article:publisher\" content=\"https:\/\/www.facebook.com\/people\/UPTOS-Clodosbaldo-Russin\/100070891114831\/\" \/>\n<meta property=\"article:modified_time\" content=\"2023-06-26T14:23:57+00:00\" \/>\n<meta name=\"twitter:card\" content=\"summary_large_image\" \/>\n<meta name=\"twitter:label1\" content=\"Tiempo estimado de lectura\" \/>\n\t<meta name=\"twitter:data1\" content=\"2 minutos\" \/>\n<script type=\"application\/ld+json\" class=\"yoast-schema-graph\">{\"@context\":\"https:\\\/\\\/schema.org\",\"@graph\":[{\"@type\":\"WebPage\",\"@id\":\"https:\\\/\\\/www.uptos.edu.ve\\\/?page_id=2665\",\"url\":\"https:\\\/\\\/www.uptos.edu.ve\\\/?page_id=2665\",\"name\":\"APROJUPE - UPTOS Clodosbaldo Russi\u00e1n\",\"isPartOf\":{\"@id\":\"\\\/#website\"},\"datePublished\":\"2016-10-17T14:45:10+00:00\",\"dateModified\":\"2023-06-26T14:23:57+00:00\",\"breadcrumb\":{\"@id\":\"https:\\\/\\\/www.uptos.edu.ve\\\/?page_id=2665#breadcrumb\"},\"inLanguage\":\"es\",\"potentialAction\":[{\"@type\":\"ReadAction\",\"target\":[\"https:\\\/\\\/www.uptos.edu.ve\\\/?page_id=2665\"]}]},{\"@type\":\"BreadcrumbList\",\"@id\":\"https:\\\/\\\/www.uptos.edu.ve\\\/?page_id=2665#breadcrumb\",\"itemListElement\":[{\"@type\":\"ListItem\",\"position\":1,\"name\":\"Home\",\"item\":\"https:\\\/\\\/www.uptos.edu.ve\\\/\"},{\"@type\":\"ListItem\",\"position\":2,\"name\":\"GREMIOS\",\"item\":\"https:\\\/\\\/www.uptos.edu.ve\\\/?page_id=2677\"},{\"@type\":\"ListItem\",\"position\":3,\"name\":\"Gremios Sindicales\",\"item\":\"https:\\\/\\\/www.uptos.edu.ve\\\/?page_id=2647\"},{\"@type\":\"ListItem\",\"position\":4,\"name\":\"APROJUPE\"}]},{\"@type\":\"WebSite\",\"@id\":\"\\\/#website\",\"url\":\"\\\/\",\"name\":\"UPTOS Clodosbaldo Russi\u00e1n\",\"description\":\"Universidad Polit\u00e9cnica del Oeste de Sucre\",\"publisher\":{\"@id\":\"\\\/#organization\"},\"potentialAction\":[{\"@type\":\"SearchAction\",\"target\":{\"@type\":\"EntryPoint\",\"urlTemplate\":\"\\\/?s={search_term_string}\"},\"query-input\":{\"@type\":\"PropertyValueSpecification\",\"valueRequired\":true,\"valueName\":\"search_term_string\"}}],\"inLanguage\":\"es\"},{\"@type\":\"Organization\",\"@id\":\"\\\/#organization\",\"name\":\"UPTOS Clodosbaldo Russi\u00e1n\",\"url\":\"\\\/\",\"logo\":{\"@type\":\"ImageObject\",\"inLanguage\":\"es\",\"@id\":\"\\\/#\\\/schema\\\/logo\\\/image\\\/\",\"url\":\"https:\\\/\\\/www.uptos.edu.ve\\\/wp-content\\\/uploads\\\/2026\\\/02\\\/cropped-cropped-WhatsApp-Image-2026-02-11-at-10.17.38-PM-1.jpeg\",\"contentUrl\":\"https:\\\/\\\/www.uptos.edu.ve\\\/wp-content\\\/uploads\\\/2026\\\/02\\\/cropped-cropped-WhatsApp-Image-2026-02-11-at-10.17.38-PM-1.jpeg\",\"width\":1080,\"height\":73,\"caption\":\"UPTOS Clodosbaldo Russi\u00e1n\"},\"image\":{\"@id\":\"\\\/#\\\/schema\\\/logo\\\/image\\\/\"},\"sameAs\":[\"https:\\\/\\\/www.facebook.com\\\/people\\\/UPTOS-Clodosbaldo-Russin\\\/100070891114831\\\/\",\"http:\\\/\\\/instagram.com\\\/uptoscr_oficial\"]}]}<\/script>\n<!-- \/ Yoast SEO plugin. -->","yoast_head_json":{"title":"APROJUPE - UPTOS Clodosbaldo Russi\u00e1n","robots":{"index":"index","follow":"follow","max-snippet":"max-snippet:-1","max-image-preview":"max-image-preview:large","max-video-preview":"max-video-preview:-1"},"canonical":"https:\/\/www.uptos.edu.ve\/?page_id=2665","og_locale":"es_ES","og_type":"article","og_title":"APROJUPE - UPTOS Clodosbaldo Russi\u00e1n","og_description":"APROJUPE ASOCIACI\u00d3N\u00a0DE PROFESORES\u00a0JUBILADOS Y PENSIONADOS\u00a0DE LA UNIVERSIDAD\u00a0 POLIT\u00c9CNICA TERRITORIAL \u00abCLODOSBALDO&nbsp; RUSSIAN\u201d&nbsp;&nbsp; ( APROJUPE) Rese\u00f1a\u00a0 Hist\u00f3rica La Asociaci\u00f3n Profesores Jubilados Pensionados y sobrevivientes de la Universidad Polit\u00e9cnica Territorial del Oeste de&hellip;","og_url":"https:\/\/www.uptos.edu.ve\/?page_id=2665","og_site_name":"UPTOS Clodosbaldo Russi\u00e1n","article_publisher":"https:\/\/www.facebook.com\/people\/UPTOS-Clodosbaldo-Russin\/100070891114831\/","article_modified_time":"2023-06-26T14:23:57+00:00","twitter_card":"summary_large_image","twitter_misc":{"Tiempo estimado de lectura":"2 minutos"},"schema":{"@context":"https:\/\/schema.org","@graph":[{"@type":"WebPage","@id":"https:\/\/www.uptos.edu.ve\/?page_id=2665","url":"https:\/\/www.uptos.edu.ve\/?page_id=2665","name":"APROJUPE - UPTOS Clodosbaldo Russi\u00e1n","isPartOf":{"@id":"\/#website"},"datePublished":"2016-10-17T14:45:10+00:00","dateModified":"2023-06-26T14:23:57+00:00","breadcrumb":{"@id":"https:\/\/www.uptos.edu.ve\/?page_id=2665#breadcrumb"},"inLanguage":"es","potentialAction":[{"@type":"ReadAction","target":["https:\/\/www.uptos.edu.ve\/?page_id=2665"]}]},{"@type":"BreadcrumbList","@id":"https:\/\/www.uptos.edu.ve\/?page_id=2665#breadcrumb","itemListElement":[{"@type":"ListItem","position":1,"name":"Home","item":"https:\/\/www.uptos.edu.ve\/"},{"@type":"ListItem","position":2,"name":"GREMIOS","item":"https:\/\/www.uptos.edu.ve\/?page_id=2677"},{"@type":"ListItem","position":3,"name":"Gremios Sindicales","item":"https:\/\/www.uptos.edu.ve\/?page_id=2647"},{"@type":"ListItem","position":4,"name":"APROJUPE"}]},{"@type":"WebSite","@id":"\/#website","url":"\/","name":"UPTOS Clodosbaldo Russi\u00e1n","description":"Universidad Polit\u00e9cnica del Oeste de Sucre","publisher":{"@id":"\/#organization"},"potentialAction":[{"@type":"SearchAction","target":{"@type":"EntryPoint","urlTemplate":"\/?s={search_term_string}"},"query-input":{"@type":"PropertyValueSpecification","valueRequired":true,"valueName":"search_term_string"}}],"inLanguage":"es"},{"@type":"Organization","@id":"\/#organization","name":"UPTOS Clodosbaldo Russi\u00e1n","url":"\/","logo":{"@type":"ImageObject","inLanguage":"es","@id":"\/#\/schema\/logo\/image\/","url":"https:\/\/www.uptos.edu.ve\/wp-content\/uploads\/2026\/02\/cropped-cropped-WhatsApp-Image-2026-02-11-at-10.17.38-PM-1.jpeg","contentUrl":"https:\/\/www.uptos.edu.ve\/wp-content\/uploads\/2026\/02\/cropped-cropped-WhatsApp-Image-2026-02-11-at-10.17.38-PM-1.jpeg","width":1080,"height":73,"caption":"UPTOS Clodosbaldo Russi\u00e1n"},"image":{"@id":"\/#\/schema\/logo\/image\/"},"sameAs":["https:\/\/www.facebook.com\/people\/UPTOS-Clodosbaldo-Russin\/100070891114831\/","http:\/\/instagram.com\/uptoscr_oficial"]}]}},"_links":{"self":[{"href":"https:\/\/www.uptos.edu.ve\/index.php?rest_route=\/wp\/v2\/pages\/2665","targetHints":{"allow":["GET"]}}],"collection":[{"href":"https:\/\/www.uptos.edu.ve\/index.php?rest_route=\/wp\/v2\/pages"}],"about":[{"href":"https:\/\/www.uptos.edu.ve\/index.php?rest_route=\/wp\/v2\/types\/page"}],"author":[{"embeddable":true,"href":"https:\/\/www.uptos.edu.ve\/index.php?rest_route=\/wp\/v2\/users\/2"}],"replies":[{"embeddable":true,"href":"https:\/\/www.uptos.edu.ve\/index.php?rest_route=%2Fwp%2Fv2%2Fcomments&post=2665"}],"version-history":[{"count":1,"href":"https:\/\/www.uptos.edu.ve\/index.php?rest_route=\/wp\/v2\/pages\/2665\/revisions"}],"predecessor-version":[{"id":10619,"href":"https:\/\/www.uptos.edu.ve\/index.php?rest_route=\/wp\/v2\/pages\/2665\/revisions\/10619"}],"up":[{"embeddable":true,"href":"https:\/\/www.uptos.edu.ve\/index.php?rest_route=\/wp\/v2\/pages\/2647"}],"wp:attachment":[{"href":"https:\/\/www.uptos.edu.ve\/index.php?rest_route=%2Fwp%2Fv2%2Fmedia&parent=2665"}],"curies":[{"name":"wp","href":"https:\/\/api.w.org\/{rel}","templated":true}]}}