{"id":2629,"date":"2017-02-27T11:24:14","date_gmt":"2017-02-27T15:24:14","guid":{"rendered":"http:\/\/demo.acmethemes.com\/education-base-pro\/?page_id=338"},"modified":"2023-11-29T10:28:16","modified_gmt":"2023-11-29T14:28:16","slug":"servicios","status":"publish","type":"page","link":"https:\/\/www.uptos.edu.ve\/?page_id=2629","title":{"rendered":"Servicios"},"content":{"rendered":"<p align=\"justify\"><span style=\"color: #000000; font-size: 12pt;\">La Comunidad Universitaria de la UPTOS \u00abClodosbaldo Russian\u00bb, dispone de un amplio abanico de Servicios Universitarios que cubren cualquier tipo de necesidad acad\u00e9mica y personal de sus miembros: Desde la informaci\u00f3n inicial sobre los estudios, tr\u00e1mites, etc; hasta la orientaci\u00f3n e informaci\u00f3n de actividades dentro del campus universitario, pasando por la Biblioteca, las tutor\u00edas, entre Otros.<\/span><\/p>\n<span style=\"color: #000000; font-size: 12pt;\"><!-- \/wp:post-content --> <!-- wp:paragraph {\"textColor\":\"black\"} --><\/span>\n<p align=\"justify\"><span style=\"color: #000000; font-size: 12pt;\">Todos y cada uno de ellos tienen como misi\u00f3n facilitar al m\u00e1ximo la vida universitaria, proporcionando recursos humanos y materiales para un mejor desarrollo curricular y personal de los estudiantes, apoyando en las labores docentes e investigadoras, propiciando la actividad f\u00edsica y deportiva&#8230; Conocerlos es el primer paso para obtener todo su provecho.<\/span><\/p>\n<span style=\"color: #000000; font-size: 12pt;\"><!-- \/wp:paragraph --><\/span>\n<span style=\"color: #000000; font-size: 12pt;\"><!-- wp:gutentor\/e7 {\"gID\":\"gc6a050\",\"e7TTag\":\"p\",\"e7TColor\":{\"enable\":true,\"normal\":\"#000000\",\"hover\":\"#800000\"},\"e7TTypography\":{\"desktopFontSize\":\"15px\"},\"e7SortableItem\":[{\"customlistIconOption\":\"list-icon\",\"icon\":{\"label\":\"fa-arrow-right\",\"value\":\"fas fa-arrow-right\",\"code\":\"f108\"},\"image\":[],\"title\":\"servicios Estudiantiles \",\"enableLink\":true,\"openInNewTab\":true,\"url\":\"#\",\"itemStyle\":{\"enableSingleItemLink\":true,\"singleItemLinkUrl\":\"https:\/\/wwwvz.uptos.edu.ve\/servicios\/servicios-estudiantiles\/\"}},{\"customlistIconOption\":\"list-icon\",\"icon\":{\"label\":\"fa-arrow-right\",\"value\":\"fas fa-arrow-right\",\"code\":\"f108\"},\"image\":[],\"title\":\"servicios Inform\u00e1ticos\",\"url\":\"#\",\"itemStyle\":{\"enableSingleItemLink\":true,\"singleItemLinkUrl\":\"https:\/\/wwwvz.uptos.edu.ve\/servicios\/servicios-informaticos\/\"}}]} --><\/span>\n<ul>\n \t<li><a href=\"https:\/\/www.uptos.edu.ve\/?page_id=2621\"><span style=\"color: #000000; font-size: 12pt;\">servicios Estudiantiles<\/span><\/a><\/li>\n \t<li><span style=\"color: #000000; font-size: 12pt;\"><a style=\"color: #000000;\" href=\"https:\/\/www.uptos.edu.ve\/?page_id=2651\">servicios inform\u00e1ticos<\/a><\/span><\/li>\n<\/ul>\n<!-- \/wp:gutentor\/e7 -->","protected":false},"excerpt":{"rendered":"<p>La Comunidad Universitaria de la UPTOS \u00abClodosbaldo Russian\u00bb, dispone de un amplio abanico de Servicios Universitarios que cubren cualquier tipo de necesidad acad\u00e9mica y personal de sus miembros: Desde la&hellip;<\/p>\n","protected":false},"author":2,"featured_media":0,"parent":0,"menu_order":0,"comment_status":"closed","ping_status":"closed","template":"","meta":{"_monsterinsights_skip_tracking":false,"_monsterinsights_sitenote_active":false,"_monsterinsights_sitenote_note":"","_monsterinsights_sitenote_category":0,"footnotes":""},"class_list":["post-2629","page","type-page","status-publish","hentry"],"yoast_head":"<!-- This site is optimized with the Yoast SEO plugin v26.9 - https:\/\/yoast.com\/product\/yoast-seo-wordpress\/ -->\n<title>Servicios - UPTOS Clodosbaldo Russi\u00e1n<\/title>\n<meta name=\"robots\" content=\"index, follow, max-snippet:-1, max-image-preview:large, max-video-preview:-1\" \/>\n<link rel=\"canonical\" href=\"https:\/\/www.uptos.edu.ve\/?page_id=2629\" \/>\n<meta property=\"og:locale\" content=\"es_ES\" \/>\n<meta property=\"og:type\" content=\"article\" \/>\n<meta property=\"og:title\" content=\"Servicios - UPTOS Clodosbaldo Russi\u00e1n\" \/>\n<meta property=\"og:description\" content=\"La Comunidad Universitaria de la UPTOS \u00abClodosbaldo Russian\u00bb, dispone de un amplio abanico de Servicios Universitarios que cubren cualquier tipo de necesidad acad\u00e9mica y personal de sus miembros: Desde la&hellip;\" \/>\n<meta property=\"og:url\" content=\"https:\/\/www.uptos.edu.ve\/?page_id=2629\" \/>\n<meta property=\"og:site_name\" content=\"UPTOS Clodosbaldo Russi\u00e1n\" \/>\n<meta property=\"article:publisher\" content=\"https:\/\/www.facebook.com\/people\/UPTOS-Clodosbaldo-Russin\/100070891114831\/\" \/>\n<meta property=\"article:modified_time\" content=\"2023-11-29T14:28:16+00:00\" \/>\n<meta name=\"twitter:card\" content=\"summary_large_image\" \/>\n<meta name=\"twitter:label1\" content=\"Tiempo estimado de lectura\" \/>\n\t<meta name=\"twitter:data1\" content=\"1 minuto\" \/>\n<script type=\"application\/ld+json\" class=\"yoast-schema-graph\">{\"@context\":\"https:\/\/schema.org\",\"@graph\":[{\"@type\":\"WebPage\",\"@id\":\"https:\/\/www.uptos.edu.ve\/?page_id=2629\",\"url\":\"https:\/\/www.uptos.edu.ve\/?page_id=2629\",\"name\":\"Servicios - UPTOS Clodosbaldo Russi\u00e1n\",\"isPartOf\":{\"@id\":\"\/#website\"},\"datePublished\":\"2017-02-27T15:24:14+00:00\",\"dateModified\":\"2023-11-29T14:28:16+00:00\",\"breadcrumb\":{\"@id\":\"https:\/\/www.uptos.edu.ve\/?page_id=2629#breadcrumb\"},\"inLanguage\":\"es\",\"potentialAction\":[{\"@type\":\"ReadAction\",\"target\":[\"https:\/\/www.uptos.edu.ve\/?page_id=2629\"]}]},{\"@type\":\"BreadcrumbList\",\"@id\":\"https:\/\/www.uptos.edu.ve\/?page_id=2629#breadcrumb\",\"itemListElement\":[{\"@type\":\"ListItem\",\"position\":1,\"name\":\"Home\",\"item\":\"https:\/\/www.uptos.edu.ve\/\"},{\"@type\":\"ListItem\",\"position\":2,\"name\":\"Servicios\"}]},{\"@type\":\"WebSite\",\"@id\":\"\/#website\",\"url\":\"\/\",\"name\":\"UPTOS Clodosbaldo Russi\u00e1n\",\"description\":\"Universidad Polit\u00e9cnica del Oeste de Sucre\",\"publisher\":{\"@id\":\"\/#organization\"},\"potentialAction\":[{\"@type\":\"SearchAction\",\"target\":{\"@type\":\"EntryPoint\",\"urlTemplate\":\"\/?s={search_term_string}\"},\"query-input\":{\"@type\":\"PropertyValueSpecification\",\"valueRequired\":true,\"valueName\":\"search_term_string\"}}],\"inLanguage\":\"es\"},{\"@type\":\"Organization\",\"@id\":\"\/#organization\",\"name\":\"UPTOS Clodosbaldo Russi\u00e1n\",\"url\":\"\/\",\"logo\":{\"@type\":\"ImageObject\",\"inLanguage\":\"es\",\"@id\":\"\/#\/schema\/logo\/image\/\",\"url\":\"https:\/\/www.uptos.edu.ve\/wp-content\/uploads\/2026\/02\/cropped-cropped-WhatsApp-Image-2026-02-11-at-10.17.38-PM-1.jpeg\",\"contentUrl\":\"https:\/\/www.uptos.edu.ve\/wp-content\/uploads\/2026\/02\/cropped-cropped-WhatsApp-Image-2026-02-11-at-10.17.38-PM-1.jpeg\",\"width\":1080,\"height\":73,\"caption\":\"UPTOS Clodosbaldo Russi\u00e1n\"},\"image\":{\"@id\":\"\/#\/schema\/logo\/image\/\"},\"sameAs\":[\"https:\/\/www.facebook.com\/people\/UPTOS-Clodosbaldo-Russin\/100070891114831\/\",\"http:\/\/instagram.com\/uptoscr_oficial\"]}]}<\/script>\n<!-- \/ Yoast SEO plugin. -->","yoast_head_json":{"title":"Servicios - UPTOS Clodosbaldo Russi\u00e1n","robots":{"index":"index","follow":"follow","max-snippet":"max-snippet:-1","max-image-preview":"max-image-preview:large","max-video-preview":"max-video-preview:-1"},"canonical":"https:\/\/www.uptos.edu.ve\/?page_id=2629","og_locale":"es_ES","og_type":"article","og_title":"Servicios - UPTOS Clodosbaldo Russi\u00e1n","og_description":"La Comunidad Universitaria de la UPTOS \u00abClodosbaldo Russian\u00bb, dispone de un amplio abanico de Servicios Universitarios que cubren cualquier tipo de necesidad acad\u00e9mica y personal de sus miembros: Desde la&hellip;","og_url":"https:\/\/www.uptos.edu.ve\/?page_id=2629","og_site_name":"UPTOS Clodosbaldo Russi\u00e1n","article_publisher":"https:\/\/www.facebook.com\/people\/UPTOS-Clodosbaldo-Russin\/100070891114831\/","article_modified_time":"2023-11-29T14:28:16+00:00","twitter_card":"summary_large_image","twitter_misc":{"Tiempo estimado de lectura":"1 minuto"},"schema":{"@context":"https:\/\/schema.org","@graph":[{"@type":"WebPage","@id":"https:\/\/www.uptos.edu.ve\/?page_id=2629","url":"https:\/\/www.uptos.edu.ve\/?page_id=2629","name":"Servicios - UPTOS Clodosbaldo Russi\u00e1n","isPartOf":{"@id":"\/#website"},"datePublished":"2017-02-27T15:24:14+00:00","dateModified":"2023-11-29T14:28:16+00:00","breadcrumb":{"@id":"https:\/\/www.uptos.edu.ve\/?page_id=2629#breadcrumb"},"inLanguage":"es","potentialAction":[{"@type":"ReadAction","target":["https:\/\/www.uptos.edu.ve\/?page_id=2629"]}]},{"@type":"BreadcrumbList","@id":"https:\/\/www.uptos.edu.ve\/?page_id=2629#breadcrumb","itemListElement":[{"@type":"ListItem","position":1,"name":"Home","item":"https:\/\/www.uptos.edu.ve\/"},{"@type":"ListItem","position":2,"name":"Servicios"}]},{"@type":"WebSite","@id":"\/#website","url":"\/","name":"UPTOS Clodosbaldo Russi\u00e1n","description":"Universidad Polit\u00e9cnica del Oeste de Sucre","publisher":{"@id":"\/#organization"},"potentialAction":[{"@type":"SearchAction","target":{"@type":"EntryPoint","urlTemplate":"\/?s={search_term_string}"},"query-input":{"@type":"PropertyValueSpecification","valueRequired":true,"valueName":"search_term_string"}}],"inLanguage":"es"},{"@type":"Organization","@id":"\/#organization","name":"UPTOS Clodosbaldo Russi\u00e1n","url":"\/","logo":{"@type":"ImageObject","inLanguage":"es","@id":"\/#\/schema\/logo\/image\/","url":"https:\/\/www.uptos.edu.ve\/wp-content\/uploads\/2026\/02\/cropped-cropped-WhatsApp-Image-2026-02-11-at-10.17.38-PM-1.jpeg","contentUrl":"https:\/\/www.uptos.edu.ve\/wp-content\/uploads\/2026\/02\/cropped-cropped-WhatsApp-Image-2026-02-11-at-10.17.38-PM-1.jpeg","width":1080,"height":73,"caption":"UPTOS Clodosbaldo Russi\u00e1n"},"image":{"@id":"\/#\/schema\/logo\/image\/"},"sameAs":["https:\/\/www.facebook.com\/people\/UPTOS-Clodosbaldo-Russin\/100070891114831\/","http:\/\/instagram.com\/uptoscr_oficial"]}]}},"_links":{"self":[{"href":"https:\/\/www.uptos.edu.ve\/index.php?rest_route=\/wp\/v2\/pages\/2629","targetHints":{"allow":["GET"]}}],"collection":[{"href":"https:\/\/www.uptos.edu.ve\/index.php?rest_route=\/wp\/v2\/pages"}],"about":[{"href":"https:\/\/www.uptos.edu.ve\/index.php?rest_route=\/wp\/v2\/types\/page"}],"author":[{"embeddable":true,"href":"https:\/\/www.uptos.edu.ve\/index.php?rest_route=\/wp\/v2\/users\/2"}],"replies":[{"embeddable":true,"href":"https:\/\/www.uptos.edu.ve\/index.php?rest_route=%2Fwp%2Fv2%2Fcomments&post=2629"}],"version-history":[{"count":18,"href":"https:\/\/www.uptos.edu.ve\/index.php?rest_route=\/wp\/v2\/pages\/2629\/revisions"}],"predecessor-version":[{"id":11783,"href":"https:\/\/www.uptos.edu.ve\/index.php?rest_route=\/wp\/v2\/pages\/2629\/revisions\/11783"}],"wp:attachment":[{"href":"https:\/\/www.uptos.edu.ve\/index.php?rest_route=%2Fwp%2Fv2%2Fmedia&parent=2629"}],"curies":[{"name":"wp","href":"https:\/\/api.w.org\/{rel}","templated":true}]}}