{"id":2623,"date":"2017-02-27T11:29:05","date_gmt":"2017-02-27T15:29:05","guid":{"rendered":"http:\/\/demo.acmethemes.com\/education-base-pro\/?page_id=346"},"modified":"2024-05-03T12:58:27","modified_gmt":"2024-05-03T16:58:27","slug":"cultura-recreacion","status":"publish","type":"page","link":"https:\/\/www.uptos.edu.ve\/?page_id=2623","title":{"rendered":"Cultura y Recreaci\u00f3n"},"content":{"rendered":"\n<div id=\"section-g82e31b\" class=\"wp-block-gutentor-e6 section-g82e31b gutentor-element gutentor-element-image\"><div class=\"gutentor-element-image-box\"><div class=\"gutentor-image-thumb\"><img decoding=\"async\" class=\"normal-image\" src=\"https:\/\/wwwvz.uptos.edu.ve\/wp-content\/uploads\/2022\/10\/DSC02517.jpg\" \/><\/div><\/div><\/div>\n\n\n\n<div class=\"wp-block-group\"><div class=\"wp-block-group__inner-container is-layout-constrained wp-block-group-is-layout-constrained\">\n<p class=\"has-black-color has-text-color\" style=\"font-size: 15px;\" align=\"justify\">La Secci\u00f3n Cultura y Recreaci\u00f3n fomenta programas orientados a apoyar la formaci\u00f3n integral de la comunidad universitaria. Su funci\u00f3n es planear, ejecutar y controlar una adecuada pr\u00e1ctica deportiva, consolidar grupos culturales y art\u00edsticos y promover un adecuado uso del tiempo libre a trav\u00e9s de actividades l\u00fadicas y recreativas. Esto tiene como fin preservar la buena salud f\u00edsica y mental, la disciplina del deporte y la convivencia sana, lo que redunda en calidad y h\u00e1bitos de vida saludables.<\/p>\n<p align=\"justify\"><span style=\"color: #000000;\"><span style=\"font-size: medium;\">La universidad polit\u00e9cnica territorial del oeste de Sucre \u00abClodosbaldo Russian\u00bb, cuenta con espacios para la masificaci\u00f3n deportiva, el alto rendimiento, la recreaci\u00f3n y el esparcimiento, as\u00ed como tambi\u00e9n, para la pr\u00e1ctica de actividad f\u00edsica para la salud y mejoramiento de la calidad de vida.<\/span><\/span><\/p>\n<p align=\"justify\"><span style=\"color: #000000;\"><span style=\"font-size: medium;\">La cultura es un aspecto central en las labores acad\u00e9micas y en el desarrollo de la sociedad. Descubre el mundo cultural que ofrecemos donde el deporte, el arte, la literatura y el voluntariado se unen para ofrecerte un abanico de actividades para enriquecer tu formaci\u00f3n integral.<\/span><\/span><\/p>\n\n\n\n<p class=\"has-black-color has-text-color\" style=\"font-size:15px\"><\/p>\n\n\n\n<p class=\"has-black-color has-text-color\" style=\"font-size:15px\"><\/p>\n<\/div><\/div>\n","protected":false},"excerpt":{"rendered":"<p>La Secci\u00f3n Cultura y Recreaci\u00f3n fomenta programas orientados a apoyar la formaci\u00f3n integral de la comunidad universitaria <\/p>\n","protected":false},"author":2,"featured_media":0,"parent":2629,"menu_order":0,"comment_status":"closed","ping_status":"closed","template":"","meta":{"_monsterinsights_skip_tracking":false,"_monsterinsights_sitenote_active":false,"_monsterinsights_sitenote_note":"","_monsterinsights_sitenote_category":0,"footnotes":""},"class_list":["post-2623","page","type-page","status-publish","hentry"],"yoast_head":"<!-- This site is optimized with the Yoast SEO plugin v27.4 - https:\/\/yoast.com\/product\/yoast-seo-wordpress\/ -->\n<title>Cultura y Recreaci\u00f3n - UPTOS Clodosbaldo Russi\u00e1n<\/title>\n<meta name=\"robots\" content=\"index, follow, max-snippet:-1, max-image-preview:large, max-video-preview:-1\" \/>\n<link rel=\"canonical\" href=\"https:\/\/www.uptos.edu.ve\/?page_id=2623\" \/>\n<meta property=\"og:locale\" content=\"es_ES\" \/>\n<meta property=\"og:type\" content=\"article\" \/>\n<meta property=\"og:title\" content=\"Cultura y Recreaci\u00f3n - UPTOS Clodosbaldo Russi\u00e1n\" \/>\n<meta property=\"og:description\" content=\"La Secci\u00f3n Cultura y Recreaci\u00f3n fomenta programas orientados a apoyar la formaci\u00f3n integral de la comunidad universitaria\" \/>\n<meta property=\"og:url\" content=\"https:\/\/www.uptos.edu.ve\/?page_id=2623\" \/>\n<meta property=\"og:site_name\" content=\"UPTOS Clodosbaldo Russi\u00e1n\" \/>\n<meta property=\"article:publisher\" content=\"https:\/\/www.facebook.com\/people\/UPTOS-Clodosbaldo-Russin\/100070891114831\/\" \/>\n<meta property=\"article:modified_time\" content=\"2024-05-03T16:58:27+00:00\" \/>\n<meta property=\"og:image\" content=\"https:\/\/wwwvz.uptos.edu.ve\/wp-content\/uploads\/2022\/10\/DSC02517.jpg\" \/>\n<meta name=\"twitter:card\" content=\"summary_large_image\" \/>\n<meta name=\"twitter:label1\" content=\"Tiempo estimado de lectura\" \/>\n\t<meta name=\"twitter:data1\" content=\"1 minuto\" \/>\n<script type=\"application\/ld+json\" class=\"yoast-schema-graph\">{\"@context\":\"https:\\\/\\\/schema.org\",\"@graph\":[{\"@type\":\"WebPage\",\"@id\":\"https:\\\/\\\/www.uptos.edu.ve\\\/?page_id=2623\",\"url\":\"https:\\\/\\\/www.uptos.edu.ve\\\/?page_id=2623\",\"name\":\"Cultura y Recreaci\u00f3n - UPTOS Clodosbaldo Russi\u00e1n\",\"isPartOf\":{\"@id\":\"\\\/#website\"},\"primaryImageOfPage\":{\"@id\":\"https:\\\/\\\/www.uptos.edu.ve\\\/?page_id=2623#primaryimage\"},\"image\":{\"@id\":\"https:\\\/\\\/www.uptos.edu.ve\\\/?page_id=2623#primaryimage\"},\"thumbnailUrl\":\"https:\\\/\\\/wwwvz.uptos.edu.ve\\\/wp-content\\\/uploads\\\/2022\\\/10\\\/DSC02517.jpg\",\"datePublished\":\"2017-02-27T15:29:05+00:00\",\"dateModified\":\"2024-05-03T16:58:27+00:00\",\"breadcrumb\":{\"@id\":\"https:\\\/\\\/www.uptos.edu.ve\\\/?page_id=2623#breadcrumb\"},\"inLanguage\":\"es\",\"potentialAction\":[{\"@type\":\"ReadAction\",\"target\":[\"https:\\\/\\\/www.uptos.edu.ve\\\/?page_id=2623\"]}]},{\"@type\":\"ImageObject\",\"inLanguage\":\"es\",\"@id\":\"https:\\\/\\\/www.uptos.edu.ve\\\/?page_id=2623#primaryimage\",\"url\":\"https:\\\/\\\/wwwvz.uptos.edu.ve\\\/wp-content\\\/uploads\\\/2022\\\/10\\\/DSC02517.jpg\",\"contentUrl\":\"https:\\\/\\\/wwwvz.uptos.edu.ve\\\/wp-content\\\/uploads\\\/2022\\\/10\\\/DSC02517.jpg\"},{\"@type\":\"BreadcrumbList\",\"@id\":\"https:\\\/\\\/www.uptos.edu.ve\\\/?page_id=2623#breadcrumb\",\"itemListElement\":[{\"@type\":\"ListItem\",\"position\":1,\"name\":\"Home\",\"item\":\"https:\\\/\\\/www.uptos.edu.ve\\\/\"},{\"@type\":\"ListItem\",\"position\":2,\"name\":\"Servicios\",\"item\":\"https:\\\/\\\/www.uptos.edu.ve\\\/?page_id=2629\"},{\"@type\":\"ListItem\",\"position\":3,\"name\":\"Cultura y Recreaci\u00f3n\"}]},{\"@type\":\"WebSite\",\"@id\":\"\\\/#website\",\"url\":\"\\\/\",\"name\":\"UPTOS Clodosbaldo Russi\u00e1n\",\"description\":\"Universidad Polit\u00e9cnica del Oeste de Sucre\",\"publisher\":{\"@id\":\"\\\/#organization\"},\"potentialAction\":[{\"@type\":\"SearchAction\",\"target\":{\"@type\":\"EntryPoint\",\"urlTemplate\":\"\\\/?s={search_term_string}\"},\"query-input\":{\"@type\":\"PropertyValueSpecification\",\"valueRequired\":true,\"valueName\":\"search_term_string\"}}],\"inLanguage\":\"es\"},{\"@type\":\"Organization\",\"@id\":\"\\\/#organization\",\"name\":\"UPTOS Clodosbaldo Russi\u00e1n\",\"url\":\"\\\/\",\"logo\":{\"@type\":\"ImageObject\",\"inLanguage\":\"es\",\"@id\":\"\\\/#\\\/schema\\\/logo\\\/image\\\/\",\"url\":\"https:\\\/\\\/www.uptos.edu.ve\\\/wp-content\\\/uploads\\\/2026\\\/02\\\/cropped-cropped-WhatsApp-Image-2026-02-11-at-10.17.38-PM-1.jpeg\",\"contentUrl\":\"https:\\\/\\\/www.uptos.edu.ve\\\/wp-content\\\/uploads\\\/2026\\\/02\\\/cropped-cropped-WhatsApp-Image-2026-02-11-at-10.17.38-PM-1.jpeg\",\"width\":1080,\"height\":73,\"caption\":\"UPTOS Clodosbaldo Russi\u00e1n\"},\"image\":{\"@id\":\"\\\/#\\\/schema\\\/logo\\\/image\\\/\"},\"sameAs\":[\"https:\\\/\\\/www.facebook.com\\\/people\\\/UPTOS-Clodosbaldo-Russin\\\/100070891114831\\\/\",\"http:\\\/\\\/instagram.com\\\/uptoscr_oficial\"]}]}<\/script>\n<!-- \/ Yoast SEO plugin. -->","yoast_head_json":{"title":"Cultura y Recreaci\u00f3n - UPTOS Clodosbaldo Russi\u00e1n","robots":{"index":"index","follow":"follow","max-snippet":"max-snippet:-1","max-image-preview":"max-image-preview:large","max-video-preview":"max-video-preview:-1"},"canonical":"https:\/\/www.uptos.edu.ve\/?page_id=2623","og_locale":"es_ES","og_type":"article","og_title":"Cultura y Recreaci\u00f3n - UPTOS Clodosbaldo Russi\u00e1n","og_description":"La Secci\u00f3n Cultura y Recreaci\u00f3n fomenta programas orientados a apoyar la formaci\u00f3n integral de la comunidad universitaria","og_url":"https:\/\/www.uptos.edu.ve\/?page_id=2623","og_site_name":"UPTOS Clodosbaldo Russi\u00e1n","article_publisher":"https:\/\/www.facebook.com\/people\/UPTOS-Clodosbaldo-Russin\/100070891114831\/","article_modified_time":"2024-05-03T16:58:27+00:00","og_image":[{"url":"https:\/\/wwwvz.uptos.edu.ve\/wp-content\/uploads\/2022\/10\/DSC02517.jpg","type":"","width":"","height":""}],"twitter_card":"summary_large_image","twitter_misc":{"Tiempo estimado de lectura":"1 minuto"},"schema":{"@context":"https:\/\/schema.org","@graph":[{"@type":"WebPage","@id":"https:\/\/www.uptos.edu.ve\/?page_id=2623","url":"https:\/\/www.uptos.edu.ve\/?page_id=2623","name":"Cultura y Recreaci\u00f3n - UPTOS Clodosbaldo Russi\u00e1n","isPartOf":{"@id":"\/#website"},"primaryImageOfPage":{"@id":"https:\/\/www.uptos.edu.ve\/?page_id=2623#primaryimage"},"image":{"@id":"https:\/\/www.uptos.edu.ve\/?page_id=2623#primaryimage"},"thumbnailUrl":"https:\/\/wwwvz.uptos.edu.ve\/wp-content\/uploads\/2022\/10\/DSC02517.jpg","datePublished":"2017-02-27T15:29:05+00:00","dateModified":"2024-05-03T16:58:27+00:00","breadcrumb":{"@id":"https:\/\/www.uptos.edu.ve\/?page_id=2623#breadcrumb"},"inLanguage":"es","potentialAction":[{"@type":"ReadAction","target":["https:\/\/www.uptos.edu.ve\/?page_id=2623"]}]},{"@type":"ImageObject","inLanguage":"es","@id":"https:\/\/www.uptos.edu.ve\/?page_id=2623#primaryimage","url":"https:\/\/wwwvz.uptos.edu.ve\/wp-content\/uploads\/2022\/10\/DSC02517.jpg","contentUrl":"https:\/\/wwwvz.uptos.edu.ve\/wp-content\/uploads\/2022\/10\/DSC02517.jpg"},{"@type":"BreadcrumbList","@id":"https:\/\/www.uptos.edu.ve\/?page_id=2623#breadcrumb","itemListElement":[{"@type":"ListItem","position":1,"name":"Home","item":"https:\/\/www.uptos.edu.ve\/"},{"@type":"ListItem","position":2,"name":"Servicios","item":"https:\/\/www.uptos.edu.ve\/?page_id=2629"},{"@type":"ListItem","position":3,"name":"Cultura y Recreaci\u00f3n"}]},{"@type":"WebSite","@id":"\/#website","url":"\/","name":"UPTOS Clodosbaldo Russi\u00e1n","description":"Universidad Polit\u00e9cnica del Oeste de Sucre","publisher":{"@id":"\/#organization"},"potentialAction":[{"@type":"SearchAction","target":{"@type":"EntryPoint","urlTemplate":"\/?s={search_term_string}"},"query-input":{"@type":"PropertyValueSpecification","valueRequired":true,"valueName":"search_term_string"}}],"inLanguage":"es"},{"@type":"Organization","@id":"\/#organization","name":"UPTOS Clodosbaldo Russi\u00e1n","url":"\/","logo":{"@type":"ImageObject","inLanguage":"es","@id":"\/#\/schema\/logo\/image\/","url":"https:\/\/www.uptos.edu.ve\/wp-content\/uploads\/2026\/02\/cropped-cropped-WhatsApp-Image-2026-02-11-at-10.17.38-PM-1.jpeg","contentUrl":"https:\/\/www.uptos.edu.ve\/wp-content\/uploads\/2026\/02\/cropped-cropped-WhatsApp-Image-2026-02-11-at-10.17.38-PM-1.jpeg","width":1080,"height":73,"caption":"UPTOS Clodosbaldo Russi\u00e1n"},"image":{"@id":"\/#\/schema\/logo\/image\/"},"sameAs":["https:\/\/www.facebook.com\/people\/UPTOS-Clodosbaldo-Russin\/100070891114831\/","http:\/\/instagram.com\/uptoscr_oficial"]}]}},"_links":{"self":[{"href":"https:\/\/www.uptos.edu.ve\/index.php?rest_route=\/wp\/v2\/pages\/2623","targetHints":{"allow":["GET"]}}],"collection":[{"href":"https:\/\/www.uptos.edu.ve\/index.php?rest_route=\/wp\/v2\/pages"}],"about":[{"href":"https:\/\/www.uptos.edu.ve\/index.php?rest_route=\/wp\/v2\/types\/page"}],"author":[{"embeddable":true,"href":"https:\/\/www.uptos.edu.ve\/index.php?rest_route=\/wp\/v2\/users\/2"}],"replies":[{"embeddable":true,"href":"https:\/\/www.uptos.edu.ve\/index.php?rest_route=%2Fwp%2Fv2%2Fcomments&post=2623"}],"version-history":[{"count":2,"href":"https:\/\/www.uptos.edu.ve\/index.php?rest_route=\/wp\/v2\/pages\/2623\/revisions"}],"predecessor-version":[{"id":13897,"href":"https:\/\/www.uptos.edu.ve\/index.php?rest_route=\/wp\/v2\/pages\/2623\/revisions\/13897"}],"up":[{"embeddable":true,"href":"https:\/\/www.uptos.edu.ve\/index.php?rest_route=\/wp\/v2\/pages\/2629"}],"wp:attachment":[{"href":"https:\/\/www.uptos.edu.ve\/index.php?rest_route=%2Fwp%2Fv2%2Fmedia&parent=2623"}],"curies":[{"name":"wp","href":"https:\/\/api.w.org\/{rel}","templated":true}]}}