{"id":2619,"date":"2017-03-06T06:00:44","date_gmt":"2017-03-06T10:00:44","guid":{"rendered":"http:\/\/demo.acmethemes.com\/education-base-pro\/?page_id=396"},"modified":"2024-05-03T12:42:56","modified_gmt":"2024-05-03T16:42:56","slug":"servicios-medicos","status":"publish","type":"page","link":"https:\/\/www.uptos.edu.ve\/?page_id=2619","title":{"rendered":"Servicios M\u00e9dicos"},"content":{"rendered":"\n<div class=\"wp-block-group\" style=\"font-size:15px\"><div class=\"wp-block-group__inner-container is-layout-flow wp-block-group-is-layout-flow\">\n<p align=\"justify\"><span style=\"color: #000000;\">La Unidad de Servicios M\u00e9dico, servicio de atenci\u00f3n integral de salud a la comunidad universitaria, a fin de aplicar la salud curativa y a su vez promocionar y fomentar la cultura hacia la salud preventiva, aplicando los principios \u00e9ticos, que genere responsabilidad, equidad de todos los actores involucrados que permita alcanzar el m\u00e1ximo bienestar de vida.<\/span><\/p>\n<h3><span style=\"color: #980000;\"><strong>SUMINISTRO DE MEDICINAS:<\/strong><\/span><\/h3>\n<p align=\"justify\"><span style=\"color: #000000;\">Una vez que el estudiante acude a su consulta m\u00e9dica y se le asigna un tratamiento, se le brinda la posibilidad de disfrutar del otorgamiento de los medicamentos de forma gratuita, siempre y cuando estos se encuentren en existencia en el servicio m\u00e9dico. El beneficio se hace extensivo a la sede de Cariaco.<\/span><\/p>\n<p align=\"justify\"><img fetchpriority=\"high\" decoding=\"async\" class=\"wp-image-4668 size-full aligncenter\" src=\"https:\/\/www.uptos.edu.ve\/wp-content\/uploads\/2022\/11\/medicinas.jpg\" alt=\"\" width=\"340\" height=\"199\" \/><\/p>\n<h3 class=\"western\" align=\"justify\"><span style=\"font-family: poppins;\"><span style=\"font-size: medium;\"><b><span style=\"color: #800000;\"><span style=\"color: #980000;\">CONSULTAS ESPECIALIZADAS:<\/span><\/span><\/b><\/span><\/span><\/h3>\n<p align=\"justify\"><span style=\"color: #000000;\">A trav\u00e9s de este programa se realizaron convenios con M\u00e9dicos de diferentes especialidades con la cual se obtuvo cupos gratuitos (2 mensuales), en consultas en diferentes \u00e1reas, dentro de las cuales se encuentran: Ex\u00e1menes de Laboratorio, Cardiolog\u00eda, Urolog\u00eda, Traumatolog\u00eda, Oftalmolog\u00eda y Ginecolog\u00eda. Asimismo, se logr\u00f3 obtener convenios con los mismos sobre consultas para los estudiantes con un descuento del 50% del costo<\/span>.<\/p>\n<p align=\"justify\"><img decoding=\"async\" class=\"alignnone wp-image-11209\" src=\"https:\/\/www.uptos.edu.ve\/wp-content\/uploads\/2023\/11\/consultas-medicas-compressed.jpg\" alt=\"\" width=\"5454\" height=\"3632\" srcset=\"https:\/\/www.uptos.edu.ve\/wp-content\/uploads\/2023\/11\/consultas-medicas-compressed.jpg 847w, https:\/\/www.uptos.edu.ve\/wp-content\/uploads\/2023\/11\/consultas-medicas-compressed-600x400.jpg 600w, https:\/\/www.uptos.edu.ve\/wp-content\/uploads\/2023\/11\/consultas-medicas-compressed-768x511.jpg 768w\" sizes=\"(max-width: 5454px) 100vw, 5454px\" \/><\/p>\n<h3 class=\"western\" align=\"justify\"><span style=\"font-size: medium;\"><b><span style=\"color: #800000;\"><span style=\"font-family: poppins;\"><span style=\"color: #980000;\">ODONTOLOG\u00cdA:<\/span><\/span><\/span><\/b><\/span><\/h3>\n<p><span style=\"color: #000000;\">Brinda atenci\u00f3n m\u00e9dica odontol\u00f3gica a los estudiantes de la UPTOS CR, a trav\u00e9s de consultas de revisi\u00f3n, exodoncias, eliminaci\u00f3n de caries, colocaci\u00f3n de amalgamas, limpieza bucal, RX Panor\u00e1micas dentales y pr\u00f3tesis parciales.<\/span><\/p>\n<p><img decoding=\"async\" class=\"alignnone wp-image-11214\" src=\"https:\/\/www.uptos.edu.ve\/wp-content\/uploads\/2023\/11\/odontologia-compressed-300x300.jpg\" alt=\"\" width=\"5454\" height=\"3632\" srcset=\"https:\/\/www.uptos.edu.ve\/wp-content\/uploads\/2023\/11\/odontologia-compressed-600x400.jpg 600w, https:\/\/www.uptos.edu.ve\/wp-content\/uploads\/2023\/11\/odontologia-compressed-768x511.jpg 768w, https:\/\/www.uptos.edu.ve\/wp-content\/uploads\/2023\/11\/odontologia-compressed.jpg 847w\" sizes=\"(max-width: 5454px) 100vw, 5454px\" \/><\/p>\n<h3 class=\"western\"><span style=\"color: #800000;\"><b>SERVICIO DE PARAM\u00c9DICOS:<\/b><\/span><\/h3>\n<p align=\"justify\"><span style=\"color: #000000;\">Este servicio se presta a toda la comunidad universitaria y dentro de sus funciones est\u00e1\u00a0la atenci\u00f3n pre-hospitalaria, atenci\u00f3n m\u00e9dica asistencial y traslado a centros de salud (ambulatorios, cl\u00ednicas, hospital); asimismo se brinda el acompa\u00f1amiento a las diferentes selecciones deportivas de los estudiantes en los viajes de competencias.<\/span><\/p>\n<\/div><\/div>\n","protected":false},"excerpt":{"rendered":"<p>La Unidad de Servicios M\u00e9dico, servicio de atenci\u00f3n integral de salud a la comunidad universitaria, a fin de aplicar la salud curativa y a su vez promocionar y fomentar la cultura hacia la salud preventiva<\/p>\n","protected":false},"author":1,"featured_media":3682,"parent":2629,"menu_order":0,"comment_status":"closed","ping_status":"closed","template":"","meta":{"_monsterinsights_skip_tracking":false,"_monsterinsights_sitenote_active":false,"_monsterinsights_sitenote_note":"","_monsterinsights_sitenote_category":0,"footnotes":""},"class_list":["post-2619","page","type-page","status-publish","has-post-thumbnail","hentry"],"yoast_head":"<!-- This site is optimized with the Yoast SEO plugin v27.4 - https:\/\/yoast.com\/product\/yoast-seo-wordpress\/ -->\n<title>Servicios M\u00e9dicos - UPTOS Clodosbaldo Russi\u00e1n<\/title>\n<meta name=\"robots\" content=\"index, follow, max-snippet:-1, max-image-preview:large, max-video-preview:-1\" \/>\n<link rel=\"canonical\" href=\"https:\/\/www.uptos.edu.ve\/?page_id=2619\" \/>\n<meta property=\"og:locale\" content=\"es_ES\" \/>\n<meta property=\"og:type\" content=\"article\" \/>\n<meta property=\"og:title\" content=\"Servicios M\u00e9dicos - UPTOS Clodosbaldo Russi\u00e1n\" \/>\n<meta property=\"og:description\" content=\"La Unidad de Servicios M\u00e9dico, servicio de atenci\u00f3n integral de salud a la comunidad universitaria, a fin de aplicar la salud curativa y a su vez promocionar y fomentar la cultura hacia la salud preventiva\" \/>\n<meta property=\"og:url\" content=\"https:\/\/www.uptos.edu.ve\/?page_id=2619\" \/>\n<meta property=\"og:site_name\" content=\"UPTOS Clodosbaldo Russi\u00e1n\" \/>\n<meta property=\"article:publisher\" content=\"https:\/\/www.facebook.com\/people\/UPTOS-Clodosbaldo-Russin\/100070891114831\/\" \/>\n<meta property=\"article:modified_time\" content=\"2024-05-03T16:42:56+00:00\" \/>\n<meta property=\"og:image\" content=\"https:\/\/www.uptos.edu.ve\/wp-content\/uploads\/2022\/08\/9631938fc8634633b7d5536e25aa86c7.jpeg\" \/>\n\t<meta property=\"og:image:width\" content=\"847\" \/>\n\t<meta property=\"og:image:height\" content=\"477\" \/>\n\t<meta property=\"og:image:type\" content=\"image\/jpeg\" \/>\n<meta name=\"twitter:card\" content=\"summary_large_image\" \/>\n<meta name=\"twitter:label1\" content=\"Tiempo estimado de lectura\" \/>\n\t<meta name=\"twitter:data1\" content=\"2 minutos\" \/>\n<script type=\"application\/ld+json\" class=\"yoast-schema-graph\">{\"@context\":\"https:\\\/\\\/schema.org\",\"@graph\":[{\"@type\":\"WebPage\",\"@id\":\"https:\\\/\\\/www.uptos.edu.ve\\\/?page_id=2619\",\"url\":\"https:\\\/\\\/www.uptos.edu.ve\\\/?page_id=2619\",\"name\":\"Servicios M\u00e9dicos - UPTOS Clodosbaldo Russi\u00e1n\",\"isPartOf\":{\"@id\":\"\\\/#website\"},\"primaryImageOfPage\":{\"@id\":\"https:\\\/\\\/www.uptos.edu.ve\\\/?page_id=2619#primaryimage\"},\"image\":{\"@id\":\"https:\\\/\\\/www.uptos.edu.ve\\\/?page_id=2619#primaryimage\"},\"thumbnailUrl\":\"https:\\\/\\\/www.uptos.edu.ve\\\/wp-content\\\/uploads\\\/2022\\\/08\\\/9631938fc8634633b7d5536e25aa86c7.jpeg\",\"datePublished\":\"2017-03-06T10:00:44+00:00\",\"dateModified\":\"2024-05-03T16:42:56+00:00\",\"breadcrumb\":{\"@id\":\"https:\\\/\\\/www.uptos.edu.ve\\\/?page_id=2619#breadcrumb\"},\"inLanguage\":\"es\",\"potentialAction\":[{\"@type\":\"ReadAction\",\"target\":[\"https:\\\/\\\/www.uptos.edu.ve\\\/?page_id=2619\"]}]},{\"@type\":\"ImageObject\",\"inLanguage\":\"es\",\"@id\":\"https:\\\/\\\/www.uptos.edu.ve\\\/?page_id=2619#primaryimage\",\"url\":\"https:\\\/\\\/www.uptos.edu.ve\\\/wp-content\\\/uploads\\\/2022\\\/08\\\/9631938fc8634633b7d5536e25aa86c7.jpeg\",\"contentUrl\":\"https:\\\/\\\/www.uptos.edu.ve\\\/wp-content\\\/uploads\\\/2022\\\/08\\\/9631938fc8634633b7d5536e25aa86c7.jpeg\",\"width\":847,\"height\":477},{\"@type\":\"BreadcrumbList\",\"@id\":\"https:\\\/\\\/www.uptos.edu.ve\\\/?page_id=2619#breadcrumb\",\"itemListElement\":[{\"@type\":\"ListItem\",\"position\":1,\"name\":\"Home\",\"item\":\"https:\\\/\\\/www.uptos.edu.ve\\\/\"},{\"@type\":\"ListItem\",\"position\":2,\"name\":\"Servicios\",\"item\":\"https:\\\/\\\/www.uptos.edu.ve\\\/?page_id=2629\"},{\"@type\":\"ListItem\",\"position\":3,\"name\":\"Servicios M\u00e9dicos\"}]},{\"@type\":\"WebSite\",\"@id\":\"\\\/#website\",\"url\":\"\\\/\",\"name\":\"UPTOS Clodosbaldo Russi\u00e1n\",\"description\":\"Universidad Polit\u00e9cnica del Oeste de Sucre\",\"publisher\":{\"@id\":\"\\\/#organization\"},\"potentialAction\":[{\"@type\":\"SearchAction\",\"target\":{\"@type\":\"EntryPoint\",\"urlTemplate\":\"\\\/?s={search_term_string}\"},\"query-input\":{\"@type\":\"PropertyValueSpecification\",\"valueRequired\":true,\"valueName\":\"search_term_string\"}}],\"inLanguage\":\"es\"},{\"@type\":\"Organization\",\"@id\":\"\\\/#organization\",\"name\":\"UPTOS Clodosbaldo Russi\u00e1n\",\"url\":\"\\\/\",\"logo\":{\"@type\":\"ImageObject\",\"inLanguage\":\"es\",\"@id\":\"\\\/#\\\/schema\\\/logo\\\/image\\\/\",\"url\":\"https:\\\/\\\/www.uptos.edu.ve\\\/wp-content\\\/uploads\\\/2026\\\/02\\\/cropped-cropped-WhatsApp-Image-2026-02-11-at-10.17.38-PM-1.jpeg\",\"contentUrl\":\"https:\\\/\\\/www.uptos.edu.ve\\\/wp-content\\\/uploads\\\/2026\\\/02\\\/cropped-cropped-WhatsApp-Image-2026-02-11-at-10.17.38-PM-1.jpeg\",\"width\":1080,\"height\":73,\"caption\":\"UPTOS Clodosbaldo Russi\u00e1n\"},\"image\":{\"@id\":\"\\\/#\\\/schema\\\/logo\\\/image\\\/\"},\"sameAs\":[\"https:\\\/\\\/www.facebook.com\\\/people\\\/UPTOS-Clodosbaldo-Russin\\\/100070891114831\\\/\",\"http:\\\/\\\/instagram.com\\\/uptoscr_oficial\"]}]}<\/script>\n<!-- \/ Yoast SEO plugin. -->","yoast_head_json":{"title":"Servicios M\u00e9dicos - UPTOS Clodosbaldo Russi\u00e1n","robots":{"index":"index","follow":"follow","max-snippet":"max-snippet:-1","max-image-preview":"max-image-preview:large","max-video-preview":"max-video-preview:-1"},"canonical":"https:\/\/www.uptos.edu.ve\/?page_id=2619","og_locale":"es_ES","og_type":"article","og_title":"Servicios M\u00e9dicos - UPTOS Clodosbaldo Russi\u00e1n","og_description":"La Unidad de Servicios M\u00e9dico, servicio de atenci\u00f3n integral de salud a la comunidad universitaria, a fin de aplicar la salud curativa y a su vez promocionar y fomentar la cultura hacia la salud preventiva","og_url":"https:\/\/www.uptos.edu.ve\/?page_id=2619","og_site_name":"UPTOS Clodosbaldo Russi\u00e1n","article_publisher":"https:\/\/www.facebook.com\/people\/UPTOS-Clodosbaldo-Russin\/100070891114831\/","article_modified_time":"2024-05-03T16:42:56+00:00","og_image":[{"width":847,"height":477,"url":"https:\/\/www.uptos.edu.ve\/wp-content\/uploads\/2022\/08\/9631938fc8634633b7d5536e25aa86c7.jpeg","type":"image\/jpeg"}],"twitter_card":"summary_large_image","twitter_misc":{"Tiempo estimado de lectura":"2 minutos"},"schema":{"@context":"https:\/\/schema.org","@graph":[{"@type":"WebPage","@id":"https:\/\/www.uptos.edu.ve\/?page_id=2619","url":"https:\/\/www.uptos.edu.ve\/?page_id=2619","name":"Servicios M\u00e9dicos - UPTOS Clodosbaldo Russi\u00e1n","isPartOf":{"@id":"\/#website"},"primaryImageOfPage":{"@id":"https:\/\/www.uptos.edu.ve\/?page_id=2619#primaryimage"},"image":{"@id":"https:\/\/www.uptos.edu.ve\/?page_id=2619#primaryimage"},"thumbnailUrl":"https:\/\/www.uptos.edu.ve\/wp-content\/uploads\/2022\/08\/9631938fc8634633b7d5536e25aa86c7.jpeg","datePublished":"2017-03-06T10:00:44+00:00","dateModified":"2024-05-03T16:42:56+00:00","breadcrumb":{"@id":"https:\/\/www.uptos.edu.ve\/?page_id=2619#breadcrumb"},"inLanguage":"es","potentialAction":[{"@type":"ReadAction","target":["https:\/\/www.uptos.edu.ve\/?page_id=2619"]}]},{"@type":"ImageObject","inLanguage":"es","@id":"https:\/\/www.uptos.edu.ve\/?page_id=2619#primaryimage","url":"https:\/\/www.uptos.edu.ve\/wp-content\/uploads\/2022\/08\/9631938fc8634633b7d5536e25aa86c7.jpeg","contentUrl":"https:\/\/www.uptos.edu.ve\/wp-content\/uploads\/2022\/08\/9631938fc8634633b7d5536e25aa86c7.jpeg","width":847,"height":477},{"@type":"BreadcrumbList","@id":"https:\/\/www.uptos.edu.ve\/?page_id=2619#breadcrumb","itemListElement":[{"@type":"ListItem","position":1,"name":"Home","item":"https:\/\/www.uptos.edu.ve\/"},{"@type":"ListItem","position":2,"name":"Servicios","item":"https:\/\/www.uptos.edu.ve\/?page_id=2629"},{"@type":"ListItem","position":3,"name":"Servicios M\u00e9dicos"}]},{"@type":"WebSite","@id":"\/#website","url":"\/","name":"UPTOS Clodosbaldo Russi\u00e1n","description":"Universidad Polit\u00e9cnica del Oeste de Sucre","publisher":{"@id":"\/#organization"},"potentialAction":[{"@type":"SearchAction","target":{"@type":"EntryPoint","urlTemplate":"\/?s={search_term_string}"},"query-input":{"@type":"PropertyValueSpecification","valueRequired":true,"valueName":"search_term_string"}}],"inLanguage":"es"},{"@type":"Organization","@id":"\/#organization","name":"UPTOS Clodosbaldo Russi\u00e1n","url":"\/","logo":{"@type":"ImageObject","inLanguage":"es","@id":"\/#\/schema\/logo\/image\/","url":"https:\/\/www.uptos.edu.ve\/wp-content\/uploads\/2026\/02\/cropped-cropped-WhatsApp-Image-2026-02-11-at-10.17.38-PM-1.jpeg","contentUrl":"https:\/\/www.uptos.edu.ve\/wp-content\/uploads\/2026\/02\/cropped-cropped-WhatsApp-Image-2026-02-11-at-10.17.38-PM-1.jpeg","width":1080,"height":73,"caption":"UPTOS Clodosbaldo Russi\u00e1n"},"image":{"@id":"\/#\/schema\/logo\/image\/"},"sameAs":["https:\/\/www.facebook.com\/people\/UPTOS-Clodosbaldo-Russin\/100070891114831\/","http:\/\/instagram.com\/uptoscr_oficial"]}]}},"_links":{"self":[{"href":"https:\/\/www.uptos.edu.ve\/index.php?rest_route=\/wp\/v2\/pages\/2619","targetHints":{"allow":["GET"]}}],"collection":[{"href":"https:\/\/www.uptos.edu.ve\/index.php?rest_route=\/wp\/v2\/pages"}],"about":[{"href":"https:\/\/www.uptos.edu.ve\/index.php?rest_route=\/wp\/v2\/types\/page"}],"author":[{"embeddable":true,"href":"https:\/\/www.uptos.edu.ve\/index.php?rest_route=\/wp\/v2\/users\/1"}],"replies":[{"embeddable":true,"href":"https:\/\/www.uptos.edu.ve\/index.php?rest_route=%2Fwp%2Fv2%2Fcomments&post=2619"}],"version-history":[{"count":4,"href":"https:\/\/www.uptos.edu.ve\/index.php?rest_route=\/wp\/v2\/pages\/2619\/revisions"}],"predecessor-version":[{"id":13895,"href":"https:\/\/www.uptos.edu.ve\/index.php?rest_route=\/wp\/v2\/pages\/2619\/revisions\/13895"}],"up":[{"embeddable":true,"href":"https:\/\/www.uptos.edu.ve\/index.php?rest_route=\/wp\/v2\/pages\/2629"}],"wp:featuredmedia":[{"embeddable":true,"href":"https:\/\/www.uptos.edu.ve\/index.php?rest_route=\/wp\/v2\/media\/3682"}],"wp:attachment":[{"href":"https:\/\/www.uptos.edu.ve\/index.php?rest_route=%2Fwp%2Fv2%2Fmedia&parent=2619"}],"curies":[{"name":"wp","href":"https:\/\/api.w.org\/{rel}","templated":true}]}}