{"id":2617,"date":"2017-03-06T06:14:23","date_gmt":"2017-03-06T10:14:23","guid":{"rendered":"http:\/\/demo.acmethemes.com\/education-base-pro\/?page_id=397"},"modified":"2023-06-26T11:02:04","modified_gmt":"2023-06-26T15:02:04","slug":"biblioteca-central","status":"publish","type":"page","link":"https:\/\/www.uptos.edu.ve\/?page_id=2617","title":{"rendered":"Biblioteca"},"content":{"rendered":"\n<div class=\"wp-block-group has-black-color has-text-color\" style=\"font-size:15px\"><div class=\"wp-block-group__inner-container is-layout-flow wp-block-group-is-layout-flow\">\n<p align=\"justify\"><font color=\"#000000\"><b><font size=\"3\">La Unidad de Biblioteca Central<\/font><\/b> est\u00e1 adscrito a la Coordinaci\u00f3n de Recursos para la Formaci\u00f3n de esta Casa de Estudios y es la responsable de contribuir a la generaci\u00f3n de nuevos saberes, mediante la proporci\u00f3n de servicios de informaci\u00f3n, que atienden a las l\u00edneas de investigaci\u00f3n, los programas educativos de pre y postgrado; as\u00ed como a las actividades orientadas a la generaci\u00f3n de nuevos productos de investigaci\u00f3n y desarrollo human\u00edstico cultural.<\/font><\/p>\n<p align=\"justify\">\u00a0<\/p>\n<h5><font color=\"#980000\"><b>SUS PRINCIPALES ATRIBUCIONES SON:<\/b><\/font><\/h5>\n<ol>\n<li><font color=\"#000000\"><font size=\"3\">Brindar acceso a todos los recursos informativos y servicios de aprendizaje necesarios para apoyar planes y programas acad\u00e9micos de pregrado y postgrado de la Universidad.<\/font><\/font><\/li>\n<li><font color=\"#000000\"><font size=\"3\">Gestionar la adquisici\u00f3n de materiales bibliogr\u00e1ficos seg\u00fan pol\u00edtica de selecci\u00f3n y adquisici\u00f3n vigente de la Biblioteca.<\/font><\/font><\/li>\n<li><font color=\"#000000\"><font size=\"3\">Orientar a los usuarios en cuanto al uso y manejo de los servicios de informaci\u00f3n disponible.<\/font><\/font><\/li>\n<li><font color=\"#000000\"><font size=\"3\">Ofrecer orientaci\u00f3n y adiestramiento al personal en cuanto al empleo y manejo de fuentes de informaci\u00f3n y cat\u00e1logos, as\u00ed como otros procedimientos inherentes a la actividad de biblioteca.<\/font><\/font><\/li>\n<li><font color=\"#000000\"><font size=\"3\">Organizar eventos en pro de la difusi\u00f3n de la lectura, investigaci\u00f3n y otras actividades de orientaci\u00f3n acad\u00e9mica.<\/font><\/font><\/li>\n<li><font color=\"#000000\">Elaborar y mantener herramientas para la diseminaci\u00f3n selectiva y difusi\u00f3n de la informaci\u00f3n dentro de la comunidad universitaria.<\/font><\/li>\n<li><font color=\"#000000\"><font size=\"3\">Preparar informaci\u00f3n requerida para la elaboraci\u00f3n del Plan Operativo Anual.<\/font><\/font><\/li>\n<li><font color=\"#000000\"><font size=\"3\">Revisar peri\u00f3dicamente los manuales y reglamentos, autorizando su ejecuci\u00f3n y garantizando su cumplimiento.<\/font><\/font><\/li>\n<li><font color=\"#000000\"><font size=\"3\">Apoyar las actividades acad\u00e9micas, de investigaci\u00f3n y de integraci\u00f3n socio-cultural, socio-deportiva y de recreaci\u00f3n desarrolladas en la Universidad.<\/font><\/font><\/li>\n<li><font color=\"#000000\"><font size=\"3\">Desarrollar y mantener una amplia colecci\u00f3n documental que permita alcanzar los objetivos acad\u00e9micos de la Universidad.<\/font><\/font><\/li>\n<li><font color=\"#000000\"><font size=\"3\">Alentar y promover el desarrollo de habilidades para la investigaci\u00f3n documental.<\/font><\/font><\/li>\n<li><font color=\"#000000\"><font size=\"3\">Promover la realizaci\u00f3n de convenios interinstitucionales para lograr la adquisici\u00f3n de materiales para la Biblioteca.<\/font><\/font><\/li>\n<li><font color=\"#000000\"><font size=\"3\">Elaborar y presentar ante la Coordinaci\u00f3n de Recursos para la Formaci\u00f3n, el Informe de Gesti\u00f3n Anual de la Biblioteca.<\/font><\/font><\/li>\n<li><font color=\"#000000\"><font size=\"3\">Rendir cuentas permanentemente a la Coordinaci\u00f3n de Recursos para la Formaci\u00f3n, sobre el desarrollo de su gesti\u00f3n.<\/font><\/font><\/li>\n<li><font color=\"#000000\"><font size=\"3\">Dirigir las \u00e1reas que dependan de Biblioteca Central, conforme al reglamento interno que al efecto dicte la Coordinaci\u00f3n de Recursos para la Formaci\u00f3n.<\/font><\/font><\/li>\n<li><font color=\"#000000\"><font size=\"3\">Las dem\u00e1s que se\u00f1ale el ordenamiento jur\u00eddico vigente.<\/font><\/font><\/li>\n<\/ol>\n<\/div><\/div>\n","protected":false},"excerpt":{"rendered":"<p>La Unidad de Biblioteca Central est\u00e1 adscrito a la Coordinaci\u00f3n de Recursos para la Formaci\u00f3n de esta Casa de Estudios y es la responsable de contribuir a la generaci\u00f3n de nuevos saberes<\/p>\n","protected":false},"author":2,"featured_media":2923,"parent":2629,"menu_order":0,"comment_status":"closed","ping_status":"closed","template":"","meta":{"_monsterinsights_skip_tracking":false,"_monsterinsights_sitenote_active":false,"_monsterinsights_sitenote_note":"","_monsterinsights_sitenote_category":0,"footnotes":""},"class_list":["post-2617","page","type-page","status-publish","has-post-thumbnail","hentry"],"yoast_head":"<!-- This site is optimized with the Yoast SEO plugin v26.9 - https:\/\/yoast.com\/product\/yoast-seo-wordpress\/ -->\n<title>Biblioteca - UPTOS Clodosbaldo Russi\u00e1n<\/title>\n<meta name=\"robots\" content=\"index, follow, max-snippet:-1, max-image-preview:large, max-video-preview:-1\" \/>\n<link rel=\"canonical\" href=\"https:\/\/www.uptos.edu.ve\/?page_id=2617\" \/>\n<meta property=\"og:locale\" content=\"es_ES\" \/>\n<meta property=\"og:type\" content=\"article\" \/>\n<meta property=\"og:title\" content=\"Biblioteca - UPTOS Clodosbaldo Russi\u00e1n\" \/>\n<meta property=\"og:description\" content=\"La Unidad de Biblioteca Central est\u00e1 adscrito a la Coordinaci\u00f3n de Recursos para la Formaci\u00f3n de esta Casa de Estudios y es la responsable de contribuir a la generaci\u00f3n de nuevos saberes\" \/>\n<meta property=\"og:url\" content=\"https:\/\/www.uptos.edu.ve\/?page_id=2617\" \/>\n<meta property=\"og:site_name\" content=\"UPTOS Clodosbaldo Russi\u00e1n\" \/>\n<meta property=\"article:publisher\" content=\"https:\/\/www.facebook.com\/people\/UPTOS-Clodosbaldo-Russin\/100070891114831\/\" \/>\n<meta property=\"article:modified_time\" content=\"2023-06-26T15:02:04+00:00\" \/>\n<meta property=\"og:image\" content=\"https:\/\/www.uptos.edu.ve\/wp-content\/uploads\/2021\/12\/biblioteca-central.jpg\" \/>\n\t<meta property=\"og:image:width\" content=\"1280\" \/>\n\t<meta property=\"og:image:height\" content=\"853\" \/>\n\t<meta property=\"og:image:type\" content=\"image\/jpeg\" \/>\n<meta name=\"twitter:card\" content=\"summary_large_image\" \/>\n<meta name=\"twitter:label1\" content=\"Tiempo estimado de lectura\" \/>\n\t<meta name=\"twitter:data1\" content=\"2 minutos\" \/>\n<script type=\"application\/ld+json\" class=\"yoast-schema-graph\">{\"@context\":\"https:\/\/schema.org\",\"@graph\":[{\"@type\":\"WebPage\",\"@id\":\"https:\/\/www.uptos.edu.ve\/?page_id=2617\",\"url\":\"https:\/\/www.uptos.edu.ve\/?page_id=2617\",\"name\":\"Biblioteca - UPTOS Clodosbaldo Russi\u00e1n\",\"isPartOf\":{\"@id\":\"\/#website\"},\"primaryImageOfPage\":{\"@id\":\"https:\/\/www.uptos.edu.ve\/?page_id=2617#primaryimage\"},\"image\":{\"@id\":\"https:\/\/www.uptos.edu.ve\/?page_id=2617#primaryimage\"},\"thumbnailUrl\":\"https:\/\/www.uptos.edu.ve\/wp-content\/uploads\/2021\/12\/biblioteca-central.jpg\",\"datePublished\":\"2017-03-06T10:14:23+00:00\",\"dateModified\":\"2023-06-26T15:02:04+00:00\",\"breadcrumb\":{\"@id\":\"https:\/\/www.uptos.edu.ve\/?page_id=2617#breadcrumb\"},\"inLanguage\":\"es\",\"potentialAction\":[{\"@type\":\"ReadAction\",\"target\":[\"https:\/\/www.uptos.edu.ve\/?page_id=2617\"]}]},{\"@type\":\"ImageObject\",\"inLanguage\":\"es\",\"@id\":\"https:\/\/www.uptos.edu.ve\/?page_id=2617#primaryimage\",\"url\":\"https:\/\/www.uptos.edu.ve\/wp-content\/uploads\/2021\/12\/biblioteca-central.jpg\",\"contentUrl\":\"https:\/\/www.uptos.edu.ve\/wp-content\/uploads\/2021\/12\/biblioteca-central.jpg\",\"width\":1280,\"height\":853,\"caption\":\"Biblioteca Central UPTOS\"},{\"@type\":\"BreadcrumbList\",\"@id\":\"https:\/\/www.uptos.edu.ve\/?page_id=2617#breadcrumb\",\"itemListElement\":[{\"@type\":\"ListItem\",\"position\":1,\"name\":\"Home\",\"item\":\"https:\/\/www.uptos.edu.ve\/\"},{\"@type\":\"ListItem\",\"position\":2,\"name\":\"Servicios\",\"item\":\"https:\/\/www.uptos.edu.ve\/?page_id=2629\"},{\"@type\":\"ListItem\",\"position\":3,\"name\":\"Biblioteca\"}]},{\"@type\":\"WebSite\",\"@id\":\"\/#website\",\"url\":\"\/\",\"name\":\"UPTOS Clodosbaldo Russi\u00e1n\",\"description\":\"Universidad Polit\u00e9cnica del Oeste de Sucre\",\"publisher\":{\"@id\":\"\/#organization\"},\"potentialAction\":[{\"@type\":\"SearchAction\",\"target\":{\"@type\":\"EntryPoint\",\"urlTemplate\":\"\/?s={search_term_string}\"},\"query-input\":{\"@type\":\"PropertyValueSpecification\",\"valueRequired\":true,\"valueName\":\"search_term_string\"}}],\"inLanguage\":\"es\"},{\"@type\":\"Organization\",\"@id\":\"\/#organization\",\"name\":\"UPTOS Clodosbaldo Russi\u00e1n\",\"url\":\"\/\",\"logo\":{\"@type\":\"ImageObject\",\"inLanguage\":\"es\",\"@id\":\"\/#\/schema\/logo\/image\/\",\"url\":\"https:\/\/www.uptos.edu.ve\/wp-content\/uploads\/2026\/02\/cropped-cropped-WhatsApp-Image-2026-02-11-at-10.17.38-PM-1.jpeg\",\"contentUrl\":\"https:\/\/www.uptos.edu.ve\/wp-content\/uploads\/2026\/02\/cropped-cropped-WhatsApp-Image-2026-02-11-at-10.17.38-PM-1.jpeg\",\"width\":1080,\"height\":73,\"caption\":\"UPTOS Clodosbaldo Russi\u00e1n\"},\"image\":{\"@id\":\"\/#\/schema\/logo\/image\/\"},\"sameAs\":[\"https:\/\/www.facebook.com\/people\/UPTOS-Clodosbaldo-Russin\/100070891114831\/\",\"http:\/\/instagram.com\/uptoscr_oficial\"]}]}<\/script>\n<!-- \/ Yoast SEO plugin. -->","yoast_head_json":{"title":"Biblioteca - UPTOS Clodosbaldo Russi\u00e1n","robots":{"index":"index","follow":"follow","max-snippet":"max-snippet:-1","max-image-preview":"max-image-preview:large","max-video-preview":"max-video-preview:-1"},"canonical":"https:\/\/www.uptos.edu.ve\/?page_id=2617","og_locale":"es_ES","og_type":"article","og_title":"Biblioteca - UPTOS Clodosbaldo Russi\u00e1n","og_description":"La Unidad de Biblioteca Central est\u00e1 adscrito a la Coordinaci\u00f3n de Recursos para la Formaci\u00f3n de esta Casa de Estudios y es la responsable de contribuir a la generaci\u00f3n de nuevos saberes","og_url":"https:\/\/www.uptos.edu.ve\/?page_id=2617","og_site_name":"UPTOS Clodosbaldo Russi\u00e1n","article_publisher":"https:\/\/www.facebook.com\/people\/UPTOS-Clodosbaldo-Russin\/100070891114831\/","article_modified_time":"2023-06-26T15:02:04+00:00","og_image":[{"width":1280,"height":853,"url":"https:\/\/www.uptos.edu.ve\/wp-content\/uploads\/2021\/12\/biblioteca-central.jpg","type":"image\/jpeg"}],"twitter_card":"summary_large_image","twitter_misc":{"Tiempo estimado de lectura":"2 minutos"},"schema":{"@context":"https:\/\/schema.org","@graph":[{"@type":"WebPage","@id":"https:\/\/www.uptos.edu.ve\/?page_id=2617","url":"https:\/\/www.uptos.edu.ve\/?page_id=2617","name":"Biblioteca - UPTOS Clodosbaldo Russi\u00e1n","isPartOf":{"@id":"\/#website"},"primaryImageOfPage":{"@id":"https:\/\/www.uptos.edu.ve\/?page_id=2617#primaryimage"},"image":{"@id":"https:\/\/www.uptos.edu.ve\/?page_id=2617#primaryimage"},"thumbnailUrl":"https:\/\/www.uptos.edu.ve\/wp-content\/uploads\/2021\/12\/biblioteca-central.jpg","datePublished":"2017-03-06T10:14:23+00:00","dateModified":"2023-06-26T15:02:04+00:00","breadcrumb":{"@id":"https:\/\/www.uptos.edu.ve\/?page_id=2617#breadcrumb"},"inLanguage":"es","potentialAction":[{"@type":"ReadAction","target":["https:\/\/www.uptos.edu.ve\/?page_id=2617"]}]},{"@type":"ImageObject","inLanguage":"es","@id":"https:\/\/www.uptos.edu.ve\/?page_id=2617#primaryimage","url":"https:\/\/www.uptos.edu.ve\/wp-content\/uploads\/2021\/12\/biblioteca-central.jpg","contentUrl":"https:\/\/www.uptos.edu.ve\/wp-content\/uploads\/2021\/12\/biblioteca-central.jpg","width":1280,"height":853,"caption":"Biblioteca Central UPTOS"},{"@type":"BreadcrumbList","@id":"https:\/\/www.uptos.edu.ve\/?page_id=2617#breadcrumb","itemListElement":[{"@type":"ListItem","position":1,"name":"Home","item":"https:\/\/www.uptos.edu.ve\/"},{"@type":"ListItem","position":2,"name":"Servicios","item":"https:\/\/www.uptos.edu.ve\/?page_id=2629"},{"@type":"ListItem","position":3,"name":"Biblioteca"}]},{"@type":"WebSite","@id":"\/#website","url":"\/","name":"UPTOS Clodosbaldo Russi\u00e1n","description":"Universidad Polit\u00e9cnica del Oeste de Sucre","publisher":{"@id":"\/#organization"},"potentialAction":[{"@type":"SearchAction","target":{"@type":"EntryPoint","urlTemplate":"\/?s={search_term_string}"},"query-input":{"@type":"PropertyValueSpecification","valueRequired":true,"valueName":"search_term_string"}}],"inLanguage":"es"},{"@type":"Organization","@id":"\/#organization","name":"UPTOS Clodosbaldo Russi\u00e1n","url":"\/","logo":{"@type":"ImageObject","inLanguage":"es","@id":"\/#\/schema\/logo\/image\/","url":"https:\/\/www.uptos.edu.ve\/wp-content\/uploads\/2026\/02\/cropped-cropped-WhatsApp-Image-2026-02-11-at-10.17.38-PM-1.jpeg","contentUrl":"https:\/\/www.uptos.edu.ve\/wp-content\/uploads\/2026\/02\/cropped-cropped-WhatsApp-Image-2026-02-11-at-10.17.38-PM-1.jpeg","width":1080,"height":73,"caption":"UPTOS Clodosbaldo Russi\u00e1n"},"image":{"@id":"\/#\/schema\/logo\/image\/"},"sameAs":["https:\/\/www.facebook.com\/people\/UPTOS-Clodosbaldo-Russin\/100070891114831\/","http:\/\/instagram.com\/uptoscr_oficial"]}]}},"_links":{"self":[{"href":"https:\/\/www.uptos.edu.ve\/index.php?rest_route=\/wp\/v2\/pages\/2617","targetHints":{"allow":["GET"]}}],"collection":[{"href":"https:\/\/www.uptos.edu.ve\/index.php?rest_route=\/wp\/v2\/pages"}],"about":[{"href":"https:\/\/www.uptos.edu.ve\/index.php?rest_route=\/wp\/v2\/types\/page"}],"author":[{"embeddable":true,"href":"https:\/\/www.uptos.edu.ve\/index.php?rest_route=\/wp\/v2\/users\/2"}],"replies":[{"embeddable":true,"href":"https:\/\/www.uptos.edu.ve\/index.php?rest_route=%2Fwp%2Fv2%2Fcomments&post=2617"}],"version-history":[{"count":5,"href":"https:\/\/www.uptos.edu.ve\/index.php?rest_route=\/wp\/v2\/pages\/2617\/revisions"}],"predecessor-version":[{"id":10629,"href":"https:\/\/www.uptos.edu.ve\/index.php?rest_route=\/wp\/v2\/pages\/2617\/revisions\/10629"}],"up":[{"embeddable":true,"href":"https:\/\/www.uptos.edu.ve\/index.php?rest_route=\/wp\/v2\/pages\/2629"}],"wp:featuredmedia":[{"embeddable":true,"href":"https:\/\/www.uptos.edu.ve\/index.php?rest_route=\/wp\/v2\/media\/2923"}],"wp:attachment":[{"href":"https:\/\/www.uptos.edu.ve\/index.php?rest_route=%2Fwp%2Fv2%2Fmedia&parent=2617"}],"curies":[{"name":"wp","href":"https:\/\/api.w.org\/{rel}","templated":true}]}}