{"id":17725,"date":"2025-10-09T11:38:50","date_gmt":"2025-10-09T15:38:50","guid":{"rendered":"https:\/\/www.uptos.edu.ve\/?page_id=17725"},"modified":"2025-10-09T11:47:17","modified_gmt":"2025-10-09T15:47:17","slug":"andres-mata","status":"publish","type":"page","link":"https:\/\/www.uptos.edu.ve\/?page_id=17725","title":{"rendered":"ANDR\u00c9S MATA"},"content":{"rendered":"\n<h4 class=\"wp-block-heading has-black-color has-text-color\" style=\"font-size:16px\"><strong>UNIVERSIDAD POLIT\u00c9CNICA TERRITORIAL DEL OESTE DE SUCRE \u00a8CLODOSBALDO RUSSI\u00c1N\u00a8 EXTENSI\u00d3N ANDR\u00c9S MATA<\/strong><\/h4>\n\n\n\n<p class=\"has-black-color has-text-color\" style=\"font-size:15px\"><strong>Coord.<\/strong> <\/p>\n\n\n\n<p class=\"has-black-color has-text-color\" style=\"font-size:15px\"><strong>Direcci\u00f3n: <\/strong><\/p>\n\n\n\n<h4 class=\"wp-block-heading has-text-color\" style=\"color:#980000\"><\/h4>\n","protected":false},"excerpt":{"rendered":"<p>UNIVERSIDAD POLIT\u00c9CNICA TERRITORIAL DEL OESTE DE SUCRE \u00a8CLODOSBALDO RUSSI\u00c1N\u00a8 EXTENSI\u00d3N ANDR\u00c9S MATA.<\/p>\n","protected":false},"author":4,"featured_media":6374,"parent":2812,"menu_order":1,"comment_status":"closed","ping_status":"closed","template":"","meta":{"_monsterinsights_skip_tracking":false,"_monsterinsights_sitenote_active":false,"_monsterinsights_sitenote_note":"","_monsterinsights_sitenote_category":0,"footnotes":""},"class_list":["post-17725","page","type-page","status-publish","has-post-thumbnail","hentry"],"yoast_head":"<!-- This site is optimized with the Yoast SEO plugin v26.9 - https:\/\/yoast.com\/product\/yoast-seo-wordpress\/ -->\n<title>ANDR\u00c9S MATA - UPTOS Clodosbaldo Russi\u00e1n<\/title>\n<meta name=\"robots\" content=\"index, follow, max-snippet:-1, max-image-preview:large, max-video-preview:-1\" \/>\n<link rel=\"canonical\" href=\"https:\/\/www.uptos.edu.ve\/?page_id=17725\" \/>\n<meta property=\"og:locale\" content=\"es_ES\" \/>\n<meta property=\"og:type\" content=\"article\" \/>\n<meta property=\"og:title\" content=\"ANDR\u00c9S MATA - UPTOS Clodosbaldo Russi\u00e1n\" \/>\n<meta property=\"og:description\" content=\"UNIVERSIDAD POLIT\u00c9CNICA TERRITORIAL DEL OESTE DE SUCRE \u00a8CLODOSBALDO RUSSI\u00c1N\u00a8 EXTENSI\u00d3N ANDR\u00c9S MATA.\" \/>\n<meta property=\"og:url\" content=\"https:\/\/www.uptos.edu.ve\/?page_id=17725\" \/>\n<meta property=\"og:site_name\" content=\"UPTOS Clodosbaldo Russi\u00e1n\" \/>\n<meta property=\"article:publisher\" content=\"https:\/\/www.facebook.com\/people\/UPTOS-Clodosbaldo-Russin\/100070891114831\/\" \/>\n<meta property=\"article:modified_time\" content=\"2025-10-09T15:47:17+00:00\" \/>\n<meta property=\"og:image\" content=\"https:\/\/www.uptos.edu.ve\/wp-content\/uploads\/2023\/03\/RIBERO-compressed.jpg\" \/>\n\t<meta property=\"og:image:width\" content=\"1200\" \/>\n\t<meta property=\"og:image:height\" content=\"600\" \/>\n\t<meta property=\"og:image:type\" content=\"image\/jpeg\" \/>\n<meta name=\"twitter:card\" content=\"summary_large_image\" \/>\n<meta name=\"twitter:label1\" content=\"Tiempo estimado de lectura\" \/>\n\t<meta name=\"twitter:data1\" content=\"1 minuto\" \/>\n<script type=\"application\/ld+json\" class=\"yoast-schema-graph\">{\"@context\":\"https:\/\/schema.org\",\"@graph\":[{\"@type\":\"WebPage\",\"@id\":\"https:\/\/www.uptos.edu.ve\/?page_id=17725\",\"url\":\"https:\/\/www.uptos.edu.ve\/?page_id=17725\",\"name\":\"ANDR\u00c9S MATA - UPTOS Clodosbaldo Russi\u00e1n\",\"isPartOf\":{\"@id\":\"\/#website\"},\"primaryImageOfPage\":{\"@id\":\"https:\/\/www.uptos.edu.ve\/?page_id=17725#primaryimage\"},\"image\":{\"@id\":\"https:\/\/www.uptos.edu.ve\/?page_id=17725#primaryimage\"},\"thumbnailUrl\":\"https:\/\/www.uptos.edu.ve\/wp-content\/uploads\/2023\/03\/RIBERO-compressed.jpg\",\"datePublished\":\"2025-10-09T15:38:50+00:00\",\"dateModified\":\"2025-10-09T15:47:17+00:00\",\"breadcrumb\":{\"@id\":\"https:\/\/www.uptos.edu.ve\/?page_id=17725#breadcrumb\"},\"inLanguage\":\"es\",\"potentialAction\":[{\"@type\":\"ReadAction\",\"target\":[\"https:\/\/www.uptos.edu.ve\/?page_id=17725\"]}]},{\"@type\":\"ImageObject\",\"inLanguage\":\"es\",\"@id\":\"https:\/\/www.uptos.edu.ve\/?page_id=17725#primaryimage\",\"url\":\"https:\/\/www.uptos.edu.ve\/wp-content\/uploads\/2023\/03\/RIBERO-compressed.jpg\",\"contentUrl\":\"https:\/\/www.uptos.edu.ve\/wp-content\/uploads\/2023\/03\/RIBERO-compressed.jpg\",\"width\":1200,\"height\":600},{\"@type\":\"BreadcrumbList\",\"@id\":\"https:\/\/www.uptos.edu.ve\/?page_id=17725#breadcrumb\",\"itemListElement\":[{\"@type\":\"ListItem\",\"position\":1,\"name\":\"Home\",\"item\":\"https:\/\/www.uptos.edu.ve\/\"},{\"@type\":\"ListItem\",\"position\":2,\"name\":\"N\u00facleo Principal Cuman\u00e1\",\"item\":\"https:\/\/www.uptos.edu.ve\/?page_id=2812\"},{\"@type\":\"ListItem\",\"position\":3,\"name\":\"ANDR\u00c9S MATA\"}]},{\"@type\":\"WebSite\",\"@id\":\"\/#website\",\"url\":\"\/\",\"name\":\"UPTOS Clodosbaldo Russi\u00e1n\",\"description\":\"Universidad Polit\u00e9cnica del Oeste de Sucre\",\"publisher\":{\"@id\":\"\/#organization\"},\"potentialAction\":[{\"@type\":\"SearchAction\",\"target\":{\"@type\":\"EntryPoint\",\"urlTemplate\":\"\/?s={search_term_string}\"},\"query-input\":{\"@type\":\"PropertyValueSpecification\",\"valueRequired\":true,\"valueName\":\"search_term_string\"}}],\"inLanguage\":\"es\"},{\"@type\":\"Organization\",\"@id\":\"\/#organization\",\"name\":\"UPTOS Clodosbaldo Russi\u00e1n\",\"url\":\"\/\",\"logo\":{\"@type\":\"ImageObject\",\"inLanguage\":\"es\",\"@id\":\"\/#\/schema\/logo\/image\/\",\"url\":\"https:\/\/www.uptos.edu.ve\/wp-content\/uploads\/2026\/02\/cropped-cropped-WhatsApp-Image-2026-02-11-at-10.17.38-PM-1.jpeg\",\"contentUrl\":\"https:\/\/www.uptos.edu.ve\/wp-content\/uploads\/2026\/02\/cropped-cropped-WhatsApp-Image-2026-02-11-at-10.17.38-PM-1.jpeg\",\"width\":1080,\"height\":73,\"caption\":\"UPTOS Clodosbaldo Russi\u00e1n\"},\"image\":{\"@id\":\"\/#\/schema\/logo\/image\/\"},\"sameAs\":[\"https:\/\/www.facebook.com\/people\/UPTOS-Clodosbaldo-Russin\/100070891114831\/\",\"http:\/\/instagram.com\/uptoscr_oficial\"]}]}<\/script>\n<!-- \/ Yoast SEO plugin. -->","yoast_head_json":{"title":"ANDR\u00c9S MATA - UPTOS Clodosbaldo Russi\u00e1n","robots":{"index":"index","follow":"follow","max-snippet":"max-snippet:-1","max-image-preview":"max-image-preview:large","max-video-preview":"max-video-preview:-1"},"canonical":"https:\/\/www.uptos.edu.ve\/?page_id=17725","og_locale":"es_ES","og_type":"article","og_title":"ANDR\u00c9S MATA - UPTOS Clodosbaldo Russi\u00e1n","og_description":"UNIVERSIDAD POLIT\u00c9CNICA TERRITORIAL DEL OESTE DE SUCRE \u00a8CLODOSBALDO RUSSI\u00c1N\u00a8 EXTENSI\u00d3N ANDR\u00c9S MATA.","og_url":"https:\/\/www.uptos.edu.ve\/?page_id=17725","og_site_name":"UPTOS Clodosbaldo Russi\u00e1n","article_publisher":"https:\/\/www.facebook.com\/people\/UPTOS-Clodosbaldo-Russin\/100070891114831\/","article_modified_time":"2025-10-09T15:47:17+00:00","og_image":[{"width":1200,"height":600,"url":"https:\/\/www.uptos.edu.ve\/wp-content\/uploads\/2023\/03\/RIBERO-compressed.jpg","type":"image\/jpeg"}],"twitter_card":"summary_large_image","twitter_misc":{"Tiempo estimado de lectura":"1 minuto"},"schema":{"@context":"https:\/\/schema.org","@graph":[{"@type":"WebPage","@id":"https:\/\/www.uptos.edu.ve\/?page_id=17725","url":"https:\/\/www.uptos.edu.ve\/?page_id=17725","name":"ANDR\u00c9S MATA - UPTOS Clodosbaldo Russi\u00e1n","isPartOf":{"@id":"\/#website"},"primaryImageOfPage":{"@id":"https:\/\/www.uptos.edu.ve\/?page_id=17725#primaryimage"},"image":{"@id":"https:\/\/www.uptos.edu.ve\/?page_id=17725#primaryimage"},"thumbnailUrl":"https:\/\/www.uptos.edu.ve\/wp-content\/uploads\/2023\/03\/RIBERO-compressed.jpg","datePublished":"2025-10-09T15:38:50+00:00","dateModified":"2025-10-09T15:47:17+00:00","breadcrumb":{"@id":"https:\/\/www.uptos.edu.ve\/?page_id=17725#breadcrumb"},"inLanguage":"es","potentialAction":[{"@type":"ReadAction","target":["https:\/\/www.uptos.edu.ve\/?page_id=17725"]}]},{"@type":"ImageObject","inLanguage":"es","@id":"https:\/\/www.uptos.edu.ve\/?page_id=17725#primaryimage","url":"https:\/\/www.uptos.edu.ve\/wp-content\/uploads\/2023\/03\/RIBERO-compressed.jpg","contentUrl":"https:\/\/www.uptos.edu.ve\/wp-content\/uploads\/2023\/03\/RIBERO-compressed.jpg","width":1200,"height":600},{"@type":"BreadcrumbList","@id":"https:\/\/www.uptos.edu.ve\/?page_id=17725#breadcrumb","itemListElement":[{"@type":"ListItem","position":1,"name":"Home","item":"https:\/\/www.uptos.edu.ve\/"},{"@type":"ListItem","position":2,"name":"N\u00facleo Principal Cuman\u00e1","item":"https:\/\/www.uptos.edu.ve\/?page_id=2812"},{"@type":"ListItem","position":3,"name":"ANDR\u00c9S MATA"}]},{"@type":"WebSite","@id":"\/#website","url":"\/","name":"UPTOS Clodosbaldo Russi\u00e1n","description":"Universidad Polit\u00e9cnica del Oeste de Sucre","publisher":{"@id":"\/#organization"},"potentialAction":[{"@type":"SearchAction","target":{"@type":"EntryPoint","urlTemplate":"\/?s={search_term_string}"},"query-input":{"@type":"PropertyValueSpecification","valueRequired":true,"valueName":"search_term_string"}}],"inLanguage":"es"},{"@type":"Organization","@id":"\/#organization","name":"UPTOS Clodosbaldo Russi\u00e1n","url":"\/","logo":{"@type":"ImageObject","inLanguage":"es","@id":"\/#\/schema\/logo\/image\/","url":"https:\/\/www.uptos.edu.ve\/wp-content\/uploads\/2026\/02\/cropped-cropped-WhatsApp-Image-2026-02-11-at-10.17.38-PM-1.jpeg","contentUrl":"https:\/\/www.uptos.edu.ve\/wp-content\/uploads\/2026\/02\/cropped-cropped-WhatsApp-Image-2026-02-11-at-10.17.38-PM-1.jpeg","width":1080,"height":73,"caption":"UPTOS Clodosbaldo Russi\u00e1n"},"image":{"@id":"\/#\/schema\/logo\/image\/"},"sameAs":["https:\/\/www.facebook.com\/people\/UPTOS-Clodosbaldo-Russin\/100070891114831\/","http:\/\/instagram.com\/uptoscr_oficial"]}]}},"_links":{"self":[{"href":"https:\/\/www.uptos.edu.ve\/index.php?rest_route=\/wp\/v2\/pages\/17725","targetHints":{"allow":["GET"]}}],"collection":[{"href":"https:\/\/www.uptos.edu.ve\/index.php?rest_route=\/wp\/v2\/pages"}],"about":[{"href":"https:\/\/www.uptos.edu.ve\/index.php?rest_route=\/wp\/v2\/types\/page"}],"author":[{"embeddable":true,"href":"https:\/\/www.uptos.edu.ve\/index.php?rest_route=\/wp\/v2\/users\/4"}],"replies":[{"embeddable":true,"href":"https:\/\/www.uptos.edu.ve\/index.php?rest_route=%2Fwp%2Fv2%2Fcomments&post=17725"}],"version-history":[{"count":2,"href":"https:\/\/www.uptos.edu.ve\/index.php?rest_route=\/wp\/v2\/pages\/17725\/revisions"}],"predecessor-version":[{"id":17728,"href":"https:\/\/www.uptos.edu.ve\/index.php?rest_route=\/wp\/v2\/pages\/17725\/revisions\/17728"}],"up":[{"embeddable":true,"href":"https:\/\/www.uptos.edu.ve\/index.php?rest_route=\/wp\/v2\/pages\/2812"}],"wp:featuredmedia":[{"embeddable":true,"href":"https:\/\/www.uptos.edu.ve\/index.php?rest_route=\/wp\/v2\/media\/6374"}],"wp:attachment":[{"href":"https:\/\/www.uptos.edu.ve\/index.php?rest_route=%2Fwp%2Fv2%2Fmedia&parent=17725"}],"curies":[{"name":"wp","href":"https:\/\/api.w.org\/{rel}","templated":true}]}}