{"id":15741,"date":"2024-10-22T11:55:39","date_gmt":"2024-10-22T15:55:39","guid":{"rendered":"https:\/\/www.uptos.edu.ve\/?page_id=15741"},"modified":"2025-10-13T11:10:24","modified_gmt":"2025-10-13T15:10:24","slug":"diplomado","status":"publish","type":"page","link":"https:\/\/www.uptos.edu.ve\/?page_id=15741","title":{"rendered":"Diplomado"},"content":{"rendered":"\t\t<div data-elementor-type=\"wp-page\" data-elementor-id=\"15741\" class=\"elementor elementor-15741\">\n\t\t\t\t\t\t<section class=\"elementor-section elementor-top-section elementor-element elementor-element-fe932b6 elementor-section-boxed elementor-section-height-default elementor-section-height-default\" data-id=\"fe932b6\" data-element_type=\"section\" data-e-type=\"section\">\n\t\t\t\t\t\t<div class=\"elementor-container elementor-column-gap-default\">\n\t\t\t\t\t<div class=\"elementor-column elementor-col-100 elementor-top-column elementor-element elementor-element-1ebe9d5\" data-id=\"1ebe9d5\" data-element_type=\"column\" data-e-type=\"column\">\n\t\t\t<div class=\"elementor-widget-wrap elementor-element-populated\">\n\t\t\t\t\t\t<div class=\"elementor-element elementor-element-5af5db7 elementor-widget elementor-widget-image\" data-id=\"5af5db7\" data-element_type=\"widget\" data-e-type=\"widget\" data-widget_type=\"image.default\">\n\t\t\t\t<div class=\"elementor-widget-container\">\n\t\t\t\t\t\t\t\t\t\t\t\t\t\t\t<img fetchpriority=\"high\" decoding=\"async\" width=\"1280\" height=\"400\" src=\"https:\/\/www.uptos.edu.ve\/wp-content\/uploads\/2025\/10\/Sin-titulo-1.png\" class=\"attachment-1536x1536 size-1536x1536 wp-image-17731\" alt=\"\" srcset=\"https:\/\/www.uptos.edu.ve\/wp-content\/uploads\/2025\/10\/Sin-titulo-1.png 1280w, https:\/\/www.uptos.edu.ve\/wp-content\/uploads\/2025\/10\/Sin-titulo-1-600x188.png 600w, https:\/\/www.uptos.edu.ve\/wp-content\/uploads\/2025\/10\/Sin-titulo-1-768x240.png 768w\" sizes=\"(max-width: 1280px) 100vw, 1280px\" \/>\t\t\t\t\t\t\t\t\t\t\t\t\t\t\t<\/div>\n\t\t\t\t<\/div>\n\t\t\t\t\t<\/div>\n\t\t<\/div>\n\t\t\t\t\t<\/div>\n\t\t<\/section>\n\t\t\t\t<section class=\"elementor-section elementor-top-section elementor-element elementor-element-a93ec73 elementor-section-boxed elementor-section-height-default elementor-section-height-default\" data-id=\"a93ec73\" data-element_type=\"section\" data-e-type=\"section\">\n\t\t\t\t\t\t<div class=\"elementor-container elementor-column-gap-default\">\n\t\t\t\t\t<div class=\"elementor-column elementor-col-33 elementor-top-column elementor-element elementor-element-763c3aa\" data-id=\"763c3aa\" data-element_type=\"column\" data-e-type=\"column\">\n\t\t\t<div class=\"elementor-widget-wrap elementor-element-populated\">\n\t\t\t\t\t\t<div class=\"elementor-element elementor-element-f8cb49d elementor-widget elementor-widget-htmega-specialdaybanner-addons\" data-id=\"f8cb49d\" data-element_type=\"widget\" data-e-type=\"widget\" data-widget_type=\"htmega-specialdaybanner-addons.default\">\n\t\t\t\t<div class=\"elementor-widget-container\">\n\t\t\t\t\t            <div class=\"htmegaspcial-banner htmega-banner htmega-banner-content-pos-center\">\n                <div class=\"banner-thumb\">\n                    <a href=\"https:\/\/www.uptos.edu.ve\/wp-content\/uploads\/2024\/10\/IMG-20241022-WA0004.jpg\">\n                                            <\/a>\n                <\/div>\n                                <div class=\"banner-content\">\n                                    <\/div>\n            <\/div>\n\n        \t\t\t\t<\/div>\n\t\t\t\t<\/div>\n\t\t\t\t\t<\/div>\n\t\t<\/div>\n\t\t\t\t<div class=\"elementor-column elementor-col-33 elementor-top-column elementor-element elementor-element-fc4e97a\" data-id=\"fc4e97a\" data-element_type=\"column\" data-e-type=\"column\">\n\t\t\t<div class=\"elementor-widget-wrap elementor-element-populated\">\n\t\t\t\t\t\t<div class=\"elementor-element elementor-element-144a835 elementor-widget elementor-widget-htmega-specialdaybanner-addons\" data-id=\"144a835\" data-element_type=\"widget\" data-e-type=\"widget\" data-widget_type=\"htmega-specialdaybanner-addons.default\">\n\t\t\t\t<div class=\"elementor-widget-container\">\n\t\t\t\t\t            <div class=\"htmegaspcial-banner htmega-banner htmega-banner-content-pos-center\">\n                <div class=\"banner-thumb\">\n                    <a href=\"https:\/\/www.uptos.edu.ve\/wp-content\/uploads\/2024\/10\/IMG-20241022-WA0005.jpg\">\n                                            <\/a>\n                <\/div>\n                                <div class=\"banner-content\">\n                                    <\/div>\n            <\/div>\n\n        \t\t\t\t<\/div>\n\t\t\t\t<\/div>\n\t\t\t\t\t<\/div>\n\t\t<\/div>\n\t\t\t\t<div class=\"elementor-column elementor-col-33 elementor-top-column elementor-element elementor-element-c8b93d7\" data-id=\"c8b93d7\" data-element_type=\"column\" data-e-type=\"column\">\n\t\t\t<div class=\"elementor-widget-wrap elementor-element-populated\">\n\t\t\t\t\t\t<div class=\"elementor-element elementor-element-17dcf23 elementor-widget elementor-widget-htmega-specialdaybanner-addons\" data-id=\"17dcf23\" data-element_type=\"widget\" data-e-type=\"widget\" data-widget_type=\"htmega-specialdaybanner-addons.default\">\n\t\t\t\t<div class=\"elementor-widget-container\">\n\t\t\t\t\t            <div class=\"htmegaspcial-banner htmega-banner htmega-banner-content-pos-center\">\n                <div class=\"banner-thumb\">\n                    <a href=\"https:\/\/www.uptos.edu.ve\/wp-content\/uploads\/2024\/10\/IMG-20241022-WA0006.jpg\">\n                                            <\/a>\n                <\/div>\n                                <div class=\"banner-content\">\n                                    <\/div>\n            <\/div>\n\n        \t\t\t\t<\/div>\n\t\t\t\t<\/div>\n\t\t\t\t\t<\/div>\n\t\t<\/div>\n\t\t\t\t\t<\/div>\n\t\t<\/section>\n\t\t\t\t<section class=\"elementor-section elementor-top-section elementor-element elementor-element-69e3d5d elementor-section-boxed elementor-section-height-default elementor-section-height-default\" data-id=\"69e3d5d\" data-element_type=\"section\" data-e-type=\"section\" data-settings=\"{&quot;background_background&quot;:&quot;classic&quot;,&quot;shape_divider_top&quot;:&quot;triangle-asymmetrical&quot;,&quot;shape_divider_bottom&quot;:&quot;opacity-tilt&quot;}\">\n\t\t\t\t\t\t\t<div class=\"elementor-background-overlay\"><\/div>\n\t\t\t\t\t\t<div class=\"elementor-shape elementor-shape-top\" aria-hidden=\"true\" data-negative=\"false\">\n\t\t\t<svg xmlns=\"http:\/\/www.w3.org\/2000\/svg\" viewBox=\"0 0 1000 100\" preserveAspectRatio=\"none\">\n\t<path class=\"elementor-shape-fill\" d=\"M738,99l262-93V0H0v5.6L738,99z\"\/>\n<\/svg>\t\t<\/div>\n\t\t\t\t<div class=\"elementor-shape elementor-shape-bottom\" aria-hidden=\"true\" data-negative=\"false\">\n\t\t\t<svg xmlns=\"http:\/\/www.w3.org\/2000\/svg\" viewBox=\"0 0 2600 131.1\" preserveAspectRatio=\"none\">\n\t<path class=\"elementor-shape-fill\" d=\"M0 0L2600 0 2600 69.1 0 0z\"\/>\n\t<path class=\"elementor-shape-fill\" style=\"opacity:0.5\" d=\"M0 0L2600 0 2600 69.1 0 69.1z\"\/>\n\t<path class=\"elementor-shape-fill\" style=\"opacity:0.25\" d=\"M2600 0L0 0 0 130.1 2600 69.1z\"\/>\n<\/svg>\t\t<\/div>\n\t\t\t\t\t<div class=\"elementor-container elementor-column-gap-default\">\n\t\t\t\t\t<div class=\"elementor-column elementor-col-50 elementor-top-column elementor-element elementor-element-1f6f443\" data-id=\"1f6f443\" data-element_type=\"column\" data-e-type=\"column\">\n\t\t\t<div class=\"elementor-widget-wrap elementor-element-populated\">\n\t\t\t\t\t\t<div class=\"elementor-element elementor-element-b4d31f8 elementor-widget elementor-widget-heading\" data-id=\"b4d31f8\" data-element_type=\"widget\" data-e-type=\"widget\" data-widget_type=\"heading.default\">\n\t\t\t\t<div class=\"elementor-widget-container\">\n\t\t\t\t\t<h4 class=\"elementor-heading-title elementor-size-default\"><a href=\"https:\/\/ingresos.uptos.edu.ve\/\">formulario de ingreso<\/a><\/h4>\t\t\t\t<\/div>\n\t\t\t\t<\/div>\n\t\t\t\t<div class=\"elementor-element elementor-element-80cac25 elementor-widget elementor-widget-text-editor\" data-id=\"80cac25\" data-element_type=\"widget\" data-e-type=\"widget\" data-widget_type=\"text-editor.default\">\n\t\t\t\t<div class=\"elementor-widget-container\">\n\t\t\t\t\t\t\t\t\t<p class=\"my-2 [&amp;+p]:mt-4 [&amp;_strong:has(+br)]:inline-block [&amp;_strong:has(+br)]:pb-2\"><span style=\"font-size: 12pt; color: #000000;\">Los aspirantes deben completar el proceso de inscripci\u00f3n en l\u00ednea, llenando el formulario correspondientes para formalizar su registro. Para ello, deben contar con los siguientes documentos:<\/span><\/p><ul><li><span style=\"font-size: 12pt; color: #000000;\">Fotocopia ampliada y legible de la C\u00e9dula de Identidad.<\/span><\/li><li><span style=\"font-size: 12pt; color: #000000;\">Copia digital del titulo.<\/span><\/li><li><span style=\"font-size: 12pt; color: #000000;\">Copia digital de comprobante de pago<\/span><\/li><\/ul>\t\t\t\t\t\t\t\t<\/div>\n\t\t\t\t<\/div>\n\t\t\t\t\t<\/div>\n\t\t<\/div>\n\t\t\t\t<div class=\"elementor-column elementor-col-50 elementor-top-column elementor-element elementor-element-a25dd92\" data-id=\"a25dd92\" data-element_type=\"column\" data-e-type=\"column\">\n\t\t\t<div class=\"elementor-widget-wrap elementor-element-populated\">\n\t\t\t\t\t\t<div class=\"elementor-element elementor-element-f166e5a elementor-position-top elementor-widget elementor-widget-image-box\" data-id=\"f166e5a\" data-element_type=\"widget\" data-e-type=\"widget\" data-widget_type=\"image-box.default\">\n\t\t\t\t<div class=\"elementor-widget-container\">\n\t\t\t\t\t<div class=\"elementor-image-box-wrapper\"><figure class=\"elementor-image-box-img\"><a href=\"http:\/\/diplomado.uptos.edu.ve\/\" tabindex=\"-1\"><img decoding=\"async\" width=\"128\" height=\"128\" src=\"https:\/\/www.uptos.edu.ve\/wp-content\/uploads\/2024\/04\/trabajo-en-equipo.png\" class=\"attachment-large size-large wp-image-13311\" alt=\"\" srcset=\"https:\/\/www.uptos.edu.ve\/wp-content\/uploads\/2024\/04\/trabajo-en-equipo.png 128w, https:\/\/www.uptos.edu.ve\/wp-content\/uploads\/2024\/04\/trabajo-en-equipo-100x100.png 100w\" sizes=\"(max-width: 128px) 100vw, 128px\" \/><\/a><\/figure><div class=\"elementor-image-box-content\"><h3 class=\"elementor-image-box-title\"><a href=\"http:\/\/diplomado.uptos.edu.ve\/\">REGISTRATE AQU\u00cd<\/a><\/h3><\/div><\/div>\t\t\t\t<\/div>\n\t\t\t\t<\/div>\n\t\t\t\t\t<\/div>\n\t\t<\/div>\n\t\t\t\t\t<\/div>\n\t\t<\/section>\n\t\t\t\t<section class=\"elementor-section elementor-top-section elementor-element elementor-element-10d5eee elementor-section-boxed elementor-section-height-default elementor-section-height-default\" data-id=\"10d5eee\" data-element_type=\"section\" data-e-type=\"section\">\n\t\t\t\t\t\t<div class=\"elementor-container elementor-column-gap-default\">\n\t\t\t\t\t<div class=\"elementor-column elementor-col-100 elementor-top-column elementor-element elementor-element-59bfca6\" data-id=\"59bfca6\" data-element_type=\"column\" data-e-type=\"column\">\n\t\t\t<div class=\"elementor-widget-wrap elementor-element-populated\">\n\t\t\t\t\t\t<div class=\"elementor-element elementor-element-a69bdfd htmega-title-align-center elementor-widget elementor-widget-section-title-addons\" data-id=\"a69bdfd\" data-element_type=\"widget\" data-e-type=\"widget\" data-widget_type=\"section-title-addons.default\">\n\t\t\t\t<div class=\"elementor-widget-container\">\n\t\t\t\t\t            <div class=\"htmega-a69bdfd htmega-section-title htmega-subtitle-position- title-style-one  image-\">\n                <h2 class=\"section-title-txt\">planilla de registro manual<\/h2>            <\/div>\n\n            \n        \t\t\t\t<\/div>\n\t\t\t\t<\/div>\n\t\t\t\t<div class=\"elementor-element elementor-element-c585367 elementor-widget-divider--view-line elementor-widget elementor-widget-divider\" data-id=\"c585367\" data-element_type=\"widget\" data-e-type=\"widget\" data-widget_type=\"divider.default\">\n\t\t\t\t<div class=\"elementor-widget-container\">\n\t\t\t\t\t\t\t<div class=\"elementor-divider\">\n\t\t\t<span class=\"elementor-divider-separator\">\n\t\t\t\t\t\t<\/span>\n\t\t<\/div>\n\t\t\t\t\t\t<\/div>\n\t\t\t\t<\/div>\n\t\t\t\t\t<\/div>\n\t\t<\/div>\n\t\t\t\t\t<\/div>\n\t\t<\/section>\n\t\t\t\t<section class=\"elementor-section elementor-top-section elementor-element elementor-element-95e8675 elementor-section-boxed elementor-section-height-default elementor-section-height-default\" data-id=\"95e8675\" data-element_type=\"section\" data-e-type=\"section\">\n\t\t\t\t\t\t<div class=\"elementor-container elementor-column-gap-default\">\n\t\t\t\t\t<div class=\"elementor-column elementor-col-100 elementor-top-column elementor-element elementor-element-e36cc78\" data-id=\"e36cc78\" data-element_type=\"column\" data-e-type=\"column\">\n\t\t\t<div class=\"elementor-widget-wrap elementor-element-populated\">\n\t\t\t\t\t\t<div class=\"elementor-element elementor-element-fbe8ace elementor-widget elementor-widget-htmega-service-addons\" data-id=\"fbe8ace\" data-element_type=\"widget\" data-e-type=\"widget\" data-widget_type=\"htmega-service-addons.default\">\n\t\t\t\t<div class=\"elementor-widget-container\">\n\t\t\t\t\t            <div class=\"htmega-service htmega-service-style-3\" >\n                <a href=\"https:\/\/www.uptos.edu.ve\/wp-content\/uploads\/2024\/10\/planilla-de-DIPLOMADO.docx\"><div class=\"icon\"><i class=\"fas fa-file-pdf\"><\/i><\/div><\/a>                <div class=\"content\">\n                    <h4 class=\"service-title\"><a href=\" https:\/\/www.uptos.edu.ve\/wp-content\/uploads\/2024\/10\/planilla-de-DIPLOMADO.docx \">planilla<\/a><\/h4><p>\n<\/p><a href=\"https:\/\/www.uptos.edu.ve\/wp-content\/uploads\/2024\/10\/planilla-de-DIPLOMADO.docx\" class=\"readmore_btn\"><span class=\"button-text\">Descargar<\/span><\/a>                <\/div>\n            <\/div>\n\n        \t\t\t\t<\/div>\n\t\t\t\t<\/div>\n\t\t\t\t\t<\/div>\n\t\t<\/div>\n\t\t\t\t\t<\/div>\n\t\t<\/section>\n\t\t\t\t<\/div>\n\t\t","protected":false},"excerpt":{"rendered":"<p>Son cursos cortos y especializados que ofrecen formaci\u00f3n pr\u00e1ctica en \u00e1reas concretas, ideales para actualizar conocimientos o adquirir nuevas competencias en un periodo de 2 a 6 meses<\/p>\n","protected":false},"author":1,"featured_media":0,"parent":0,"menu_order":0,"comment_status":"closed","ping_status":"closed","template":"elementor_header_footer","meta":{"_monsterinsights_skip_tracking":false,"_monsterinsights_sitenote_active":false,"_monsterinsights_sitenote_note":"","_monsterinsights_sitenote_category":0,"footnotes":""},"class_list":["post-15741","page","type-page","status-publish","hentry"],"yoast_head":"<!-- This site is optimized with the Yoast SEO plugin v26.9 - https:\/\/yoast.com\/product\/yoast-seo-wordpress\/ -->\n<title>Diplomado - UPTOS Clodosbaldo Russi\u00e1n<\/title>\n<meta name=\"robots\" content=\"index, follow, max-snippet:-1, max-image-preview:large, max-video-preview:-1\" \/>\n<link rel=\"canonical\" href=\"https:\/\/www.uptos.edu.ve\/?page_id=15741\" \/>\n<meta property=\"og:locale\" content=\"es_ES\" \/>\n<meta property=\"og:type\" content=\"article\" \/>\n<meta property=\"og:title\" content=\"Diplomado - UPTOS Clodosbaldo Russi\u00e1n\" \/>\n<meta property=\"og:description\" content=\"Son cursos cortos y especializados que ofrecen formaci\u00f3n pr\u00e1ctica en \u00e1reas concretas, ideales para actualizar conocimientos o adquirir nuevas competencias en un periodo de 2 a 6 meses\" \/>\n<meta property=\"og:url\" content=\"https:\/\/www.uptos.edu.ve\/?page_id=15741\" \/>\n<meta property=\"og:site_name\" content=\"UPTOS Clodosbaldo Russi\u00e1n\" \/>\n<meta property=\"article:publisher\" content=\"https:\/\/www.facebook.com\/people\/UPTOS-Clodosbaldo-Russin\/100070891114831\/\" \/>\n<meta property=\"article:modified_time\" content=\"2025-10-13T15:10:24+00:00\" \/>\n<meta property=\"og:image\" content=\"https:\/\/www.uptos.edu.ve\/wp-content\/uploads\/2025\/10\/Sin-titulo-1.png\" \/>\n\t<meta property=\"og:image:width\" content=\"1280\" \/>\n\t<meta property=\"og:image:height\" content=\"400\" \/>\n\t<meta property=\"og:image:type\" content=\"image\/png\" \/>\n<meta name=\"twitter:card\" content=\"summary_large_image\" \/>\n<meta name=\"twitter:label1\" content=\"Tiempo estimado de lectura\" \/>\n\t<meta name=\"twitter:data1\" content=\"1 minuto\" \/>\n<script type=\"application\/ld+json\" class=\"yoast-schema-graph\">{\"@context\":\"https:\/\/schema.org\",\"@graph\":[{\"@type\":\"WebPage\",\"@id\":\"https:\/\/www.uptos.edu.ve\/?page_id=15741\",\"url\":\"https:\/\/www.uptos.edu.ve\/?page_id=15741\",\"name\":\"Diplomado - UPTOS Clodosbaldo Russi\u00e1n\",\"isPartOf\":{\"@id\":\"\/#website\"},\"primaryImageOfPage\":{\"@id\":\"https:\/\/www.uptos.edu.ve\/?page_id=15741#primaryimage\"},\"image\":{\"@id\":\"https:\/\/www.uptos.edu.ve\/?page_id=15741#primaryimage\"},\"thumbnailUrl\":\"https:\/\/www.uptos.edu.ve\/wp-content\/uploads\/2025\/10\/Sin-titulo-1.png\",\"datePublished\":\"2024-10-22T15:55:39+00:00\",\"dateModified\":\"2025-10-13T15:10:24+00:00\",\"breadcrumb\":{\"@id\":\"https:\/\/www.uptos.edu.ve\/?page_id=15741#breadcrumb\"},\"inLanguage\":\"es\",\"potentialAction\":[{\"@type\":\"ReadAction\",\"target\":[\"https:\/\/www.uptos.edu.ve\/?page_id=15741\"]}]},{\"@type\":\"ImageObject\",\"inLanguage\":\"es\",\"@id\":\"https:\/\/www.uptos.edu.ve\/?page_id=15741#primaryimage\",\"url\":\"https:\/\/www.uptos.edu.ve\/wp-content\/uploads\/2025\/10\/Sin-titulo-1.png\",\"contentUrl\":\"https:\/\/www.uptos.edu.ve\/wp-content\/uploads\/2025\/10\/Sin-titulo-1.png\",\"width\":1280,\"height\":400},{\"@type\":\"BreadcrumbList\",\"@id\":\"https:\/\/www.uptos.edu.ve\/?page_id=15741#breadcrumb\",\"itemListElement\":[{\"@type\":\"ListItem\",\"position\":1,\"name\":\"Home\",\"item\":\"https:\/\/www.uptos.edu.ve\/\"},{\"@type\":\"ListItem\",\"position\":2,\"name\":\"Diplomado\"}]},{\"@type\":\"WebSite\",\"@id\":\"\/#website\",\"url\":\"\/\",\"name\":\"UPTOS Clodosbaldo Russi\u00e1n\",\"description\":\"Universidad Polit\u00e9cnica del Oeste de Sucre\",\"publisher\":{\"@id\":\"\/#organization\"},\"potentialAction\":[{\"@type\":\"SearchAction\",\"target\":{\"@type\":\"EntryPoint\",\"urlTemplate\":\"\/?s={search_term_string}\"},\"query-input\":{\"@type\":\"PropertyValueSpecification\",\"valueRequired\":true,\"valueName\":\"search_term_string\"}}],\"inLanguage\":\"es\"},{\"@type\":\"Organization\",\"@id\":\"\/#organization\",\"name\":\"UPTOS Clodosbaldo Russi\u00e1n\",\"url\":\"\/\",\"logo\":{\"@type\":\"ImageObject\",\"inLanguage\":\"es\",\"@id\":\"\/#\/schema\/logo\/image\/\",\"url\":\"https:\/\/www.uptos.edu.ve\/wp-content\/uploads\/2026\/02\/cropped-cropped-WhatsApp-Image-2026-02-11-at-10.17.38-PM-1.jpeg\",\"contentUrl\":\"https:\/\/www.uptos.edu.ve\/wp-content\/uploads\/2026\/02\/cropped-cropped-WhatsApp-Image-2026-02-11-at-10.17.38-PM-1.jpeg\",\"width\":1080,\"height\":73,\"caption\":\"UPTOS Clodosbaldo Russi\u00e1n\"},\"image\":{\"@id\":\"\/#\/schema\/logo\/image\/\"},\"sameAs\":[\"https:\/\/www.facebook.com\/people\/UPTOS-Clodosbaldo-Russin\/100070891114831\/\",\"http:\/\/instagram.com\/uptoscr_oficial\"]}]}<\/script>\n<!-- \/ Yoast SEO plugin. -->","yoast_head_json":{"title":"Diplomado - UPTOS Clodosbaldo Russi\u00e1n","robots":{"index":"index","follow":"follow","max-snippet":"max-snippet:-1","max-image-preview":"max-image-preview:large","max-video-preview":"max-video-preview:-1"},"canonical":"https:\/\/www.uptos.edu.ve\/?page_id=15741","og_locale":"es_ES","og_type":"article","og_title":"Diplomado - UPTOS Clodosbaldo Russi\u00e1n","og_description":"Son cursos cortos y especializados que ofrecen formaci\u00f3n pr\u00e1ctica en \u00e1reas concretas, ideales para actualizar conocimientos o adquirir nuevas competencias en un periodo de 2 a 6 meses","og_url":"https:\/\/www.uptos.edu.ve\/?page_id=15741","og_site_name":"UPTOS Clodosbaldo Russi\u00e1n","article_publisher":"https:\/\/www.facebook.com\/people\/UPTOS-Clodosbaldo-Russin\/100070891114831\/","article_modified_time":"2025-10-13T15:10:24+00:00","og_image":[{"width":1280,"height":400,"url":"https:\/\/www.uptos.edu.ve\/wp-content\/uploads\/2025\/10\/Sin-titulo-1.png","type":"image\/png"}],"twitter_card":"summary_large_image","twitter_misc":{"Tiempo estimado de lectura":"1 minuto"},"schema":{"@context":"https:\/\/schema.org","@graph":[{"@type":"WebPage","@id":"https:\/\/www.uptos.edu.ve\/?page_id=15741","url":"https:\/\/www.uptos.edu.ve\/?page_id=15741","name":"Diplomado - UPTOS Clodosbaldo Russi\u00e1n","isPartOf":{"@id":"\/#website"},"primaryImageOfPage":{"@id":"https:\/\/www.uptos.edu.ve\/?page_id=15741#primaryimage"},"image":{"@id":"https:\/\/www.uptos.edu.ve\/?page_id=15741#primaryimage"},"thumbnailUrl":"https:\/\/www.uptos.edu.ve\/wp-content\/uploads\/2025\/10\/Sin-titulo-1.png","datePublished":"2024-10-22T15:55:39+00:00","dateModified":"2025-10-13T15:10:24+00:00","breadcrumb":{"@id":"https:\/\/www.uptos.edu.ve\/?page_id=15741#breadcrumb"},"inLanguage":"es","potentialAction":[{"@type":"ReadAction","target":["https:\/\/www.uptos.edu.ve\/?page_id=15741"]}]},{"@type":"ImageObject","inLanguage":"es","@id":"https:\/\/www.uptos.edu.ve\/?page_id=15741#primaryimage","url":"https:\/\/www.uptos.edu.ve\/wp-content\/uploads\/2025\/10\/Sin-titulo-1.png","contentUrl":"https:\/\/www.uptos.edu.ve\/wp-content\/uploads\/2025\/10\/Sin-titulo-1.png","width":1280,"height":400},{"@type":"BreadcrumbList","@id":"https:\/\/www.uptos.edu.ve\/?page_id=15741#breadcrumb","itemListElement":[{"@type":"ListItem","position":1,"name":"Home","item":"https:\/\/www.uptos.edu.ve\/"},{"@type":"ListItem","position":2,"name":"Diplomado"}]},{"@type":"WebSite","@id":"\/#website","url":"\/","name":"UPTOS Clodosbaldo Russi\u00e1n","description":"Universidad Polit\u00e9cnica del Oeste de Sucre","publisher":{"@id":"\/#organization"},"potentialAction":[{"@type":"SearchAction","target":{"@type":"EntryPoint","urlTemplate":"\/?s={search_term_string}"},"query-input":{"@type":"PropertyValueSpecification","valueRequired":true,"valueName":"search_term_string"}}],"inLanguage":"es"},{"@type":"Organization","@id":"\/#organization","name":"UPTOS Clodosbaldo Russi\u00e1n","url":"\/","logo":{"@type":"ImageObject","inLanguage":"es","@id":"\/#\/schema\/logo\/image\/","url":"https:\/\/www.uptos.edu.ve\/wp-content\/uploads\/2026\/02\/cropped-cropped-WhatsApp-Image-2026-02-11-at-10.17.38-PM-1.jpeg","contentUrl":"https:\/\/www.uptos.edu.ve\/wp-content\/uploads\/2026\/02\/cropped-cropped-WhatsApp-Image-2026-02-11-at-10.17.38-PM-1.jpeg","width":1080,"height":73,"caption":"UPTOS Clodosbaldo Russi\u00e1n"},"image":{"@id":"\/#\/schema\/logo\/image\/"},"sameAs":["https:\/\/www.facebook.com\/people\/UPTOS-Clodosbaldo-Russin\/100070891114831\/","http:\/\/instagram.com\/uptoscr_oficial"]}]}},"_links":{"self":[{"href":"https:\/\/www.uptos.edu.ve\/index.php?rest_route=\/wp\/v2\/pages\/15741","targetHints":{"allow":["GET"]}}],"collection":[{"href":"https:\/\/www.uptos.edu.ve\/index.php?rest_route=\/wp\/v2\/pages"}],"about":[{"href":"https:\/\/www.uptos.edu.ve\/index.php?rest_route=\/wp\/v2\/types\/page"}],"author":[{"embeddable":true,"href":"https:\/\/www.uptos.edu.ve\/index.php?rest_route=\/wp\/v2\/users\/1"}],"replies":[{"embeddable":true,"href":"https:\/\/www.uptos.edu.ve\/index.php?rest_route=%2Fwp%2Fv2%2Fcomments&post=15741"}],"version-history":[{"count":47,"href":"https:\/\/www.uptos.edu.ve\/index.php?rest_route=\/wp\/v2\/pages\/15741\/revisions"}],"predecessor-version":[{"id":17751,"href":"https:\/\/www.uptos.edu.ve\/index.php?rest_route=\/wp\/v2\/pages\/15741\/revisions\/17751"}],"wp:attachment":[{"href":"https:\/\/www.uptos.edu.ve\/index.php?rest_route=%2Fwp%2Fv2%2Fmedia&parent=15741"}],"curies":[{"name":"wp","href":"https:\/\/api.w.org\/{rel}","templated":true}]}}