{"id":14014,"date":"2024-05-06T09:45:58","date_gmt":"2024-05-06T13:45:58","guid":{"rendered":"https:\/\/www.uptos.edu.ve\/?page_id=14014"},"modified":"2024-08-07T10:41:40","modified_gmt":"2024-08-07T14:41:40","slug":"coordinacion-de-gestion-academica-mision-sucre","status":"publish","type":"page","link":"https:\/\/www.uptos.edu.ve\/?page_id=14014","title":{"rendered":"Coordinaci\u00f3n de Gesti\u00f3n Curricular de los PNF y PNFA"},"content":{"rendered":"\t\t<div data-elementor-type=\"wp-page\" data-elementor-id=\"14014\" class=\"elementor elementor-14014\">\n\t\t\t\t\t\t<section class=\"elementor-section elementor-top-section elementor-element elementor-element-542743b elementor-section-height-min-height htmega_mobile_fit elementor-section-boxed elementor-section-height-default elementor-section-items-middle\" data-id=\"542743b\" data-element_type=\"section\" data-e-type=\"section\" data-settings=\"{&quot;background_background&quot;:&quot;classic&quot;}\">\n\t\t\t\t\t\t<div class=\"elementor-container elementor-column-gap-default\">\n\t\t\t\t\t<div class=\"elementor-column elementor-col-100 elementor-top-column elementor-element elementor-element-4951a7cd\" data-id=\"4951a7cd\" data-element_type=\"column\" data-e-type=\"column\">\n\t\t\t<div class=\"elementor-widget-wrap elementor-element-populated\">\n\t\t\t\t\t\t<div class=\"elementor-element elementor-element-5b0812d6 elementor-invisible elementor-widget elementor-widget-heading\" data-id=\"5b0812d6\" data-element_type=\"widget\" data-e-type=\"widget\" data-settings=\"{&quot;_animation&quot;:&quot;fadeInUp&quot;}\" data-widget_type=\"heading.default\">\n\t\t\t\t<div class=\"elementor-widget-container\">\n\t\t\t\t\t<h2 class=\"elementor-heading-title elementor-size-default\">coordinaci\u00f3n de gesti\u00f3n curricular de los pnf y pnfa<\/h2>\t\t\t\t<\/div>\n\t\t\t\t<\/div>\n\t\t\t\t<div class=\"elementor-element elementor-element-29ecc184 elementor-invisible elementor-widget elementor-widget-heading\" data-id=\"29ecc184\" data-element_type=\"widget\" data-e-type=\"widget\" data-settings=\"{&quot;_animation&quot;:&quot;fadeInUp&quot;,&quot;_animation_delay&quot;:200}\" data-widget_type=\"heading.default\">\n\t\t\t\t<div class=\"elementor-widget-container\">\n\t\t\t\t\t<p class=\"elementor-heading-title elementor-size-default\">En la Transformaci\u00f3n Universitaria<\/p>\t\t\t\t<\/div>\n\t\t\t\t<\/div>\n\t\t\t\t\t<\/div>\n\t\t<\/div>\n\t\t\t\t\t<\/div>\n\t\t<\/section>\n\t\t\t\t<section class=\"elementor-section elementor-top-section elementor-element elementor-element-1ab21f72 elementor-section-boxed elementor-section-height-default elementor-section-height-default\" data-id=\"1ab21f72\" data-element_type=\"section\" data-e-type=\"section\">\n\t\t\t\t\t\t<div class=\"elementor-container elementor-column-gap-default\">\n\t\t\t\t\t<div class=\"elementor-column elementor-col-100 elementor-top-column elementor-element elementor-element-66e01044\" data-id=\"66e01044\" data-element_type=\"column\" data-e-type=\"column\">\n\t\t\t<div class=\"elementor-widget-wrap elementor-element-populated\">\n\t\t\t\t\t\t<div class=\"elementor-element elementor-element-3f986f0 htmega-title-align-center elementor-widget elementor-widget-section-title-addons\" data-id=\"3f986f0\" data-element_type=\"widget\" data-e-type=\"widget\" data-widget_type=\"section-title-addons.default\">\n\t\t\t\t<div class=\"elementor-widget-container\">\n\t\t\t\t\t            <div class=\"htmega-3f986f0 htmega-section-title htmega-subtitle-position- title-style-one  image-\">\n                <h2 class=\"section-title-txt\">planes de estudio de PNF<\/h2>            <\/div>\n\n            \n        \t\t\t\t<\/div>\n\t\t\t\t<\/div>\n\t\t\t\t<section class=\"elementor-section elementor-inner-section elementor-element elementor-element-77c570a4 elementor-section-full_width elementor-section-height-default elementor-section-height-default\" data-id=\"77c570a4\" data-element_type=\"section\" data-e-type=\"section\">\n\t\t\t\t\t\t<div class=\"elementor-container elementor-column-gap-default\">\n\t\t\t\t\t<div class=\"elementor-column elementor-col-33 elementor-inner-column elementor-element elementor-element-15acfe80\" data-id=\"15acfe80\" data-element_type=\"column\" data-e-type=\"column\">\n\t\t\t<div class=\"elementor-widget-wrap elementor-element-populated\">\n\t\t\t\t\t\t<div class=\"elementor-element elementor-element-28cc1af6 elementor-widget elementor-widget-htmega-service-addons\" data-id=\"28cc1af6\" data-element_type=\"widget\" data-e-type=\"widget\" data-widget_type=\"htmega-service-addons.default\">\n\t\t\t\t<div class=\"elementor-widget-container\">\n\t\t\t\t\t            <div class=\"htmega-service htmega-service-style-7\" >\n                <a href=\"https:\/\/www.uptos.edu.ve\/wp-content\/uploads\/2024\/05\/PNF-ELECTRONICA.pdf\"><div class=\"icon\"><i class=\"far fa-edit\"><\/i><\/div><\/a>                <div class=\"content\">\n                    <h4 class=\"service-title\"><a href=\" https:\/\/www.uptos.edu.ve\/wp-content\/uploads\/2024\/05\/PNF-ELECTRONICA.pdf \">pnf electr\u00f3nica<\/a><\/h4><p>Soporte b\u00e1sico para impulsar el desarrollo tecnol\u00f3gico en distintas \u00e1reas.<\/p>                <\/div>\n            <\/div>\n\n        \t\t\t\t<\/div>\n\t\t\t\t<\/div>\n\t\t\t\t<div class=\"elementor-element elementor-element-68eecad9 elementor-widget elementor-widget-htmega-service-addons\" data-id=\"68eecad9\" data-element_type=\"widget\" data-e-type=\"widget\" data-widget_type=\"htmega-service-addons.default\">\n\t\t\t\t<div class=\"elementor-widget-container\">\n\t\t\t\t\t            <div class=\"htmega-service htmega-service-style-7\" >\n                <a href=\"https:\/\/www.uptos.edu.ve\/wp-content\/uploads\/2024\/05\/PNF-FARMACIA.pdf\"><div class=\"icon\"><i class=\"fas fa-podcast\"><\/i><\/div><\/a>                <div class=\"content\">\n                    <h4 class=\"service-title\"><a href=\" https:\/\/www.uptos.edu.ve\/wp-content\/uploads\/2024\/05\/PNF-FARMACIA.pdf \">pnf farmacia<\/a><\/h4><p>formar profesionales con sentido \u00e9tico y sensibilidad social, con s\u00f3lidos fundamentos te\u00f3ricos, metodol\u00f3gicos y capacidades.<\/p>                <\/div>\n            <\/div>\n\n        \t\t\t\t<\/div>\n\t\t\t\t<\/div>\n\t\t\t\t<div class=\"elementor-element elementor-element-56551e8 elementor-widget elementor-widget-htmega-service-addons\" data-id=\"56551e8\" data-element_type=\"widget\" data-e-type=\"widget\" data-widget_type=\"htmega-service-addons.default\">\n\t\t\t\t<div class=\"elementor-widget-container\">\n\t\t\t\t\t            <div class=\"htmega-service htmega-service-style-7\" >\n                <a href=\"https:\/\/www.uptos.edu.ve\/wp-content\/uploads\/2024\/08\/PNF-AGROALIMENYACION-.pdf\"><div class=\"icon\"><i class=\"fas fa-podcast\"><\/i><\/div><\/a>                <div class=\"content\">\n                    <h4 class=\"service-title\"><a href=\" https:\/\/www.uptos.edu.ve\/wp-content\/uploads\/2024\/08\/PNF-AGROALIMENYACION-.pdf \">pnf Agroalimentaci\u00f3n<\/a><\/h4><p>Formar profesionales integrales con un enfoque agroecol\u00f3gico sobre la producci\u00f3n, transformaci\u00f3n, distribuci\u00f3n y consumo agroalimentario.<\/p>                <\/div>\n            <\/div>\n\n        \t\t\t\t<\/div>\n\t\t\t\t<\/div>\n\t\t\t\t<div class=\"elementor-element elementor-element-176a9d9 elementor-widget elementor-widget-htmega-service-addons\" data-id=\"176a9d9\" data-element_type=\"widget\" data-e-type=\"widget\" data-widget_type=\"htmega-service-addons.default\">\n\t\t\t\t<div class=\"elementor-widget-container\">\n\t\t\t\t\t            <div class=\"htmega-service htmega-service-style-7\" >\n                <a href=\"https:\/\/www.uptos.edu.ve\/wp-content\/uploads\/2024\/08\/PNF-PROCESAMIENTO.pdf\"><div class=\"icon\"><i class=\"fas fa-podcast\"><\/i><\/div><\/a>                <div class=\"content\">\n                    <h4 class=\"service-title\"><a href=\" https:\/\/www.uptos.edu.ve\/wp-content\/uploads\/2024\/08\/PNF-PROCESAMIENTO.pdf \">pnf procesamiento y dist. de alimen tos<\/a><\/h4><p>Formar ciudadanos(a) integrales, mediante un enfoque interdisciplinario y transdisciplinario que faciliten la articulaci\u00f3n de conocimientos cient\u00edficos-t\u00e9cnicos sobre el procesamiento de alimentos, con los conocimientos sociales, pol\u00edticos, human\u00edsticos.<\/p>                <\/div>\n            <\/div>\n\n        \t\t\t\t<\/div>\n\t\t\t\t<\/div>\n\t\t\t\t\t<\/div>\n\t\t<\/div>\n\t\t\t\t<div class=\"elementor-column elementor-col-33 elementor-inner-column elementor-element elementor-element-39c8208c\" data-id=\"39c8208c\" data-element_type=\"column\" data-e-type=\"column\">\n\t\t\t<div class=\"elementor-widget-wrap elementor-element-populated\">\n\t\t\t\t\t\t<div class=\"elementor-element elementor-element-41bfe864 elementor-widget elementor-widget-htmega-service-addons\" data-id=\"41bfe864\" data-element_type=\"widget\" data-e-type=\"widget\" data-widget_type=\"htmega-service-addons.default\">\n\t\t\t\t<div class=\"elementor-widget-container\">\n\t\t\t\t\t            <div class=\"htmega-service htmega-service-style-7\" >\n                <a href=\"https:\/\/www.uptos.edu.ve\/wp-content\/uploads\/2024\/05\/PNF-INDUSTRIAL-1.pdf\"><div class=\"icon\"><i class=\"fas fa-pencil-ruler\"><\/i><\/div><\/a>                <div class=\"content\">\n                    <h4 class=\"service-title\"><a href=\" https:\/\/www.uptos.edu.ve\/wp-content\/uploads\/2024\/05\/PNF-INDUSTRIAL-1.pdf \">pnf industrial<\/a><\/h4><p>formar profesionales con sentido  \u00e9tico, social y ambientalista para el bien de la sociedad<\/p>                <\/div>\n            <\/div>\n\n        \t\t\t\t<\/div>\n\t\t\t\t<\/div>\n\t\t\t\t<div class=\"elementor-element elementor-element-142480ff elementor-widget elementor-widget-htmega-service-addons\" data-id=\"142480ff\" data-element_type=\"widget\" data-e-type=\"widget\" data-widget_type=\"htmega-service-addons.default\">\n\t\t\t\t<div class=\"elementor-widget-container\">\n\t\t\t\t\t            <div class=\"htmega-service htmega-service-style-7\" >\n                <a href=\"https:\/\/www.uptos.edu.ve\/wp-content\/uploads\/2024\/05\/PNF-INFORMATICA.pdf\"><div class=\"icon\"><i class=\"fas fa-project-diagram\"><\/i><\/div><\/a>                <div class=\"content\">\n                    <h4 class=\"service-title\"><a href=\" https:\/\/www.uptos.edu.ve\/wp-content\/uploads\/2024\/05\/PNF-INFORMATICA.pdf \">pnf inform\u00e1tica<\/a><\/h4><p>Formar profesionales integrales, que se desempe\u00f1en con  sentido \u00e9tico en la construcci\u00f3n de proyectos tecnol\u00f3gicos.<\/p>                <\/div>\n            <\/div>\n\n        \t\t\t\t<\/div>\n\t\t\t\t<\/div>\n\t\t\t\t<div class=\"elementor-element elementor-element-1071891 elementor-widget elementor-widget-htmega-service-addons\" data-id=\"1071891\" data-element_type=\"widget\" data-e-type=\"widget\" data-widget_type=\"htmega-service-addons.default\">\n\t\t\t\t<div class=\"elementor-widget-container\">\n\t\t\t\t\t            <div class=\"htmega-service htmega-service-style-7\" >\n                <a href=\"https:\/\/www.uptos.edu.ve\/wp-content\/uploads\/2024\/08\/Procesos-Quimicos_compressed.pdf\"><div class=\"icon\"><i class=\"fas fa-project-diagram\"><\/i><\/div><\/a>                <div class=\"content\">\n                    <h4 class=\"service-title\"><a href=\" https:\/\/www.uptos.edu.ve\/wp-content\/uploads\/2024\/08\/Procesos-Quimicos_compressed.pdf \">pnf procesos qu\u00edmicos<\/a><\/h4><p>Promover el an\u00e1lisis psicoqu\u00edmico y la producci\u00f3n de sustancias o formulaciones qu\u00edmicas en diferentes escalas para lograr la transformaci\u00f3n del aparato socio-productivo de la naci\u00f3n.<\/p>                <\/div>\n            <\/div>\n\n        \t\t\t\t<\/div>\n\t\t\t\t<\/div>\n\t\t\t\t\t<\/div>\n\t\t<\/div>\n\t\t\t\t<div class=\"elementor-column elementor-col-33 elementor-inner-column elementor-element elementor-element-39069e3b\" data-id=\"39069e3b\" data-element_type=\"column\" data-e-type=\"column\">\n\t\t\t<div class=\"elementor-widget-wrap elementor-element-populated\">\n\t\t\t\t\t\t<div class=\"elementor-element elementor-element-3108c7a7 elementor-widget elementor-widget-htmega-service-addons\" data-id=\"3108c7a7\" data-element_type=\"widget\" data-e-type=\"widget\" data-widget_type=\"htmega-service-addons.default\">\n\t\t\t\t<div class=\"elementor-widget-container\">\n\t\t\t\t\t            <div class=\"htmega-service htmega-service-style-7\" >\n                <div class=\"icon\"><i class=\"fas fa-people-carry\"><\/i><\/div>                <div class=\"content\">\n                    <h4 class=\"service-title\">pnf electricidad<\/h4><p>Formar profesionales en el \u00e1rea de la electricidad con pensamiento cr\u00edtico, cient\u00edfico y humanista.<\/p>                <\/div>\n            <\/div>\n\n        \t\t\t\t<\/div>\n\t\t\t\t<\/div>\n\t\t\t\t<div class=\"elementor-element elementor-element-35823c0d elementor-widget elementor-widget-htmega-service-addons\" data-id=\"35823c0d\" data-element_type=\"widget\" data-e-type=\"widget\" data-widget_type=\"htmega-service-addons.default\">\n\t\t\t\t<div class=\"elementor-widget-container\">\n\t\t\t\t\t            <div class=\"htmega-service htmega-service-style-7\" >\n                <a href=\"https:\/\/www.uptos.edu.ve\/wp-content\/uploads\/2024\/05\/PNF-HIGIENE.pdf\"><div class=\"icon\"><i class=\"fas fa-layer-group\"><\/i><\/div><\/a>                <div class=\"content\">\n                    <h4 class=\"service-title\"><a href=\" https:\/\/www.uptos.edu.ve\/wp-content\/uploads\/2024\/05\/PNF-HIGIENE.pdf \">PNF EN HIGIENE Y SEGURIDAD LABORAL<\/a><\/h4><p>Formar profesionales competentes en las \u00e1reas de dise\u00f1o de ambientes, equipos y de puestos de trabajo, para el bienestar social.<\/p>                <\/div>\n            <\/div>\n\n        \t\t\t\t<\/div>\n\t\t\t\t<\/div>\n\t\t\t\t<div class=\"elementor-element elementor-element-16423f4 elementor-widget elementor-widget-htmega-service-addons\" data-id=\"16423f4\" data-element_type=\"widget\" data-e-type=\"widget\" data-widget_type=\"htmega-service-addons.default\">\n\t\t\t\t<div class=\"elementor-widget-container\">\n\t\t\t\t\t            <div class=\"htmega-service htmega-service-style-7\" >\n                <a href=\"https:\/\/www.uptos.edu.ve\/wp-content\/uploads\/2024\/08\/PNF-Nutricion-_compressed-1.pdf\"><div class=\"icon\"><i class=\"fas fa-layer-group\"><\/i><\/div><\/a>                <div class=\"content\">\n                    <h4 class=\"service-title\"><a href=\" https:\/\/www.uptos.edu.ve\/wp-content\/uploads\/2024\/08\/PNF-Nutricion-_compressed-1.pdf \">PNF en nutrici\u00f3n y dietetica<\/a><\/h4><p>Garantizar una formaci\u00f3n en principios cient\u00edficos, tecnol\u00f3gicos de promoci\u00f3n y prevenci\u00f3n en salud, debido a las deficiencias de personal en esta especialidad a nivel nor oriental y nacional. <\/p>                <\/div>\n            <\/div>\n\n        \t\t\t\t<\/div>\n\t\t\t\t<\/div>\n\t\t\t\t\t<\/div>\n\t\t<\/div>\n\t\t\t\t\t<\/div>\n\t\t<\/section>\n\t\t\t\t\t<\/div>\n\t\t<\/div>\n\t\t\t\t\t<\/div>\n\t\t<\/section>\n\t\t\t\t<section class=\"elementor-section elementor-top-section elementor-element elementor-element-a16e58c elementor-section-boxed elementor-section-height-default elementor-section-height-default\" data-id=\"a16e58c\" data-element_type=\"section\" data-e-type=\"section\" data-settings=\"{&quot;background_background&quot;:&quot;gradient&quot;,&quot;shape_divider_bottom&quot;:&quot;mountains&quot;}\">\n\t\t\t\t\t<div class=\"elementor-shape elementor-shape-bottom\" aria-hidden=\"true\" data-negative=\"false\">\n\t\t\t<svg xmlns=\"http:\/\/www.w3.org\/2000\/svg\" viewBox=\"0 0 1000 100\" preserveAspectRatio=\"none\">\n\t<path class=\"elementor-shape-fill\" opacity=\"0.33\" d=\"M473,67.3c-203.9,88.3-263.1-34-320.3,0C66,119.1,0,59.7,0,59.7V0h1000v59.7 c0,0-62.1,26.1-94.9,29.3c-32.8,3.3-62.8-12.3-75.8-22.1C806,49.6,745.3,8.7,694.9,4.7S492.4,59,473,67.3z\"\/>\n\t<path class=\"elementor-shape-fill\" opacity=\"0.66\" d=\"M734,67.3c-45.5,0-77.2-23.2-129.1-39.1c-28.6-8.7-150.3-10.1-254,39.1 s-91.7-34.4-149.2,0C115.7,118.3,0,39.8,0,39.8V0h1000v36.5c0,0-28.2-18.5-92.1-18.5C810.2,18.1,775.7,67.3,734,67.3z\"\/>\n\t<path class=\"elementor-shape-fill\" d=\"M766.1,28.9c-200-57.5-266,65.5-395.1,19.5C242,1.8,242,5.4,184.8,20.6C128,35.8,132.3,44.9,89.9,52.5C28.6,63.7,0,0,0,0 h1000c0,0-9.9,40.9-83.6,48.1S829.6,47,766.1,28.9z\"\/>\n<\/svg>\t\t<\/div>\n\t\t\t\t\t<div class=\"elementor-container elementor-column-gap-default\">\n\t\t\t\t\t<div class=\"elementor-column elementor-col-100 elementor-top-column elementor-element elementor-element-2e61d8bd\" data-id=\"2e61d8bd\" data-element_type=\"column\" data-e-type=\"column\">\n\t\t\t<div class=\"elementor-widget-wrap elementor-element-populated\">\n\t\t\t\t\t\t\t<\/div>\n\t\t<\/div>\n\t\t\t\t\t<\/div>\n\t\t<\/section>\n\t\t\t\t<\/div>\n\t\t","protected":false},"excerpt":{"rendered":"<p>coordinaci\u00f3n de gesti\u00f3n curricular de los pnf y pnfa En la Transformaci\u00f3n Universitaria planes de estudio de PNF pnf electr\u00f3nica Soporte b\u00e1sico para impulsar el desarrollo tecnol\u00f3gico en distintas \u00e1reas.&hellip;<\/p>\n","protected":false},"author":1,"featured_media":0,"parent":2681,"menu_order":0,"comment_status":"closed","ping_status":"closed","template":"elementor_header_footer","meta":{"_monsterinsights_skip_tracking":false,"_monsterinsights_sitenote_active":false,"_monsterinsights_sitenote_note":"","_monsterinsights_sitenote_category":0,"footnotes":""},"class_list":["post-14014","page","type-page","status-publish","hentry"],"yoast_head":"<!-- This site is optimized with the Yoast SEO plugin v27.6 - https:\/\/yoast.com\/product\/yoast-seo-wordpress\/ -->\n<title>Coordinaci\u00f3n de Gesti\u00f3n Curricular de los PNF y PNFA - UPTOS Clodosbaldo Russi\u00e1n<\/title>\n<meta name=\"robots\" content=\"index, follow, max-snippet:-1, max-image-preview:large, max-video-preview:-1\" \/>\n<link rel=\"canonical\" href=\"https:\/\/www.uptos.edu.ve\/?page_id=14014\" \/>\n<meta property=\"og:locale\" content=\"es_ES\" \/>\n<meta property=\"og:type\" content=\"article\" \/>\n<meta property=\"og:title\" content=\"Coordinaci\u00f3n de Gesti\u00f3n Curricular de los PNF y PNFA - UPTOS Clodosbaldo Russi\u00e1n\" \/>\n<meta property=\"og:description\" content=\"coordinaci\u00f3n de gesti\u00f3n curricular de los pnf y pnfa En la Transformaci\u00f3n Universitaria planes de estudio de PNF pnf electr\u00f3nica Soporte b\u00e1sico para impulsar el desarrollo tecnol\u00f3gico en distintas \u00e1reas.&hellip;\" \/>\n<meta property=\"og:url\" content=\"https:\/\/www.uptos.edu.ve\/?page_id=14014\" \/>\n<meta property=\"og:site_name\" content=\"UPTOS Clodosbaldo Russi\u00e1n\" \/>\n<meta property=\"article:publisher\" content=\"https:\/\/www.facebook.com\/people\/UPTOS-Clodosbaldo-Russin\/100070891114831\/\" \/>\n<meta property=\"article:modified_time\" content=\"2024-08-07T14:41:40+00:00\" \/>\n<meta name=\"twitter:card\" content=\"summary_large_image\" \/>\n<meta name=\"twitter:label1\" content=\"Tiempo estimado de lectura\" \/>\n\t<meta name=\"twitter:data1\" content=\"2 minutos\" \/>\n<script type=\"application\/ld+json\" class=\"yoast-schema-graph\">{\"@context\":\"https:\\\/\\\/schema.org\",\"@graph\":[{\"@type\":\"WebPage\",\"@id\":\"https:\\\/\\\/www.uptos.edu.ve\\\/?page_id=14014\",\"url\":\"https:\\\/\\\/www.uptos.edu.ve\\\/?page_id=14014\",\"name\":\"Coordinaci\u00f3n de Gesti\u00f3n Curricular de los PNF y PNFA - UPTOS Clodosbaldo Russi\u00e1n\",\"isPartOf\":{\"@id\":\"\\\/#website\"},\"datePublished\":\"2024-05-06T13:45:58+00:00\",\"dateModified\":\"2024-08-07T14:41:40+00:00\",\"breadcrumb\":{\"@id\":\"https:\\\/\\\/www.uptos.edu.ve\\\/?page_id=14014#breadcrumb\"},\"inLanguage\":\"es\",\"potentialAction\":[{\"@type\":\"ReadAction\",\"target\":[\"https:\\\/\\\/www.uptos.edu.ve\\\/?page_id=14014\"]}]},{\"@type\":\"BreadcrumbList\",\"@id\":\"https:\\\/\\\/www.uptos.edu.ve\\\/?page_id=14014#breadcrumb\",\"itemListElement\":[{\"@type\":\"ListItem\",\"position\":1,\"name\":\"Home\",\"item\":\"https:\\\/\\\/www.uptos.edu.ve\\\/\"},{\"@type\":\"ListItem\",\"position\":2,\"name\":\"Rector\",\"item\":\"https:\\\/\\\/www.uptos.edu.ve\\\/?page_id=2679\"},{\"@type\":\"ListItem\",\"position\":3,\"name\":\"Vicerrector Acad\u00e9mico\",\"item\":\"https:\\\/\\\/www.uptos.edu.ve\\\/?page_id=2681\"},{\"@type\":\"ListItem\",\"position\":4,\"name\":\"Coordinaci\u00f3n de Gesti\u00f3n Curricular de los PNF y PNFA\"}]},{\"@type\":\"WebSite\",\"@id\":\"\\\/#website\",\"url\":\"\\\/\",\"name\":\"UPTOS Clodosbaldo Russi\u00e1n\",\"description\":\"Universidad Polit\u00e9cnica del Oeste de Sucre\",\"publisher\":{\"@id\":\"\\\/#organization\"},\"potentialAction\":[{\"@type\":\"SearchAction\",\"target\":{\"@type\":\"EntryPoint\",\"urlTemplate\":\"\\\/?s={search_term_string}\"},\"query-input\":{\"@type\":\"PropertyValueSpecification\",\"valueRequired\":true,\"valueName\":\"search_term_string\"}}],\"inLanguage\":\"es\"},{\"@type\":\"Organization\",\"@id\":\"\\\/#organization\",\"name\":\"UPTOS Clodosbaldo Russi\u00e1n\",\"url\":\"\\\/\",\"logo\":{\"@type\":\"ImageObject\",\"inLanguage\":\"es\",\"@id\":\"\\\/#\\\/schema\\\/logo\\\/image\\\/\",\"url\":\"https:\\\/\\\/www.uptos.edu.ve\\\/wp-content\\\/uploads\\\/2026\\\/02\\\/cropped-cropped-WhatsApp-Image-2026-02-11-at-10.17.38-PM-1.jpeg\",\"contentUrl\":\"https:\\\/\\\/www.uptos.edu.ve\\\/wp-content\\\/uploads\\\/2026\\\/02\\\/cropped-cropped-WhatsApp-Image-2026-02-11-at-10.17.38-PM-1.jpeg\",\"width\":1080,\"height\":73,\"caption\":\"UPTOS Clodosbaldo Russi\u00e1n\"},\"image\":{\"@id\":\"\\\/#\\\/schema\\\/logo\\\/image\\\/\"},\"sameAs\":[\"https:\\\/\\\/www.facebook.com\\\/people\\\/UPTOS-Clodosbaldo-Russin\\\/100070891114831\\\/\",\"http:\\\/\\\/instagram.com\\\/uptoscr_oficial\"]}]}<\/script>\n<!-- \/ Yoast SEO plugin. -->","yoast_head_json":{"title":"Coordinaci\u00f3n de Gesti\u00f3n Curricular de los PNF y PNFA - UPTOS Clodosbaldo Russi\u00e1n","robots":{"index":"index","follow":"follow","max-snippet":"max-snippet:-1","max-image-preview":"max-image-preview:large","max-video-preview":"max-video-preview:-1"},"canonical":"https:\/\/www.uptos.edu.ve\/?page_id=14014","og_locale":"es_ES","og_type":"article","og_title":"Coordinaci\u00f3n de Gesti\u00f3n Curricular de los PNF y PNFA - UPTOS Clodosbaldo Russi\u00e1n","og_description":"coordinaci\u00f3n de gesti\u00f3n curricular de los pnf y pnfa En la Transformaci\u00f3n Universitaria planes de estudio de PNF pnf electr\u00f3nica Soporte b\u00e1sico para impulsar el desarrollo tecnol\u00f3gico en distintas \u00e1reas.&hellip;","og_url":"https:\/\/www.uptos.edu.ve\/?page_id=14014","og_site_name":"UPTOS Clodosbaldo Russi\u00e1n","article_publisher":"https:\/\/www.facebook.com\/people\/UPTOS-Clodosbaldo-Russin\/100070891114831\/","article_modified_time":"2024-08-07T14:41:40+00:00","twitter_card":"summary_large_image","twitter_misc":{"Tiempo estimado de lectura":"2 minutos"},"schema":{"@context":"https:\/\/schema.org","@graph":[{"@type":"WebPage","@id":"https:\/\/www.uptos.edu.ve\/?page_id=14014","url":"https:\/\/www.uptos.edu.ve\/?page_id=14014","name":"Coordinaci\u00f3n de Gesti\u00f3n Curricular de los PNF y PNFA - UPTOS Clodosbaldo Russi\u00e1n","isPartOf":{"@id":"\/#website"},"datePublished":"2024-05-06T13:45:58+00:00","dateModified":"2024-08-07T14:41:40+00:00","breadcrumb":{"@id":"https:\/\/www.uptos.edu.ve\/?page_id=14014#breadcrumb"},"inLanguage":"es","potentialAction":[{"@type":"ReadAction","target":["https:\/\/www.uptos.edu.ve\/?page_id=14014"]}]},{"@type":"BreadcrumbList","@id":"https:\/\/www.uptos.edu.ve\/?page_id=14014#breadcrumb","itemListElement":[{"@type":"ListItem","position":1,"name":"Home","item":"https:\/\/www.uptos.edu.ve\/"},{"@type":"ListItem","position":2,"name":"Rector","item":"https:\/\/www.uptos.edu.ve\/?page_id=2679"},{"@type":"ListItem","position":3,"name":"Vicerrector Acad\u00e9mico","item":"https:\/\/www.uptos.edu.ve\/?page_id=2681"},{"@type":"ListItem","position":4,"name":"Coordinaci\u00f3n de Gesti\u00f3n Curricular de los PNF y PNFA"}]},{"@type":"WebSite","@id":"\/#website","url":"\/","name":"UPTOS Clodosbaldo Russi\u00e1n","description":"Universidad Polit\u00e9cnica del Oeste de Sucre","publisher":{"@id":"\/#organization"},"potentialAction":[{"@type":"SearchAction","target":{"@type":"EntryPoint","urlTemplate":"\/?s={search_term_string}"},"query-input":{"@type":"PropertyValueSpecification","valueRequired":true,"valueName":"search_term_string"}}],"inLanguage":"es"},{"@type":"Organization","@id":"\/#organization","name":"UPTOS Clodosbaldo Russi\u00e1n","url":"\/","logo":{"@type":"ImageObject","inLanguage":"es","@id":"\/#\/schema\/logo\/image\/","url":"https:\/\/www.uptos.edu.ve\/wp-content\/uploads\/2026\/02\/cropped-cropped-WhatsApp-Image-2026-02-11-at-10.17.38-PM-1.jpeg","contentUrl":"https:\/\/www.uptos.edu.ve\/wp-content\/uploads\/2026\/02\/cropped-cropped-WhatsApp-Image-2026-02-11-at-10.17.38-PM-1.jpeg","width":1080,"height":73,"caption":"UPTOS Clodosbaldo Russi\u00e1n"},"image":{"@id":"\/#\/schema\/logo\/image\/"},"sameAs":["https:\/\/www.facebook.com\/people\/UPTOS-Clodosbaldo-Russin\/100070891114831\/","http:\/\/instagram.com\/uptoscr_oficial"]}]}},"_links":{"self":[{"href":"https:\/\/www.uptos.edu.ve\/index.php?rest_route=\/wp\/v2\/pages\/14014","targetHints":{"allow":["GET"]}}],"collection":[{"href":"https:\/\/www.uptos.edu.ve\/index.php?rest_route=\/wp\/v2\/pages"}],"about":[{"href":"https:\/\/www.uptos.edu.ve\/index.php?rest_route=\/wp\/v2\/types\/page"}],"author":[{"embeddable":true,"href":"https:\/\/www.uptos.edu.ve\/index.php?rest_route=\/wp\/v2\/users\/1"}],"replies":[{"embeddable":true,"href":"https:\/\/www.uptos.edu.ve\/index.php?rest_route=%2Fwp%2Fv2%2Fcomments&post=14014"}],"version-history":[{"count":175,"href":"https:\/\/www.uptos.edu.ve\/index.php?rest_route=\/wp\/v2\/pages\/14014\/revisions"}],"predecessor-version":[{"id":15434,"href":"https:\/\/www.uptos.edu.ve\/index.php?rest_route=\/wp\/v2\/pages\/14014\/revisions\/15434"}],"up":[{"embeddable":true,"href":"https:\/\/www.uptos.edu.ve\/index.php?rest_route=\/wp\/v2\/pages\/2681"}],"wp:attachment":[{"href":"https:\/\/www.uptos.edu.ve\/index.php?rest_route=%2Fwp%2Fv2%2Fmedia&parent=14014"}],"curies":[{"name":"wp","href":"https:\/\/api.w.org\/{rel}","templated":true}]}}